{"id":1875,"date":"2024-03-21T11:41:21","date_gmt":"2024-03-21T11:41:21","guid":{"rendered":"https:\/\/congeladosdurango.rkinformatika.online\/?page_id=1875"},"modified":"2024-04-10T15:42:01","modified_gmt":"2024-04-10T15:42:01","slug":"servicios","status":"publish","type":"page","link":"https:\/\/congeladosdurango.com\/eus\/servicios\/","title":{"rendered":"Zerbitzuak"},"content":{"rendered":"<div data-elementor-type=\"wp-page\" data-elementor-id=\"1875\" class=\"elementor elementor-1875\" data-elementor-post-type=\"page\">\n\t\t\t\t\t\t<section class=\"elementor-section elementor-top-section elementor-element elementor-element-72df80f1 elementor-section-boxed elementor-section-height-default elementor-section-height-default elementor-invisible\" data-id=\"72df80f1\" data-element_type=\"section\" data-e-type=\"section\" data-settings=\"{&quot;background_background&quot;:&quot;classic&quot;,&quot;animation&quot;:&quot;fadeIn&quot;}\">\n\t\t\t\t\t\t\t<div class=\"elementor-background-overlay\"><\/div>\n\t\t\t\t\t\t\t<div class=\"elementor-container elementor-column-gap-default\">\n\t\t\t\t\t<div class=\"elementor-column elementor-col-100 elementor-top-column elementor-element elementor-element-467c956c\" data-id=\"467c956c\" data-element_type=\"column\" data-e-type=\"column\">\n\t\t\t<div class=\"elementor-widget-wrap elementor-element-populated\">\n\t\t\t\t\t\t<section class=\"elementor-section elementor-inner-section elementor-element elementor-element-38c80849 elementor-section-full_width elementor-section-height-default elementor-section-height-default\" data-id=\"38c80849\" data-element_type=\"section\" data-e-type=\"section\">\n\t\t\t\t\t\t<div class=\"elementor-container elementor-column-gap-no\">\n\t\t\t\t\t<div class=\"elementor-column elementor-col-50 elementor-inner-column elementor-element elementor-element-5236201a\" data-id=\"5236201a\" data-element_type=\"column\" data-e-type=\"column\">\n\t\t\t<div class=\"elementor-widget-wrap elementor-element-populated\">\n\t\t\t\t\t\t<div class=\"elementor-element elementor-element-69b3055b elementor-widget__width-initial elementor-invisible elementor-widget elementor-widget-heading\" data-id=\"69b3055b\" data-element_type=\"widget\" data-e-type=\"widget\" data-settings=\"{&quot;_animation&quot;:&quot;fadeInDown&quot;}\" data-widget_type=\"heading.default\">\n\t\t\t\t<div class=\"elementor-widget-container\">\n\t\t\t\t\t<h1 class=\"elementor-heading-title elementor-size-default\">Zerbitzuak<\/h1>\t\t\t\t<\/div>\n\t\t\t\t<\/div>\n\t\t\t\t\t<\/div>\n\t\t<\/div>\n\t\t\t\t<div class=\"elementor-column elementor-col-50 elementor-inner-column elementor-element elementor-element-50eb70d0 elementor-hidden-tablet elementor-hidden-phone\" data-id=\"50eb70d0\" data-element_type=\"column\" data-e-type=\"column\">\n\t\t\t<div class=\"elementor-widget-wrap\">\n\t\t\t\t\t\t\t<\/div>\n\t\t<\/div>\n\t\t\t\t\t<\/div>\n\t\t<\/section>\n\t\t\t\t\t<\/div>\n\t\t<\/div>\n\t\t\t\t\t<\/div>\n\t\t<\/section>\n\t\t\t\t<section class=\"elementor-section elementor-top-section elementor-element elementor-element-627d7fcc elementor-section-full_width elementor-section-height-default elementor-section-height-default elementor-invisible\" data-id=\"627d7fcc\" data-element_type=\"section\" data-e-type=\"section\" data-settings=\"{&quot;background_background&quot;:&quot;classic&quot;,&quot;animation&quot;:&quot;fadeIn&quot;}\">\n\t\t\t\t\t\t<div class=\"elementor-container elementor-column-gap-no\">\n\t\t\t\t\t<div class=\"elementor-column elementor-col-100 elementor-top-column elementor-element elementor-element-66300a3d\" data-id=\"66300a3d\" data-element_type=\"column\" data-e-type=\"column\">\n\t\t\t<div class=\"elementor-widget-wrap elementor-element-populated\">\n\t\t\t\t\t\t<section class=\"elementor-section elementor-inner-section elementor-element elementor-element-68d93728 elementor-section-full_width elementor-section-height-default elementor-section-height-default\" data-id=\"68d93728\" data-element_type=\"section\" data-e-type=\"section\">\n\t\t\t\t\t\t<div class=\"elementor-container elementor-column-gap-no\">\n\t\t\t\t\t<div class=\"elementor-column elementor-col-50 elementor-inner-column elementor-element elementor-element-41970d2f\" data-id=\"41970d2f\" data-element_type=\"column\" data-e-type=\"column\">\n\t\t\t<div class=\"elementor-widget-wrap elementor-element-populated\">\n\t\t\t\t\t\t<div class=\"elementor-element elementor-element-3b2f4dd9 elementor-invisible elementor-widget elementor-widget-heading\" data-id=\"3b2f4dd9\" data-element_type=\"widget\" data-e-type=\"widget\" data-settings=\"{&quot;_animation&quot;:&quot;fadeIn&quot;,&quot;_animation_delay&quot;:700}\" data-widget_type=\"heading.default\">\n\t\t\t\t<div class=\"elementor-widget-container\">\n\t\t\t\t\t<h3 class=\"elementor-heading-title elementor-size-default\">Venta directa mediante el cami\u00f3n tienda.<\/h3>\t\t\t\t<\/div>\n\t\t\t\t<\/div>\n\t\t\t\t<div class=\"elementor-element elementor-element-176e0176 elementor-invisible elementor-widget elementor-widget-text-editor\" data-id=\"176e0176\" data-element_type=\"widget\" data-e-type=\"widget\" data-settings=\"{&quot;_animation&quot;:&quot;fadeIn&quot;,&quot;_animation_delay&quot;:800}\" data-widget_type=\"text-editor.default\">\n\t\t\t\t<div class=\"elementor-widget-container\">\n\t\t\t\t\t\t\t\t\t<p>Nuestro cami\u00f3n tienda ofrece un servicio de ventas en las zonas de Durango, Amorebieta, Markina, Bolivar, Munitibar y m\u00e1s. Nos dedicamos a brindar productos de calidad con atenci\u00f3n al cliente excepcional. Simplificamos la experiencia de compra llevando la comodidad directamente a su localidad. Estamos comprometidos con la satisfacci\u00f3n del cliente y esperamos seguir sirviendo a estas comunidades con excelencia.<\/p>\t\t\t\t\t\t\t\t<\/div>\n\t\t\t\t<\/div>\n\t\t\t\t\t<\/div>\n\t\t<\/div>\n\t\t\t\t<div class=\"elementor-column elementor-col-50 elementor-inner-column elementor-element elementor-element-60876c60\" data-id=\"60876c60\" data-element_type=\"column\" data-e-type=\"column\">\n\t\t\t<div class=\"elementor-widget-wrap elementor-element-populated\">\n\t\t\t\t\t\t<div class=\"elementor-element elementor-element-3f363585 elementor-invisible elementor-widget elementor-widget-image\" data-id=\"3f363585\" data-element_type=\"widget\" data-e-type=\"widget\" data-settings=\"{&quot;_animation&quot;:&quot;fadeIn&quot;,&quot;_animation_delay&quot;:700}\" data-widget_type=\"image.default\">\n\t\t\t\t<div class=\"elementor-widget-container\">\n\t\t\t\t\t\t\t\t\t\t\t\t\t\t\t<img fetchpriority=\"high\" decoding=\"async\" width=\"2048\" height=\"1537\" src=\"https:\/\/congeladosdurango.com\/wp-content\/uploads\/2024\/04\/WhatsApp-Image-2024-04-10-at-17.12.24.jpeg\" class=\"attachment-full size-full wp-image-2194\" alt=\"\" srcset=\"https:\/\/congeladosdurango.com\/wp-content\/uploads\/2024\/04\/WhatsApp-Image-2024-04-10-at-17.12.24.jpeg 2048w, https:\/\/congeladosdurango.com\/wp-content\/uploads\/2024\/04\/WhatsApp-Image-2024-04-10-at-17.12.24-300x225.jpeg 300w, https:\/\/congeladosdurango.com\/wp-content\/uploads\/2024\/04\/WhatsApp-Image-2024-04-10-at-17.12.24-1024x769.jpeg 1024w, https:\/\/congeladosdurango.com\/wp-content\/uploads\/2024\/04\/WhatsApp-Image-2024-04-10-at-17.12.24-768x576.jpeg 768w, https:\/\/congeladosdurango.com\/wp-content\/uploads\/2024\/04\/WhatsApp-Image-2024-04-10-at-17.12.24-1536x1153.jpeg 1536w, https:\/\/congeladosdurango.com\/wp-content\/uploads\/2024\/04\/WhatsApp-Image-2024-04-10-at-17.12.24-16x12.jpeg 16w, https:\/\/congeladosdurango.com\/wp-content\/uploads\/2024\/04\/WhatsApp-Image-2024-04-10-at-17.12.24-1320x991.jpeg 1320w, https:\/\/congeladosdurango.com\/wp-content\/uploads\/2024\/04\/WhatsApp-Image-2024-04-10-at-17.12.24-1000x750.jpeg 1000w\" sizes=\"(max-width: 2048px) 100vw, 2048px\" \/>\t\t\t\t\t\t\t\t\t\t\t\t\t\t\t<\/div>\n\t\t\t\t<\/div>\n\t\t\t\t\t<\/div>\n\t\t<\/div>\n\t\t\t\t\t<\/div>\n\t\t<\/section>\n\t\t\t\t\t<\/div>\n\t\t<\/div>\n\t\t\t\t\t<\/div>\n\t\t<\/section>\n\t\t\t\t<section class=\"elementor-section elementor-top-section elementor-element elementor-element-608dc8eb elementor-section-full_width elementor-section-height-default elementor-section-height-default elementor-invisible\" data-id=\"608dc8eb\" data-element_type=\"section\" data-e-type=\"section\" data-settings=\"{&quot;background_background&quot;:&quot;classic&quot;,&quot;animation&quot;:&quot;fadeIn&quot;}\">\n\t\t\t\t\t\t<div class=\"elementor-container elementor-column-gap-no\">\n\t\t\t\t\t<div class=\"elementor-column elementor-col-100 elementor-top-column elementor-element elementor-element-2ae67765\" data-id=\"2ae67765\" data-element_type=\"column\" data-e-type=\"column\">\n\t\t\t<div class=\"elementor-widget-wrap elementor-element-populated\">\n\t\t\t\t\t\t<section class=\"elementor-section elementor-inner-section elementor-element elementor-element-30dfe5fd elementor-section-full_width elementor-section-content-middle elementor-reverse-mobile elementor-section-height-default elementor-section-height-default\" data-id=\"30dfe5fd\" data-element_type=\"section\" data-e-type=\"section\">\n\t\t\t\t\t\t<div class=\"elementor-container elementor-column-gap-default\">\n\t\t\t\t\t<div class=\"elementor-column elementor-col-50 elementor-inner-column elementor-element elementor-element-d030792\" data-id=\"d030792\" data-element_type=\"column\" data-e-type=\"column\">\n\t\t\t<div class=\"elementor-widget-wrap elementor-element-populated\">\n\t\t\t\t\t\t<div class=\"elementor-element elementor-element-78e6add7 elementor-invisible elementor-widget elementor-widget-image\" data-id=\"78e6add7\" data-element_type=\"widget\" data-e-type=\"widget\" data-settings=\"{&quot;_animation&quot;:&quot;fadeIn&quot;,&quot;_animation_delay&quot;:400}\" data-widget_type=\"image.default\">\n\t\t\t\t<div class=\"elementor-widget-container\">\n\t\t\t\t\t\t\t\t\t\t\t\t\t\t\t<img decoding=\"async\" width=\"9248\" height=\"6944\" src=\"https:\/\/congeladosdurango.com\/wp-content\/uploads\/2024\/03\/IMG20240129112721.jpg\" class=\"attachment-full size-full wp-image-1945\" alt=\"\" \/>\t\t\t\t\t\t\t\t\t\t\t\t\t\t\t<\/div>\n\t\t\t\t<\/div>\n\t\t\t\t\t<\/div>\n\t\t<\/div>\n\t\t\t\t<div class=\"elementor-column elementor-col-50 elementor-inner-column elementor-element elementor-element-a54bb34\" data-id=\"a54bb34\" data-element_type=\"column\" data-e-type=\"column\">\n\t\t\t<div class=\"elementor-widget-wrap elementor-element-populated\">\n\t\t\t\t\t\t<div class=\"elementor-element elementor-element-eebcc62 elementor-invisible elementor-widget elementor-widget-heading\" data-id=\"eebcc62\" data-element_type=\"widget\" data-e-type=\"widget\" data-settings=\"{&quot;_animation&quot;:&quot;fadeIn&quot;,&quot;_animation_delay&quot;:700}\" data-widget_type=\"heading.default\">\n\t\t\t\t<div class=\"elementor-widget-container\">\n\t\t\t\t\t<h3 class=\"elementor-heading-title elementor-size-default\">Venta en tienda F\u00edsica<\/h3>\t\t\t\t<\/div>\n\t\t\t\t<\/div>\n\t\t\t\t<div class=\"elementor-element elementor-element-262bbbab elementor-invisible elementor-widget elementor-widget-text-editor\" data-id=\"262bbbab\" data-element_type=\"widget\" data-e-type=\"widget\" data-settings=\"{&quot;_animation&quot;:&quot;fadeIn&quot;,&quot;_animation_delay&quot;:800}\" data-widget_type=\"text-editor.default\">\n\t\t\t\t<div class=\"elementor-widget-container\">\n\t\t\t\t\t\t\t\t\t<p>Tambi\u00e9n nos complace ofrecer una amplia variedad de productos en nuestra tienda f\u00edsica ubicada en Durango. Desde precocinados hasta postres y mucho m\u00e1s, contamos con una selecci\u00f3n diversa para satisfacer los gustos y necesidades de nuestros clientes. Nuestro compromiso es proporcionar productos de calidad y una experiencia de compra satisfactoria para todos los que nos visitan. \u00a1Esperamos darle la bienvenida pronto a nuestra tienda!<\/p>\t\t\t\t\t\t\t\t<\/div>\n\t\t\t\t<\/div>\n\t\t\t\t\t<\/div>\n\t\t<\/div>\n\t\t\t\t\t<\/div>\n\t\t<\/section>\n\t\t\t\t\t<\/div>\n\t\t<\/div>\n\t\t\t\t\t<\/div>\n\t\t<\/section>\n\t\t\t\t<\/div>","protected":false},"excerpt":{"rendered":"<p>Servicios Venta directa mediante el cami\u00f3n tienda. Nuestro cami\u00f3n tienda ofrece un servicio de ventas en las zonas de Durango, Amorebieta, Markina, Bolivar, Munitibar y m\u00e1s. Nos dedicamos a brindar productos de calidad con atenci\u00f3n al cliente excepcional. Simplificamos la experiencia de compra llevando la comodidad directamente a su localidad. Estamos comprometidos con la satisfacci\u00f3n [&hellip;]<\/p>\n","protected":false},"author":1,"featured_media":0,"parent":0,"menu_order":0,"comment_status":"closed","ping_status":"closed","template":"elementor_canvas","meta":{"footnotes":""},"class_list":["post-1875","page","type-page","status-publish","hentry"],"yoast_head":"<!-- This site is optimized with the Yoast SEO plugin v27.5 - https:\/\/yoast.com\/product\/yoast-seo-wordpress\/ -->\n<title>Servicios - Congelados Durango<\/title>\n<meta name=\"robots\" content=\"index, follow, max-snippet:-1, max-image-preview:large, max-video-preview:-1\" \/>\n<link rel=\"canonical\" href=\"https:\/\/congeladosdurango.com\/eus\/servicios\/\" \/>\n<meta property=\"og:locale\" content=\"en_US\" \/>\n<meta property=\"og:type\" content=\"article\" \/>\n<meta property=\"og:title\" content=\"Servicios - Congelados Durango\" \/>\n<meta property=\"og:description\" content=\"Servicios Venta directa mediante el cami\u00f3n tienda. Nuestro cami\u00f3n tienda ofrece un servicio de ventas en las zonas de Durango, Amorebieta, Markina, Bolivar, Munitibar y m\u00e1s. Nos dedicamos a brindar productos de calidad con atenci\u00f3n al cliente excepcional. Simplificamos la experiencia de compra llevando la comodidad directamente a su localidad. Estamos comprometidos con la satisfacci\u00f3n [&hellip;]\" \/>\n<meta property=\"og:url\" content=\"https:\/\/congeladosdurango.com\/eus\/servicios\/\" \/>\n<meta property=\"og:site_name\" content=\"Congelados Durango\" \/>\n<meta property=\"article:modified_time\" content=\"2024-04-10T15:42:01+00:00\" \/>\n<meta property=\"og:image\" content=\"https:\/\/congeladosdurango.com\/wp-content\/uploads\/2024\/04\/WhatsApp-Image-2024-04-10-at-17.12.24.jpeg\" \/>\n<meta name=\"twitter:card\" content=\"summary_large_image\" \/>\n<meta name=\"twitter:label1\" content=\"Est. reading time\" \/>\n\t<meta name=\"twitter:data1\" content=\"2 minutua\" \/>\n<script type=\"application\/ld+json\" class=\"yoast-schema-graph\">{\"@context\":\"https:\\\/\\\/schema.org\",\"@graph\":[{\"@type\":\"WebPage\",\"@id\":\"https:\\\/\\\/congeladosdurango.com\\\/servicios\\\/\",\"url\":\"https:\\\/\\\/congeladosdurango.com\\\/servicios\\\/\",\"name\":\"Servicios - Congelados Durango\",\"isPartOf\":{\"@id\":\"https:\\\/\\\/congeladosdurango.com\\\/#website\"},\"primaryImageOfPage\":{\"@id\":\"https:\\\/\\\/congeladosdurango.com\\\/servicios\\\/#primaryimage\"},\"image\":{\"@id\":\"https:\\\/\\\/congeladosdurango.com\\\/servicios\\\/#primaryimage\"},\"thumbnailUrl\":\"https:\\\/\\\/congeladosdurango.com\\\/wp-content\\\/uploads\\\/2024\\\/04\\\/WhatsApp-Image-2024-04-10-at-17.12.24.jpeg\",\"datePublished\":\"2024-03-21T11:41:21+00:00\",\"dateModified\":\"2024-04-10T15:42:01+00:00\",\"breadcrumb\":{\"@id\":\"https:\\\/\\\/congeladosdurango.com\\\/servicios\\\/#breadcrumb\"},\"inLanguage\":\"eu\",\"potentialAction\":[{\"@type\":\"ReadAction\",\"target\":[\"https:\\\/\\\/congeladosdurango.com\\\/servicios\\\/\"]}]},{\"@type\":\"ImageObject\",\"inLanguage\":\"eu\",\"@id\":\"https:\\\/\\\/congeladosdurango.com\\\/servicios\\\/#primaryimage\",\"url\":\"https:\\\/\\\/congeladosdurango.com\\\/wp-content\\\/uploads\\\/2024\\\/04\\\/WhatsApp-Image-2024-04-10-at-17.12.24.jpeg\",\"contentUrl\":\"https:\\\/\\\/congeladosdurango.com\\\/wp-content\\\/uploads\\\/2024\\\/04\\\/WhatsApp-Image-2024-04-10-at-17.12.24.jpeg\"},{\"@type\":\"BreadcrumbList\",\"@id\":\"https:\\\/\\\/congeladosdurango.com\\\/servicios\\\/#breadcrumb\",\"itemListElement\":[{\"@type\":\"ListItem\",\"position\":1,\"name\":\"Home\",\"item\":\"https:\\\/\\\/congeladosdurango.com\\\/\"},{\"@type\":\"ListItem\",\"position\":2,\"name\":\"Servicios\"}]},{\"@type\":\"WebSite\",\"@id\":\"https:\\\/\\\/congeladosdurango.com\\\/#website\",\"url\":\"https:\\\/\\\/congeladosdurango.com\\\/\",\"name\":\"Congelados Durango\",\"description\":\"\",\"publisher\":{\"@id\":\"https:\\\/\\\/congeladosdurango.com\\\/#organization\"},\"potentialAction\":[{\"@type\":\"SearchAction\",\"target\":{\"@type\":\"EntryPoint\",\"urlTemplate\":\"https:\\\/\\\/congeladosdurango.com\\\/?s={search_term_string}\"},\"query-input\":{\"@type\":\"PropertyValueSpecification\",\"valueRequired\":true,\"valueName\":\"search_term_string\"}}],\"inLanguage\":\"eu\"},{\"@type\":\"Organization\",\"@id\":\"https:\\\/\\\/congeladosdurango.com\\\/#organization\",\"name\":\"Congelados Durango\",\"url\":\"https:\\\/\\\/congeladosdurango.com\\\/\",\"logo\":{\"@type\":\"ImageObject\",\"inLanguage\":\"eu\",\"@id\":\"https:\\\/\\\/congeladosdurango.com\\\/#\\\/schema\\\/logo\\\/image\\\/\",\"url\":\"https:\\\/\\\/congeladosdurango.com\\\/wp-content\\\/uploads\\\/2024\\\/03\\\/cropped-WhatsApp-Image-2024-02-05-at-10.32.16.jpeg\",\"contentUrl\":\"https:\\\/\\\/congeladosdurango.com\\\/wp-content\\\/uploads\\\/2024\\\/03\\\/cropped-WhatsApp-Image-2024-02-05-at-10.32.16.jpeg\",\"width\":2048,\"height\":680,\"caption\":\"Congelados Durango\"},\"image\":{\"@id\":\"https:\\\/\\\/congeladosdurango.com\\\/#\\\/schema\\\/logo\\\/image\\\/\"}}]}<\/script>\n<!-- \/ Yoast SEO plugin. -->","yoast_head_json":{"title":"Servicios - Congelados Durango","robots":{"index":"index","follow":"follow","max-snippet":"max-snippet:-1","max-image-preview":"max-image-preview:large","max-video-preview":"max-video-preview:-1"},"canonical":"https:\/\/congeladosdurango.com\/eus\/servicios\/","og_locale":"en_US","og_type":"article","og_title":"Servicios - Congelados Durango","og_description":"Servicios Venta directa mediante el cami\u00f3n tienda. Nuestro cami\u00f3n tienda ofrece un servicio de ventas en las zonas de Durango, Amorebieta, Markina, Bolivar, Munitibar y m\u00e1s. Nos dedicamos a brindar productos de calidad con atenci\u00f3n al cliente excepcional. Simplificamos la experiencia de compra llevando la comodidad directamente a su localidad. Estamos comprometidos con la satisfacci\u00f3n [&hellip;]","og_url":"https:\/\/congeladosdurango.com\/eus\/servicios\/","og_site_name":"Congelados Durango","article_modified_time":"2024-04-10T15:42:01+00:00","og_image":[{"url":"https:\/\/congeladosdurango.com\/wp-content\/uploads\/2024\/04\/WhatsApp-Image-2024-04-10-at-17.12.24.jpeg","type":"","width":"","height":""}],"twitter_card":"summary_large_image","twitter_misc":{"Est. reading time":"2 minutua"},"schema":{"@context":"https:\/\/schema.org","@graph":[{"@type":"WebPage","@id":"https:\/\/congeladosdurango.com\/servicios\/","url":"https:\/\/congeladosdurango.com\/servicios\/","name":"Servicios - Congelados Durango","isPartOf":{"@id":"https:\/\/congeladosdurango.com\/#website"},"primaryImageOfPage":{"@id":"https:\/\/congeladosdurango.com\/servicios\/#primaryimage"},"image":{"@id":"https:\/\/congeladosdurango.com\/servicios\/#primaryimage"},"thumbnailUrl":"https:\/\/congeladosdurango.com\/wp-content\/uploads\/2024\/04\/WhatsApp-Image-2024-04-10-at-17.12.24.jpeg","datePublished":"2024-03-21T11:41:21+00:00","dateModified":"2024-04-10T15:42:01+00:00","breadcrumb":{"@id":"https:\/\/congeladosdurango.com\/servicios\/#breadcrumb"},"inLanguage":"eu","potentialAction":[{"@type":"ReadAction","target":["https:\/\/congeladosdurango.com\/servicios\/"]}]},{"@type":"ImageObject","inLanguage":"eu","@id":"https:\/\/congeladosdurango.com\/servicios\/#primaryimage","url":"https:\/\/congeladosdurango.com\/wp-content\/uploads\/2024\/04\/WhatsApp-Image-2024-04-10-at-17.12.24.jpeg","contentUrl":"https:\/\/congeladosdurango.com\/wp-content\/uploads\/2024\/04\/WhatsApp-Image-2024-04-10-at-17.12.24.jpeg"},{"@type":"BreadcrumbList","@id":"https:\/\/congeladosdurango.com\/servicios\/#breadcrumb","itemListElement":[{"@type":"ListItem","position":1,"name":"Home","item":"https:\/\/congeladosdurango.com\/"},{"@type":"ListItem","position":2,"name":"Servicios"}]},{"@type":"WebSite","@id":"https:\/\/congeladosdurango.com\/#website","url":"https:\/\/congeladosdurango.com\/","name":"Congelados Durango","description":"","publisher":{"@id":"https:\/\/congeladosdurango.com\/#organization"},"potentialAction":[{"@type":"SearchAction","target":{"@type":"EntryPoint","urlTemplate":"https:\/\/congeladosdurango.com\/?s={search_term_string}"},"query-input":{"@type":"PropertyValueSpecification","valueRequired":true,"valueName":"search_term_string"}}],"inLanguage":"eu"},{"@type":"Organization","@id":"https:\/\/congeladosdurango.com\/#organization","name":"Congelados Durango","url":"https:\/\/congeladosdurango.com\/","logo":{"@type":"ImageObject","inLanguage":"eu","@id":"https:\/\/congeladosdurango.com\/#\/schema\/logo\/image\/","url":"https:\/\/congeladosdurango.com\/wp-content\/uploads\/2024\/03\/cropped-WhatsApp-Image-2024-02-05-at-10.32.16.jpeg","contentUrl":"https:\/\/congeladosdurango.com\/wp-content\/uploads\/2024\/03\/cropped-WhatsApp-Image-2024-02-05-at-10.32.16.jpeg","width":2048,"height":680,"caption":"Congelados Durango"},"image":{"@id":"https:\/\/congeladosdurango.com\/#\/schema\/logo\/image\/"}}]}},"jetpack_sharing_enabled":true,"_links":{"self":[{"href":"https:\/\/congeladosdurango.com\/eus\/wp-json\/wp\/v2\/pages\/1875","targetHints":{"allow":["GET"]}}],"collection":[{"href":"https:\/\/congeladosdurango.com\/eus\/wp-json\/wp\/v2\/pages"}],"about":[{"href":"https:\/\/congeladosdurango.com\/eus\/wp-json\/wp\/v2\/types\/page"}],"author":[{"embeddable":true,"href":"https:\/\/congeladosdurango.com\/eus\/wp-json\/wp\/v2\/users\/1"}],"replies":[{"embeddable":true,"href":"https:\/\/congeladosdurango.com\/eus\/wp-json\/wp\/v2\/comments?post=1875"}],"version-history":[{"count":16,"href":"https:\/\/congeladosdurango.com\/eus\/wp-json\/wp\/v2\/pages\/1875\/revisions"}],"predecessor-version":[{"id":2197,"href":"https:\/\/congeladosdurango.com\/eus\/wp-json\/wp\/v2\/pages\/1875\/revisions\/2197"}],"wp:attachment":[{"href":"https:\/\/congeladosdurango.com\/eus\/wp-json\/wp\/v2\/media?parent=1875"}],"curies":[{"name":"wp","href":"https:\/\/api.w.org\/{rel}","templated":true}]}}