{"id":2250,"date":"2024-04-20T14:58:48","date_gmt":"2024-04-20T14:58:48","guid":{"rendered":"https:\/\/congeladosdurango.com\/?post_type=product&#038;p=2250"},"modified":"2025-01-28T07:12:11","modified_gmt":"2025-01-28T07:12:11","slug":"cremas-de-untar","status":"publish","type":"product","link":"https:\/\/congeladosdurango.com\/eus\/produktua\/cremas-de-untar\/","title":{"rendered":"CREMAS DE UNTAR"},"content":{"rendered":"","protected":false},"excerpt":{"rendered":"<p>La crema para untar de alcachofa es una opci\u00f3n deliciosa y saludable que ofrece el sabor \u00fanico y la textura cremosa de las alcachofas. Aqu\u00ed tienes una descripci\u00f3n:<\/p>\n<p>1. **Sabor distintivo**: La crema para untar de alcachofa est\u00e1 hecha con corazones de alcachofa, que tienen un sabor caracter\u00edstico ligeramente dulce y un toque terroso que los hace \u00fanicos.<\/p>\n<p>2. **Textura suave y cremosa**: Esta crema tiene una textura suave y untuosa, perfecta para untar sobre pan, galletas o para acompa\u00f1ar diferentes platos y aperitivos.<\/p>\n<p>3. **Nutrici\u00f3n y beneficios**: Las alcachofas son ricas en fibra, antioxidantes y otros nutrientes importantes, lo que hace que esta crema sea una opci\u00f3n saludable y nutritiva para agregar a tu dieta.<\/p>\n<p>4. **Versatilidad culinaria**: La crema para untar de alcachofa puede ser utilizada de diversas maneras en la cocina, como un dip para crudit\u00e9s, un relleno para bocadillos, una salsa para pastas o incluso como base para pizzas.<\/p>\n<p>En resumen, la crema para untar de alcachofa es una opci\u00f3n deliciosa y vers\u00e1til que a\u00f1ade un toque gourmet a tus platos y aperitivos, mientras disfrutas de los beneficios para la salud de las alcachofas.<\/p>\n<p>PRECIO UNIDAD<\/p>","protected":false},"featured_media":2558,"template":"","meta":[],"product_brand":[],"product_cat":[59],"product_tag":[],"class_list":{"0":"post-2250","1":"product","2":"type-product","3":"status-publish","4":"has-post-thumbnail","6":"product_cat-conservas","8":"first","9":"instock","10":"shipping-taxable","11":"purchasable","12":"product-type-simple"},"yoast_head":"<!-- This site is optimized with the Yoast SEO plugin v27.3 - https:\/\/yoast.com\/product\/yoast-seo-wordpress\/ -->\n<title>CREMAS DE UNTAR - Congelados Durango<\/title>\n<meta name=\"robots\" content=\"index, follow, max-snippet:-1, max-image-preview:large, max-video-preview:-1\" \/>\n<link rel=\"canonical\" href=\"https:\/\/congeladosdurango.com\/eus\/producto\/cremas-de-untar\/\" \/>\n<meta property=\"og:locale\" content=\"en_US\" \/>\n<meta property=\"og:type\" content=\"article\" \/>\n<meta property=\"og:title\" content=\"CREMAS DE UNTAR - Congelados Durango\" \/>\n<meta property=\"og:description\" content=\"La crema para untar de alcachofa es una opci\u00f3n deliciosa y saludable que ofrece el sabor \u00fanico y la textura cremosa de las alcachofas. Aqu\u00ed tienes una descripci\u00f3n:  1. **Sabor distintivo**: La crema para untar de alcachofa est\u00e1 hecha con corazones de alcachofa, que tienen un sabor caracter\u00edstico ligeramente dulce y un toque terroso que los hace \u00fanicos.  2. **Textura suave y cremosa**: Esta crema tiene una textura suave y untuosa, perfecta para untar sobre pan, galletas o para acompa\u00f1ar diferentes platos y aperitivos.  3. **Nutrici\u00f3n y beneficios**: Las alcachofas son ricas en fibra, antioxidantes y otros nutrientes importantes, lo que hace que esta crema sea una opci\u00f3n saludable y nutritiva para agregar a tu dieta.  4. **Versatilidad culinaria**: La crema para untar de alcachofa puede ser utilizada de diversas maneras en la cocina, como un dip para crudit\u00e9s, un relleno para bocadillos, una salsa para pastas o incluso como base para pizzas.  En resumen, la crema para untar de alcachofa es una opci\u00f3n deliciosa y vers\u00e1til que a\u00f1ade un toque gourmet a tus platos y aperitivos, mientras disfrutas de los beneficios para la salud de las alcachofas.  PRECIO UNIDAD\" \/>\n<meta property=\"og:url\" content=\"https:\/\/congeladosdurango.com\/eus\/producto\/cremas-de-untar\/\" \/>\n<meta property=\"og:site_name\" content=\"Congelados Durango\" \/>\n<meta property=\"article:modified_time\" content=\"2025-01-28T07:12:11+00:00\" \/>\n<meta property=\"og:image\" content=\"https:\/\/congeladosdurango.com\/wp-content\/uploads\/2024\/04\/Photoroom-20240426_160902.png\" \/>\n\t<meta property=\"og:image:width\" content=\"1080\" \/>\n\t<meta property=\"og:image:height\" content=\"953\" \/>\n\t<meta property=\"og:image:type\" content=\"image\/png\" \/>\n<meta name=\"twitter:card\" content=\"summary_large_image\" \/>\n<meta name=\"twitter:label1\" content=\"Est. reading time\" \/>\n\t<meta name=\"twitter:data1\" content=\"1 minutua\" \/>\n<script type=\"application\/ld+json\" class=\"yoast-schema-graph\">{\"@context\":\"https:\\\/\\\/schema.org\",\"@graph\":[{\"@type\":\"WebPage\",\"@id\":\"https:\\\/\\\/congeladosdurango.com\\\/producto\\\/cremas-de-untar\\\/\",\"url\":\"https:\\\/\\\/congeladosdurango.com\\\/producto\\\/cremas-de-untar\\\/\",\"name\":\"CREMAS DE UNTAR - Congelados Durango\",\"isPartOf\":{\"@id\":\"https:\\\/\\\/congeladosdurango.com\\\/#website\"},\"primaryImageOfPage\":{\"@id\":\"https:\\\/\\\/congeladosdurango.com\\\/producto\\\/cremas-de-untar\\\/#primaryimage\"},\"image\":{\"@id\":\"https:\\\/\\\/congeladosdurango.com\\\/producto\\\/cremas-de-untar\\\/#primaryimage\"},\"thumbnailUrl\":\"https:\\\/\\\/congeladosdurango.com\\\/wp-content\\\/uploads\\\/2024\\\/04\\\/Photoroom-20240426_160902.png\",\"datePublished\":\"2024-04-20T14:58:48+00:00\",\"dateModified\":\"2025-01-28T07:12:11+00:00\",\"breadcrumb\":{\"@id\":\"https:\\\/\\\/congeladosdurango.com\\\/producto\\\/cremas-de-untar\\\/#breadcrumb\"},\"inLanguage\":\"eu\",\"potentialAction\":[{\"@type\":\"ReadAction\",\"target\":[\"https:\\\/\\\/congeladosdurango.com\\\/producto\\\/cremas-de-untar\\\/\"]}]},{\"@type\":\"ImageObject\",\"inLanguage\":\"eu\",\"@id\":\"https:\\\/\\\/congeladosdurango.com\\\/producto\\\/cremas-de-untar\\\/#primaryimage\",\"url\":\"https:\\\/\\\/congeladosdurango.com\\\/wp-content\\\/uploads\\\/2024\\\/04\\\/Photoroom-20240426_160902.png\",\"contentUrl\":\"https:\\\/\\\/congeladosdurango.com\\\/wp-content\\\/uploads\\\/2024\\\/04\\\/Photoroom-20240426_160902.png\",\"width\":1080,\"height\":953},{\"@type\":\"BreadcrumbList\",\"@id\":\"https:\\\/\\\/congeladosdurango.com\\\/producto\\\/cremas-de-untar\\\/#breadcrumb\",\"itemListElement\":[{\"@type\":\"ListItem\",\"position\":1,\"name\":\"Home\",\"item\":\"https:\\\/\\\/congeladosdurango.com\\\/\"},{\"@type\":\"ListItem\",\"position\":2,\"name\":\"Shop\",\"item\":\"https:\\\/\\\/congeladosdurango.com\\\/shop\\\/\"},{\"@type\":\"ListItem\",\"position\":3,\"name\":\"CREMAS DE UNTAR\"}]},{\"@type\":\"WebSite\",\"@id\":\"https:\\\/\\\/congeladosdurango.com\\\/#website\",\"url\":\"https:\\\/\\\/congeladosdurango.com\\\/\",\"name\":\"Congelados Durango\",\"description\":\"\",\"publisher\":{\"@id\":\"https:\\\/\\\/congeladosdurango.com\\\/#organization\"},\"potentialAction\":[{\"@type\":\"SearchAction\",\"target\":{\"@type\":\"EntryPoint\",\"urlTemplate\":\"https:\\\/\\\/congeladosdurango.com\\\/?s={search_term_string}\"},\"query-input\":{\"@type\":\"PropertyValueSpecification\",\"valueRequired\":true,\"valueName\":\"search_term_string\"}}],\"inLanguage\":\"eu\"},{\"@type\":\"Organization\",\"@id\":\"https:\\\/\\\/congeladosdurango.com\\\/#organization\",\"name\":\"Congelados Durango\",\"url\":\"https:\\\/\\\/congeladosdurango.com\\\/\",\"logo\":{\"@type\":\"ImageObject\",\"inLanguage\":\"eu\",\"@id\":\"https:\\\/\\\/congeladosdurango.com\\\/#\\\/schema\\\/logo\\\/image\\\/\",\"url\":\"https:\\\/\\\/congeladosdurango.com\\\/wp-content\\\/uploads\\\/2024\\\/03\\\/cropped-WhatsApp-Image-2024-02-05-at-10.32.16.jpeg\",\"contentUrl\":\"https:\\\/\\\/congeladosdurango.com\\\/wp-content\\\/uploads\\\/2024\\\/03\\\/cropped-WhatsApp-Image-2024-02-05-at-10.32.16.jpeg\",\"width\":2048,\"height\":680,\"caption\":\"Congelados Durango\"},\"image\":{\"@id\":\"https:\\\/\\\/congeladosdurango.com\\\/#\\\/schema\\\/logo\\\/image\\\/\"}}]}<\/script>\n<!-- \/ Yoast SEO plugin. -->","yoast_head_json":{"title":"CREMAS DE UNTAR - Congelados Durango","robots":{"index":"index","follow":"follow","max-snippet":"max-snippet:-1","max-image-preview":"max-image-preview:large","max-video-preview":"max-video-preview:-1"},"canonical":"https:\/\/congeladosdurango.com\/eus\/producto\/cremas-de-untar\/","og_locale":"en_US","og_type":"article","og_title":"CREMAS DE UNTAR - Congelados Durango","og_description":"La crema para untar de alcachofa es una opci\u00f3n deliciosa y saludable que ofrece el sabor \u00fanico y la textura cremosa de las alcachofas. Aqu\u00ed tienes una descripci\u00f3n:  1. **Sabor distintivo**: La crema para untar de alcachofa est\u00e1 hecha con corazones de alcachofa, que tienen un sabor caracter\u00edstico ligeramente dulce y un toque terroso que los hace \u00fanicos.  2. **Textura suave y cremosa**: Esta crema tiene una textura suave y untuosa, perfecta para untar sobre pan, galletas o para acompa\u00f1ar diferentes platos y aperitivos.  3. **Nutrici\u00f3n y beneficios**: Las alcachofas son ricas en fibra, antioxidantes y otros nutrientes importantes, lo que hace que esta crema sea una opci\u00f3n saludable y nutritiva para agregar a tu dieta.  4. **Versatilidad culinaria**: La crema para untar de alcachofa puede ser utilizada de diversas maneras en la cocina, como un dip para crudit\u00e9s, un relleno para bocadillos, una salsa para pastas o incluso como base para pizzas.  En resumen, la crema para untar de alcachofa es una opci\u00f3n deliciosa y vers\u00e1til que a\u00f1ade un toque gourmet a tus platos y aperitivos, mientras disfrutas de los beneficios para la salud de las alcachofas.  PRECIO UNIDAD","og_url":"https:\/\/congeladosdurango.com\/eus\/producto\/cremas-de-untar\/","og_site_name":"Congelados Durango","article_modified_time":"2025-01-28T07:12:11+00:00","og_image":[{"width":1080,"height":953,"url":"https:\/\/congeladosdurango.com\/wp-content\/uploads\/2024\/04\/Photoroom-20240426_160902.png","type":"image\/png"}],"twitter_card":"summary_large_image","twitter_misc":{"Est. reading time":"1 minutua"},"schema":{"@context":"https:\/\/schema.org","@graph":[{"@type":"WebPage","@id":"https:\/\/congeladosdurango.com\/producto\/cremas-de-untar\/","url":"https:\/\/congeladosdurango.com\/producto\/cremas-de-untar\/","name":"CREMAS DE UNTAR - Congelados Durango","isPartOf":{"@id":"https:\/\/congeladosdurango.com\/#website"},"primaryImageOfPage":{"@id":"https:\/\/congeladosdurango.com\/producto\/cremas-de-untar\/#primaryimage"},"image":{"@id":"https:\/\/congeladosdurango.com\/producto\/cremas-de-untar\/#primaryimage"},"thumbnailUrl":"https:\/\/congeladosdurango.com\/wp-content\/uploads\/2024\/04\/Photoroom-20240426_160902.png","datePublished":"2024-04-20T14:58:48+00:00","dateModified":"2025-01-28T07:12:11+00:00","breadcrumb":{"@id":"https:\/\/congeladosdurango.com\/producto\/cremas-de-untar\/#breadcrumb"},"inLanguage":"eu","potentialAction":[{"@type":"ReadAction","target":["https:\/\/congeladosdurango.com\/producto\/cremas-de-untar\/"]}]},{"@type":"ImageObject","inLanguage":"eu","@id":"https:\/\/congeladosdurango.com\/producto\/cremas-de-untar\/#primaryimage","url":"https:\/\/congeladosdurango.com\/wp-content\/uploads\/2024\/04\/Photoroom-20240426_160902.png","contentUrl":"https:\/\/congeladosdurango.com\/wp-content\/uploads\/2024\/04\/Photoroom-20240426_160902.png","width":1080,"height":953},{"@type":"BreadcrumbList","@id":"https:\/\/congeladosdurango.com\/producto\/cremas-de-untar\/#breadcrumb","itemListElement":[{"@type":"ListItem","position":1,"name":"Home","item":"https:\/\/congeladosdurango.com\/"},{"@type":"ListItem","position":2,"name":"Shop","item":"https:\/\/congeladosdurango.com\/shop\/"},{"@type":"ListItem","position":3,"name":"CREMAS DE UNTAR"}]},{"@type":"WebSite","@id":"https:\/\/congeladosdurango.com\/#website","url":"https:\/\/congeladosdurango.com\/","name":"Congelados Durango","description":"","publisher":{"@id":"https:\/\/congeladosdurango.com\/#organization"},"potentialAction":[{"@type":"SearchAction","target":{"@type":"EntryPoint","urlTemplate":"https:\/\/congeladosdurango.com\/?s={search_term_string}"},"query-input":{"@type":"PropertyValueSpecification","valueRequired":true,"valueName":"search_term_string"}}],"inLanguage":"eu"},{"@type":"Organization","@id":"https:\/\/congeladosdurango.com\/#organization","name":"Congelados Durango","url":"https:\/\/congeladosdurango.com\/","logo":{"@type":"ImageObject","inLanguage":"eu","@id":"https:\/\/congeladosdurango.com\/#\/schema\/logo\/image\/","url":"https:\/\/congeladosdurango.com\/wp-content\/uploads\/2024\/03\/cropped-WhatsApp-Image-2024-02-05-at-10.32.16.jpeg","contentUrl":"https:\/\/congeladosdurango.com\/wp-content\/uploads\/2024\/03\/cropped-WhatsApp-Image-2024-02-05-at-10.32.16.jpeg","width":2048,"height":680,"caption":"Congelados Durango"},"image":{"@id":"https:\/\/congeladosdurango.com\/#\/schema\/logo\/image\/"}}]}},"jetpack_sharing_enabled":true,"_links":{"self":[{"href":"https:\/\/congeladosdurango.com\/eus\/wp-json\/wp\/v2\/product\/2250","targetHints":{"allow":["GET"]}}],"collection":[{"href":"https:\/\/congeladosdurango.com\/eus\/wp-json\/wp\/v2\/product"}],"about":[{"href":"https:\/\/congeladosdurango.com\/eus\/wp-json\/wp\/v2\/types\/product"}],"wp:featuredmedia":[{"embeddable":true,"href":"https:\/\/congeladosdurango.com\/eus\/wp-json\/wp\/v2\/media\/2558"}],"wp:attachment":[{"href":"https:\/\/congeladosdurango.com\/eus\/wp-json\/wp\/v2\/media?parent=2250"}],"wp:term":[{"taxonomy":"product_brand","embeddable":true,"href":"https:\/\/congeladosdurango.com\/eus\/wp-json\/wp\/v2\/product_brand?post=2250"},{"taxonomy":"product_cat","embeddable":true,"href":"https:\/\/congeladosdurango.com\/eus\/wp-json\/wp\/v2\/product_cat?post=2250"},{"taxonomy":"product_tag","embeddable":true,"href":"https:\/\/congeladosdurango.com\/eus\/wp-json\/wp\/v2\/product_tag?post=2250"}],"curies":[{"name":"wp","href":"https:\/\/api.w.org\/{rel}","templated":true}]}}