{"id":2252,"date":"2024-04-20T15:07:22","date_gmt":"2024-04-20T15:07:22","guid":{"rendered":"https:\/\/congeladosdurango.com\/?post_type=product&#038;p=2252"},"modified":"2025-05-14T06:09:02","modified_gmt":"2025-05-14T06:09:02","slug":"sardinilla-en-aceite-de-oliva","status":"publish","type":"product","link":"https:\/\/congeladosdurango.com\/eus\/produktua\/sardinilla-en-aceite-de-oliva\/","title":{"rendered":"SARDINILLA EN ACEITE DE OLIVA"},"content":{"rendered":"","protected":false},"excerpt":{"rendered":"<p>Las sardinillas en aceite de oliva de las R\u00edas Baixas son una exquisitez culinaria que combina la frescura del mar con la calidad del aceite de oliva. Aqu\u00ed tienes una descripci\u00f3n:<\/p>\n<p>1. **Procedencia de las R\u00edas Baixas**: Las sardinillas son capturadas en las aguas de las R\u00edas Baixas, una regi\u00f3n costera del noroeste de Espa\u00f1a conocida por su riqueza marina y sus productos del mar de alta calidad.<\/p>\n<p>2. **Aceite de oliva virgen extra**: Las sardinillas se conservan en aceite de oliva virgen extra, un aceite de oliva de m\u00e1xima calidad que realza su sabor y les aporta una textura suave y jugosa.<\/p>\n<p>3. **Sabor y frescura**: Las sardinillas en aceite de oliva de las R\u00edas Baixas tienen un sabor caracter\u00edstico y fresco, con un equilibrio perfecto entre el sabor del pescado y el aceite de oliva, que las hace irresistibles para los amantes del marisco.<\/p>\n<p>4. **Versatilidad culinaria**: Son perfectas como aperitivo, para tapas, ensaladas, bocadillos o como ingrediente en platos de pasta o arroz. Adem\u00e1s, su presentaci\u00f3n en latas o frascos herm\u00e9ticos garantiza su frescura y conservaci\u00f3n.<\/p>\n<p>En resumen, las sardinillas en aceite de oliva de las R\u00edas Baixas son un manjar que refleja la tradici\u00f3n culinaria y la calidad de los productos del mar de esta regi\u00f3n espa\u00f1ola.<\/p>\n<p>PRECIO UNIDAD<\/p>","protected":false},"featured_media":2560,"template":"","meta":[],"product_brand":[],"product_cat":[59],"product_tag":[],"class_list":{"0":"post-2252","1":"product","2":"type-product","3":"status-publish","4":"has-post-thumbnail","6":"product_cat-conservas","8":"first","9":"instock","10":"shipping-taxable","11":"purchasable","12":"product-type-simple"},"yoast_head":"<!-- This site is optimized with the Yoast SEO plugin v27.5 - https:\/\/yoast.com\/product\/yoast-seo-wordpress\/ -->\n<title>SARDINILLA EN ACEITE DE OLIVA - Congelados Durango<\/title>\n<meta name=\"robots\" content=\"index, follow, max-snippet:-1, max-image-preview:large, max-video-preview:-1\" \/>\n<link rel=\"canonical\" href=\"https:\/\/congeladosdurango.com\/eus\/produktua\/sardinilla-en-aceite-de-oliva\/\" \/>\n<meta property=\"og:locale\" content=\"en_US\" \/>\n<meta property=\"og:type\" content=\"article\" \/>\n<meta property=\"og:title\" content=\"SARDINILLA EN ACEITE DE OLIVA - Congelados Durango\" \/>\n<meta property=\"og:description\" content=\"Las sardinillas en aceite de oliva de las R\u00edas Baixas son una exquisitez culinaria que combina la frescura del mar con la calidad del aceite de oliva. Aqu\u00ed tienes una descripci\u00f3n:  1. **Procedencia de las R\u00edas Baixas**: Las sardinillas son capturadas en las aguas de las R\u00edas Baixas, una regi\u00f3n costera del noroeste de Espa\u00f1a conocida por su riqueza marina y sus productos del mar de alta calidad.  2. **Aceite de oliva virgen extra**: Las sardinillas se conservan en aceite de oliva virgen extra, un aceite de oliva de m\u00e1xima calidad que realza su sabor y les aporta una textura suave y jugosa.  3. **Sabor y frescura**: Las sardinillas en aceite de oliva de las R\u00edas Baixas tienen un sabor caracter\u00edstico y fresco, con un equilibrio perfecto entre el sabor del pescado y el aceite de oliva, que las hace irresistibles para los amantes del marisco.  4. **Versatilidad culinaria**: Son perfectas como aperitivo, para tapas, ensaladas, bocadillos o como ingrediente en platos de pasta o arroz. Adem\u00e1s, su presentaci\u00f3n en latas o frascos herm\u00e9ticos garantiza su frescura y conservaci\u00f3n.  En resumen, las sardinillas en aceite de oliva de las R\u00edas Baixas son un manjar que refleja la tradici\u00f3n culinaria y la calidad de los productos del mar de esta regi\u00f3n espa\u00f1ola.  PRECIO UNIDAD\" \/>\n<meta property=\"og:url\" content=\"https:\/\/congeladosdurango.com\/eus\/produktua\/sardinilla-en-aceite-de-oliva\/\" \/>\n<meta property=\"og:site_name\" content=\"Congelados Durango\" \/>\n<meta property=\"article:modified_time\" content=\"2025-05-14T06:09:02+00:00\" \/>\n<meta property=\"og:image\" content=\"https:\/\/congeladosdurango.com\/wp-content\/uploads\/2024\/04\/Photoroom-20240426_161751-1024x886.png\" \/>\n\t<meta property=\"og:image:width\" content=\"1024\" \/>\n\t<meta property=\"og:image:height\" content=\"886\" \/>\n\t<meta property=\"og:image:type\" content=\"image\/png\" \/>\n<meta name=\"twitter:card\" content=\"summary_large_image\" \/>\n<meta name=\"twitter:label1\" content=\"Est. reading time\" \/>\n\t<meta name=\"twitter:data1\" content=\"1 minutua\" \/>\n<script type=\"application\/ld+json\" class=\"yoast-schema-graph\">{\"@context\":\"https:\\\/\\\/schema.org\",\"@graph\":[{\"@type\":\"WebPage\",\"@id\":\"https:\\\/\\\/congeladosdurango.com\\\/producto\\\/sardinilla-en-aceite-de-oliva\\\/\",\"url\":\"https:\\\/\\\/congeladosdurango.com\\\/producto\\\/sardinilla-en-aceite-de-oliva\\\/\",\"name\":\"SARDINILLA EN ACEITE DE OLIVA - Congelados Durango\",\"isPartOf\":{\"@id\":\"https:\\\/\\\/congeladosdurango.com\\\/#website\"},\"primaryImageOfPage\":{\"@id\":\"https:\\\/\\\/congeladosdurango.com\\\/producto\\\/sardinilla-en-aceite-de-oliva\\\/#primaryimage\"},\"image\":{\"@id\":\"https:\\\/\\\/congeladosdurango.com\\\/producto\\\/sardinilla-en-aceite-de-oliva\\\/#primaryimage\"},\"thumbnailUrl\":\"https:\\\/\\\/congeladosdurango.com\\\/wp-content\\\/uploads\\\/2024\\\/04\\\/Photoroom-20240426_161751.png\",\"datePublished\":\"2024-04-20T15:07:22+00:00\",\"dateModified\":\"2025-05-14T06:09:02+00:00\",\"breadcrumb\":{\"@id\":\"https:\\\/\\\/congeladosdurango.com\\\/producto\\\/sardinilla-en-aceite-de-oliva\\\/#breadcrumb\"},\"inLanguage\":\"eu\",\"potentialAction\":[{\"@type\":\"ReadAction\",\"target\":[\"https:\\\/\\\/congeladosdurango.com\\\/producto\\\/sardinilla-en-aceite-de-oliva\\\/\"]}]},{\"@type\":\"ImageObject\",\"inLanguage\":\"eu\",\"@id\":\"https:\\\/\\\/congeladosdurango.com\\\/producto\\\/sardinilla-en-aceite-de-oliva\\\/#primaryimage\",\"url\":\"https:\\\/\\\/congeladosdurango.com\\\/wp-content\\\/uploads\\\/2024\\\/04\\\/Photoroom-20240426_161751.png\",\"contentUrl\":\"https:\\\/\\\/congeladosdurango.com\\\/wp-content\\\/uploads\\\/2024\\\/04\\\/Photoroom-20240426_161751.png\",\"width\":1080,\"height\":934},{\"@type\":\"BreadcrumbList\",\"@id\":\"https:\\\/\\\/congeladosdurango.com\\\/producto\\\/sardinilla-en-aceite-de-oliva\\\/#breadcrumb\",\"itemListElement\":[{\"@type\":\"ListItem\",\"position\":1,\"name\":\"Home\",\"item\":\"https:\\\/\\\/congeladosdurango.com\\\/\"},{\"@type\":\"ListItem\",\"position\":2,\"name\":\"Shop\",\"item\":\"https:\\\/\\\/congeladosdurango.com\\\/shop\\\/\"},{\"@type\":\"ListItem\",\"position\":3,\"name\":\"SARDINILLA EN ACEITE DE OLIVA\"}]},{\"@type\":\"WebSite\",\"@id\":\"https:\\\/\\\/congeladosdurango.com\\\/#website\",\"url\":\"https:\\\/\\\/congeladosdurango.com\\\/\",\"name\":\"Congelados Durango\",\"description\":\"\",\"publisher\":{\"@id\":\"https:\\\/\\\/congeladosdurango.com\\\/#organization\"},\"potentialAction\":[{\"@type\":\"SearchAction\",\"target\":{\"@type\":\"EntryPoint\",\"urlTemplate\":\"https:\\\/\\\/congeladosdurango.com\\\/?s={search_term_string}\"},\"query-input\":{\"@type\":\"PropertyValueSpecification\",\"valueRequired\":true,\"valueName\":\"search_term_string\"}}],\"inLanguage\":\"eu\"},{\"@type\":\"Organization\",\"@id\":\"https:\\\/\\\/congeladosdurango.com\\\/#organization\",\"name\":\"Congelados Durango\",\"url\":\"https:\\\/\\\/congeladosdurango.com\\\/\",\"logo\":{\"@type\":\"ImageObject\",\"inLanguage\":\"eu\",\"@id\":\"https:\\\/\\\/congeladosdurango.com\\\/#\\\/schema\\\/logo\\\/image\\\/\",\"url\":\"https:\\\/\\\/congeladosdurango.com\\\/wp-content\\\/uploads\\\/2024\\\/03\\\/cropped-WhatsApp-Image-2024-02-05-at-10.32.16.jpeg\",\"contentUrl\":\"https:\\\/\\\/congeladosdurango.com\\\/wp-content\\\/uploads\\\/2024\\\/03\\\/cropped-WhatsApp-Image-2024-02-05-at-10.32.16.jpeg\",\"width\":2048,\"height\":680,\"caption\":\"Congelados Durango\"},\"image\":{\"@id\":\"https:\\\/\\\/congeladosdurango.com\\\/#\\\/schema\\\/logo\\\/image\\\/\"}}]}<\/script>\n<!-- \/ Yoast SEO plugin. -->","yoast_head_json":{"title":"SARDINILLA EN ACEITE DE OLIVA - Congelados Durango","robots":{"index":"index","follow":"follow","max-snippet":"max-snippet:-1","max-image-preview":"max-image-preview:large","max-video-preview":"max-video-preview:-1"},"canonical":"https:\/\/congeladosdurango.com\/eus\/produktua\/sardinilla-en-aceite-de-oliva\/","og_locale":"en_US","og_type":"article","og_title":"SARDINILLA EN ACEITE DE OLIVA - Congelados Durango","og_description":"Las sardinillas en aceite de oliva de las R\u00edas Baixas son una exquisitez culinaria que combina la frescura del mar con la calidad del aceite de oliva. Aqu\u00ed tienes una descripci\u00f3n:  1. **Procedencia de las R\u00edas Baixas**: Las sardinillas son capturadas en las aguas de las R\u00edas Baixas, una regi\u00f3n costera del noroeste de Espa\u00f1a conocida por su riqueza marina y sus productos del mar de alta calidad.  2. **Aceite de oliva virgen extra**: Las sardinillas se conservan en aceite de oliva virgen extra, un aceite de oliva de m\u00e1xima calidad que realza su sabor y les aporta una textura suave y jugosa.  3. **Sabor y frescura**: Las sardinillas en aceite de oliva de las R\u00edas Baixas tienen un sabor caracter\u00edstico y fresco, con un equilibrio perfecto entre el sabor del pescado y el aceite de oliva, que las hace irresistibles para los amantes del marisco.  4. **Versatilidad culinaria**: Son perfectas como aperitivo, para tapas, ensaladas, bocadillos o como ingrediente en platos de pasta o arroz. Adem\u00e1s, su presentaci\u00f3n en latas o frascos herm\u00e9ticos garantiza su frescura y conservaci\u00f3n.  En resumen, las sardinillas en aceite de oliva de las R\u00edas Baixas son un manjar que refleja la tradici\u00f3n culinaria y la calidad de los productos del mar de esta regi\u00f3n espa\u00f1ola.  PRECIO UNIDAD","og_url":"https:\/\/congeladosdurango.com\/eus\/produktua\/sardinilla-en-aceite-de-oliva\/","og_site_name":"Congelados Durango","article_modified_time":"2025-05-14T06:09:02+00:00","og_image":[{"width":1024,"height":886,"url":"https:\/\/congeladosdurango.com\/wp-content\/uploads\/2024\/04\/Photoroom-20240426_161751-1024x886.png","type":"image\/png"}],"twitter_card":"summary_large_image","twitter_misc":{"Est. reading time":"1 minutua"},"schema":{"@context":"https:\/\/schema.org","@graph":[{"@type":"WebPage","@id":"https:\/\/congeladosdurango.com\/producto\/sardinilla-en-aceite-de-oliva\/","url":"https:\/\/congeladosdurango.com\/producto\/sardinilla-en-aceite-de-oliva\/","name":"SARDINILLA EN ACEITE DE OLIVA - Congelados Durango","isPartOf":{"@id":"https:\/\/congeladosdurango.com\/#website"},"primaryImageOfPage":{"@id":"https:\/\/congeladosdurango.com\/producto\/sardinilla-en-aceite-de-oliva\/#primaryimage"},"image":{"@id":"https:\/\/congeladosdurango.com\/producto\/sardinilla-en-aceite-de-oliva\/#primaryimage"},"thumbnailUrl":"https:\/\/congeladosdurango.com\/wp-content\/uploads\/2024\/04\/Photoroom-20240426_161751.png","datePublished":"2024-04-20T15:07:22+00:00","dateModified":"2025-05-14T06:09:02+00:00","breadcrumb":{"@id":"https:\/\/congeladosdurango.com\/producto\/sardinilla-en-aceite-de-oliva\/#breadcrumb"},"inLanguage":"eu","potentialAction":[{"@type":"ReadAction","target":["https:\/\/congeladosdurango.com\/producto\/sardinilla-en-aceite-de-oliva\/"]}]},{"@type":"ImageObject","inLanguage":"eu","@id":"https:\/\/congeladosdurango.com\/producto\/sardinilla-en-aceite-de-oliva\/#primaryimage","url":"https:\/\/congeladosdurango.com\/wp-content\/uploads\/2024\/04\/Photoroom-20240426_161751.png","contentUrl":"https:\/\/congeladosdurango.com\/wp-content\/uploads\/2024\/04\/Photoroom-20240426_161751.png","width":1080,"height":934},{"@type":"BreadcrumbList","@id":"https:\/\/congeladosdurango.com\/producto\/sardinilla-en-aceite-de-oliva\/#breadcrumb","itemListElement":[{"@type":"ListItem","position":1,"name":"Home","item":"https:\/\/congeladosdurango.com\/"},{"@type":"ListItem","position":2,"name":"Shop","item":"https:\/\/congeladosdurango.com\/shop\/"},{"@type":"ListItem","position":3,"name":"SARDINILLA EN ACEITE DE OLIVA"}]},{"@type":"WebSite","@id":"https:\/\/congeladosdurango.com\/#website","url":"https:\/\/congeladosdurango.com\/","name":"Congelados Durango","description":"","publisher":{"@id":"https:\/\/congeladosdurango.com\/#organization"},"potentialAction":[{"@type":"SearchAction","target":{"@type":"EntryPoint","urlTemplate":"https:\/\/congeladosdurango.com\/?s={search_term_string}"},"query-input":{"@type":"PropertyValueSpecification","valueRequired":true,"valueName":"search_term_string"}}],"inLanguage":"eu"},{"@type":"Organization","@id":"https:\/\/congeladosdurango.com\/#organization","name":"Congelados Durango","url":"https:\/\/congeladosdurango.com\/","logo":{"@type":"ImageObject","inLanguage":"eu","@id":"https:\/\/congeladosdurango.com\/#\/schema\/logo\/image\/","url":"https:\/\/congeladosdurango.com\/wp-content\/uploads\/2024\/03\/cropped-WhatsApp-Image-2024-02-05-at-10.32.16.jpeg","contentUrl":"https:\/\/congeladosdurango.com\/wp-content\/uploads\/2024\/03\/cropped-WhatsApp-Image-2024-02-05-at-10.32.16.jpeg","width":2048,"height":680,"caption":"Congelados Durango"},"image":{"@id":"https:\/\/congeladosdurango.com\/#\/schema\/logo\/image\/"}}]}},"jetpack_sharing_enabled":true,"_links":{"self":[{"href":"https:\/\/congeladosdurango.com\/eus\/wp-json\/wp\/v2\/product\/2252","targetHints":{"allow":["GET"]}}],"collection":[{"href":"https:\/\/congeladosdurango.com\/eus\/wp-json\/wp\/v2\/product"}],"about":[{"href":"https:\/\/congeladosdurango.com\/eus\/wp-json\/wp\/v2\/types\/product"}],"wp:featuredmedia":[{"embeddable":true,"href":"https:\/\/congeladosdurango.com\/eus\/wp-json\/wp\/v2\/media\/2560"}],"wp:attachment":[{"href":"https:\/\/congeladosdurango.com\/eus\/wp-json\/wp\/v2\/media?parent=2252"}],"wp:term":[{"taxonomy":"product_brand","embeddable":true,"href":"https:\/\/congeladosdurango.com\/eus\/wp-json\/wp\/v2\/product_brand?post=2252"},{"taxonomy":"product_cat","embeddable":true,"href":"https:\/\/congeladosdurango.com\/eus\/wp-json\/wp\/v2\/product_cat?post=2252"},{"taxonomy":"product_tag","embeddable":true,"href":"https:\/\/congeladosdurango.com\/eus\/wp-json\/wp\/v2\/product_tag?post=2252"}],"curies":[{"name":"wp","href":"https:\/\/api.w.org\/{rel}","templated":true}]}}