{"id":2266,"date":"2024-04-21T14:11:44","date_gmt":"2024-04-21T14:11:44","guid":{"rendered":"https:\/\/congeladosdurango.com\/?post_type=product&#038;p=2266"},"modified":"2024-04-23T16:08:32","modified_gmt":"2024-04-23T16:08:32","slug":"croqueta-de-pulpo","status":"publish","type":"product","link":"https:\/\/congeladosdurango.com\/eus\/produktua\/croqueta-de-pulpo\/","title":{"rendered":"CROQUETA DE PULPO"},"content":{"rendered":"","protected":false},"excerpt":{"rendered":"<p>Las croquetas de pulpo son una delicia culinaria que combina la textura suave y cremosa de las croquetas con el sabor \u00fanico del pulpo. Aqu\u00ed tienes una descripci\u00f3n:<\/p>\n<p>1. **Relleno**: El relleno de las croquetas de pulpo se prepara con pulpo cocido y picado finamente, mezclado con una bechamel espesa y aromatizado con ajo, perejil, piment\u00f3n y otras especias al gusto. Tambi\u00e9n pueden incluir trozos peque\u00f1os de patata para darle consistencia.<\/p>\n<p>2. **Masa**: La masa de las croquetas se hace tradicionalmente con harina, leche y mantequilla, formando una bechamel que se mezcla con el pulpo. Despu\u00e9s de enfriar, se forman las croquetas, se pasan por huevo batido y pan rallado y se fr\u00eden en aceite caliente hasta que est\u00e9n doradas y crujientes por fuera.<\/p>\n<p>3. **Sabor**: Las croquetas de pulpo tienen un sabor intenso y delicioso a marisco, con el caracter\u00edstico sabor a pulpo y un toque de especias que realza su sabor.<\/p>\n<p>4. **Presentaci\u00f3n**: Se sirven calientes y se pueden acompa\u00f1ar con una salsa alioli, mayonesa de ajo o una salsa picante para dar un toque extra de sabor.<\/p>\n<p>En resumen, las croquetas de pulpo son una opci\u00f3n deliciosa y original para disfrutar como aperitivo o entrante en cualquier ocasi\u00f3n especial, que combina la tradici\u00f3n de las croquetas con el exquisito sabor del pulpo.<\/p>\n<p>PRECIO KILO<\/p>","protected":false},"featured_media":2451,"template":"","meta":[],"product_brand":[],"product_cat":[74,46,75],"product_tag":[],"class_list":{"0":"post-2266","1":"product","2":"type-product","3":"status-publish","4":"has-post-thumbnail","6":"product_cat-croquetas-y-empanadillas","7":"product_cat-precocinados","8":"product_cat-precocinados-de-marisco","10":"first","11":"instock","12":"shipping-taxable","13":"purchasable","14":"product-type-simple"},"yoast_head":"<!-- This site is optimized with the Yoast SEO plugin v27.5 - https:\/\/yoast.com\/product\/yoast-seo-wordpress\/ -->\n<title>CROQUETA DE PULPO - Congelados Durango<\/title>\n<meta name=\"robots\" content=\"index, follow, max-snippet:-1, max-image-preview:large, max-video-preview:-1\" \/>\n<link rel=\"canonical\" href=\"https:\/\/congeladosdurango.com\/eus\/produktua\/croqueta-de-pulpo\/\" \/>\n<meta property=\"og:locale\" content=\"en_US\" \/>\n<meta property=\"og:type\" content=\"article\" \/>\n<meta property=\"og:title\" content=\"CROQUETA DE PULPO - Congelados Durango\" \/>\n<meta property=\"og:description\" content=\"Las croquetas de pulpo son una delicia culinaria que combina la textura suave y cremosa de las croquetas con el sabor \u00fanico del pulpo. Aqu\u00ed tienes una descripci\u00f3n:  1. **Relleno**: El relleno de las croquetas de pulpo se prepara con pulpo cocido y picado finamente, mezclado con una bechamel espesa y aromatizado con ajo, perejil, piment\u00f3n y otras especias al gusto. Tambi\u00e9n pueden incluir trozos peque\u00f1os de patata para darle consistencia.  2. **Masa**: La masa de las croquetas se hace tradicionalmente con harina, leche y mantequilla, formando una bechamel que se mezcla con el pulpo. Despu\u00e9s de enfriar, se forman las croquetas, se pasan por huevo batido y pan rallado y se fr\u00eden en aceite caliente hasta que est\u00e9n doradas y crujientes por fuera.  3. **Sabor**: Las croquetas de pulpo tienen un sabor intenso y delicioso a marisco, con el caracter\u00edstico sabor a pulpo y un toque de especias que realza su sabor.  4. **Presentaci\u00f3n**: Se sirven calientes y se pueden acompa\u00f1ar con una salsa alioli, mayonesa de ajo o una salsa picante para dar un toque extra de sabor.  En resumen, las croquetas de pulpo son una opci\u00f3n deliciosa y original para disfrutar como aperitivo o entrante en cualquier ocasi\u00f3n especial, que combina la tradici\u00f3n de las croquetas con el exquisito sabor del pulpo.  PRECIO KILO\" \/>\n<meta property=\"og:url\" content=\"https:\/\/congeladosdurango.com\/eus\/produktua\/croqueta-de-pulpo\/\" \/>\n<meta property=\"og:site_name\" content=\"Congelados Durango\" \/>\n<meta property=\"article:modified_time\" content=\"2024-04-23T16:08:32+00:00\" \/>\n<meta property=\"og:image\" content=\"https:\/\/congeladosdurango.com\/wp-content\/uploads\/2024\/04\/CROQUETA-DE-PULPO.png\" \/>\n\t<meta property=\"og:image:width\" content=\"1019\" \/>\n\t<meta property=\"og:image:height\" content=\"951\" \/>\n\t<meta property=\"og:image:type\" content=\"image\/png\" \/>\n<meta name=\"twitter:card\" content=\"summary_large_image\" \/>\n<meta name=\"twitter:label1\" content=\"Est. reading time\" \/>\n\t<meta name=\"twitter:data1\" content=\"1 minutua\" \/>\n<script type=\"application\/ld+json\" class=\"yoast-schema-graph\">{\"@context\":\"https:\\\/\\\/schema.org\",\"@graph\":[{\"@type\":\"WebPage\",\"@id\":\"https:\\\/\\\/congeladosdurango.com\\\/producto\\\/croqueta-de-pulpo\\\/\",\"url\":\"https:\\\/\\\/congeladosdurango.com\\\/producto\\\/croqueta-de-pulpo\\\/\",\"name\":\"CROQUETA DE PULPO - Congelados Durango\",\"isPartOf\":{\"@id\":\"https:\\\/\\\/congeladosdurango.com\\\/#website\"},\"primaryImageOfPage\":{\"@id\":\"https:\\\/\\\/congeladosdurango.com\\\/producto\\\/croqueta-de-pulpo\\\/#primaryimage\"},\"image\":{\"@id\":\"https:\\\/\\\/congeladosdurango.com\\\/producto\\\/croqueta-de-pulpo\\\/#primaryimage\"},\"thumbnailUrl\":\"https:\\\/\\\/congeladosdurango.com\\\/wp-content\\\/uploads\\\/2024\\\/04\\\/CROQUETA-DE-PULPO.png\",\"datePublished\":\"2024-04-21T14:11:44+00:00\",\"dateModified\":\"2024-04-23T16:08:32+00:00\",\"breadcrumb\":{\"@id\":\"https:\\\/\\\/congeladosdurango.com\\\/producto\\\/croqueta-de-pulpo\\\/#breadcrumb\"},\"inLanguage\":\"eu\",\"potentialAction\":[{\"@type\":\"ReadAction\",\"target\":[\"https:\\\/\\\/congeladosdurango.com\\\/producto\\\/croqueta-de-pulpo\\\/\"]}]},{\"@type\":\"ImageObject\",\"inLanguage\":\"eu\",\"@id\":\"https:\\\/\\\/congeladosdurango.com\\\/producto\\\/croqueta-de-pulpo\\\/#primaryimage\",\"url\":\"https:\\\/\\\/congeladosdurango.com\\\/wp-content\\\/uploads\\\/2024\\\/04\\\/CROQUETA-DE-PULPO.png\",\"contentUrl\":\"https:\\\/\\\/congeladosdurango.com\\\/wp-content\\\/uploads\\\/2024\\\/04\\\/CROQUETA-DE-PULPO.png\",\"width\":1019,\"height\":951},{\"@type\":\"BreadcrumbList\",\"@id\":\"https:\\\/\\\/congeladosdurango.com\\\/producto\\\/croqueta-de-pulpo\\\/#breadcrumb\",\"itemListElement\":[{\"@type\":\"ListItem\",\"position\":1,\"name\":\"Home\",\"item\":\"https:\\\/\\\/congeladosdurango.com\\\/\"},{\"@type\":\"ListItem\",\"position\":2,\"name\":\"Shop\",\"item\":\"https:\\\/\\\/congeladosdurango.com\\\/shop\\\/\"},{\"@type\":\"ListItem\",\"position\":3,\"name\":\"CROQUETA DE PULPO\"}]},{\"@type\":\"WebSite\",\"@id\":\"https:\\\/\\\/congeladosdurango.com\\\/#website\",\"url\":\"https:\\\/\\\/congeladosdurango.com\\\/\",\"name\":\"Congelados Durango\",\"description\":\"\",\"publisher\":{\"@id\":\"https:\\\/\\\/congeladosdurango.com\\\/#organization\"},\"potentialAction\":[{\"@type\":\"SearchAction\",\"target\":{\"@type\":\"EntryPoint\",\"urlTemplate\":\"https:\\\/\\\/congeladosdurango.com\\\/?s={search_term_string}\"},\"query-input\":{\"@type\":\"PropertyValueSpecification\",\"valueRequired\":true,\"valueName\":\"search_term_string\"}}],\"inLanguage\":\"eu\"},{\"@type\":\"Organization\",\"@id\":\"https:\\\/\\\/congeladosdurango.com\\\/#organization\",\"name\":\"Congelados Durango\",\"url\":\"https:\\\/\\\/congeladosdurango.com\\\/\",\"logo\":{\"@type\":\"ImageObject\",\"inLanguage\":\"eu\",\"@id\":\"https:\\\/\\\/congeladosdurango.com\\\/#\\\/schema\\\/logo\\\/image\\\/\",\"url\":\"https:\\\/\\\/congeladosdurango.com\\\/wp-content\\\/uploads\\\/2024\\\/03\\\/cropped-WhatsApp-Image-2024-02-05-at-10.32.16.jpeg\",\"contentUrl\":\"https:\\\/\\\/congeladosdurango.com\\\/wp-content\\\/uploads\\\/2024\\\/03\\\/cropped-WhatsApp-Image-2024-02-05-at-10.32.16.jpeg\",\"width\":2048,\"height\":680,\"caption\":\"Congelados Durango\"},\"image\":{\"@id\":\"https:\\\/\\\/congeladosdurango.com\\\/#\\\/schema\\\/logo\\\/image\\\/\"}}]}<\/script>\n<!-- \/ Yoast SEO plugin. -->","yoast_head_json":{"title":"CROQUETA DE PULPO - Congelados Durango","robots":{"index":"index","follow":"follow","max-snippet":"max-snippet:-1","max-image-preview":"max-image-preview:large","max-video-preview":"max-video-preview:-1"},"canonical":"https:\/\/congeladosdurango.com\/eus\/produktua\/croqueta-de-pulpo\/","og_locale":"en_US","og_type":"article","og_title":"CROQUETA DE PULPO - Congelados Durango","og_description":"Las croquetas de pulpo son una delicia culinaria que combina la textura suave y cremosa de las croquetas con el sabor \u00fanico del pulpo. Aqu\u00ed tienes una descripci\u00f3n:  1. **Relleno**: El relleno de las croquetas de pulpo se prepara con pulpo cocido y picado finamente, mezclado con una bechamel espesa y aromatizado con ajo, perejil, piment\u00f3n y otras especias al gusto. Tambi\u00e9n pueden incluir trozos peque\u00f1os de patata para darle consistencia.  2. **Masa**: La masa de las croquetas se hace tradicionalmente con harina, leche y mantequilla, formando una bechamel que se mezcla con el pulpo. Despu\u00e9s de enfriar, se forman las croquetas, se pasan por huevo batido y pan rallado y se fr\u00eden en aceite caliente hasta que est\u00e9n doradas y crujientes por fuera.  3. **Sabor**: Las croquetas de pulpo tienen un sabor intenso y delicioso a marisco, con el caracter\u00edstico sabor a pulpo y un toque de especias que realza su sabor.  4. **Presentaci\u00f3n**: Se sirven calientes y se pueden acompa\u00f1ar con una salsa alioli, mayonesa de ajo o una salsa picante para dar un toque extra de sabor.  En resumen, las croquetas de pulpo son una opci\u00f3n deliciosa y original para disfrutar como aperitivo o entrante en cualquier ocasi\u00f3n especial, que combina la tradici\u00f3n de las croquetas con el exquisito sabor del pulpo.  PRECIO KILO","og_url":"https:\/\/congeladosdurango.com\/eus\/produktua\/croqueta-de-pulpo\/","og_site_name":"Congelados Durango","article_modified_time":"2024-04-23T16:08:32+00:00","og_image":[{"width":1019,"height":951,"url":"https:\/\/congeladosdurango.com\/wp-content\/uploads\/2024\/04\/CROQUETA-DE-PULPO.png","type":"image\/png"}],"twitter_card":"summary_large_image","twitter_misc":{"Est. reading time":"1 minutua"},"schema":{"@context":"https:\/\/schema.org","@graph":[{"@type":"WebPage","@id":"https:\/\/congeladosdurango.com\/producto\/croqueta-de-pulpo\/","url":"https:\/\/congeladosdurango.com\/producto\/croqueta-de-pulpo\/","name":"CROQUETA DE PULPO - Congelados Durango","isPartOf":{"@id":"https:\/\/congeladosdurango.com\/#website"},"primaryImageOfPage":{"@id":"https:\/\/congeladosdurango.com\/producto\/croqueta-de-pulpo\/#primaryimage"},"image":{"@id":"https:\/\/congeladosdurango.com\/producto\/croqueta-de-pulpo\/#primaryimage"},"thumbnailUrl":"https:\/\/congeladosdurango.com\/wp-content\/uploads\/2024\/04\/CROQUETA-DE-PULPO.png","datePublished":"2024-04-21T14:11:44+00:00","dateModified":"2024-04-23T16:08:32+00:00","breadcrumb":{"@id":"https:\/\/congeladosdurango.com\/producto\/croqueta-de-pulpo\/#breadcrumb"},"inLanguage":"eu","potentialAction":[{"@type":"ReadAction","target":["https:\/\/congeladosdurango.com\/producto\/croqueta-de-pulpo\/"]}]},{"@type":"ImageObject","inLanguage":"eu","@id":"https:\/\/congeladosdurango.com\/producto\/croqueta-de-pulpo\/#primaryimage","url":"https:\/\/congeladosdurango.com\/wp-content\/uploads\/2024\/04\/CROQUETA-DE-PULPO.png","contentUrl":"https:\/\/congeladosdurango.com\/wp-content\/uploads\/2024\/04\/CROQUETA-DE-PULPO.png","width":1019,"height":951},{"@type":"BreadcrumbList","@id":"https:\/\/congeladosdurango.com\/producto\/croqueta-de-pulpo\/#breadcrumb","itemListElement":[{"@type":"ListItem","position":1,"name":"Home","item":"https:\/\/congeladosdurango.com\/"},{"@type":"ListItem","position":2,"name":"Shop","item":"https:\/\/congeladosdurango.com\/shop\/"},{"@type":"ListItem","position":3,"name":"CROQUETA DE PULPO"}]},{"@type":"WebSite","@id":"https:\/\/congeladosdurango.com\/#website","url":"https:\/\/congeladosdurango.com\/","name":"Congelados Durango","description":"","publisher":{"@id":"https:\/\/congeladosdurango.com\/#organization"},"potentialAction":[{"@type":"SearchAction","target":{"@type":"EntryPoint","urlTemplate":"https:\/\/congeladosdurango.com\/?s={search_term_string}"},"query-input":{"@type":"PropertyValueSpecification","valueRequired":true,"valueName":"search_term_string"}}],"inLanguage":"eu"},{"@type":"Organization","@id":"https:\/\/congeladosdurango.com\/#organization","name":"Congelados Durango","url":"https:\/\/congeladosdurango.com\/","logo":{"@type":"ImageObject","inLanguage":"eu","@id":"https:\/\/congeladosdurango.com\/#\/schema\/logo\/image\/","url":"https:\/\/congeladosdurango.com\/wp-content\/uploads\/2024\/03\/cropped-WhatsApp-Image-2024-02-05-at-10.32.16.jpeg","contentUrl":"https:\/\/congeladosdurango.com\/wp-content\/uploads\/2024\/03\/cropped-WhatsApp-Image-2024-02-05-at-10.32.16.jpeg","width":2048,"height":680,"caption":"Congelados Durango"},"image":{"@id":"https:\/\/congeladosdurango.com\/#\/schema\/logo\/image\/"}}]}},"jetpack_sharing_enabled":true,"_links":{"self":[{"href":"https:\/\/congeladosdurango.com\/eus\/wp-json\/wp\/v2\/product\/2266","targetHints":{"allow":["GET"]}}],"collection":[{"href":"https:\/\/congeladosdurango.com\/eus\/wp-json\/wp\/v2\/product"}],"about":[{"href":"https:\/\/congeladosdurango.com\/eus\/wp-json\/wp\/v2\/types\/product"}],"wp:featuredmedia":[{"embeddable":true,"href":"https:\/\/congeladosdurango.com\/eus\/wp-json\/wp\/v2\/media\/2451"}],"wp:attachment":[{"href":"https:\/\/congeladosdurango.com\/eus\/wp-json\/wp\/v2\/media?parent=2266"}],"wp:term":[{"taxonomy":"product_brand","embeddable":true,"href":"https:\/\/congeladosdurango.com\/eus\/wp-json\/wp\/v2\/product_brand?post=2266"},{"taxonomy":"product_cat","embeddable":true,"href":"https:\/\/congeladosdurango.com\/eus\/wp-json\/wp\/v2\/product_cat?post=2266"},{"taxonomy":"product_tag","embeddable":true,"href":"https:\/\/congeladosdurango.com\/eus\/wp-json\/wp\/v2\/product_tag?post=2266"}],"curies":[{"name":"wp","href":"https:\/\/api.w.org\/{rel}","templated":true}]}}