{"id":2268,"date":"2024-04-21T14:14:42","date_gmt":"2024-04-21T14:14:42","guid":{"rendered":"https:\/\/congeladosdurango.com\/?post_type=product&#038;p=2268"},"modified":"2025-11-07T17:52:31","modified_gmt":"2025-11-07T17:52:31","slug":"croqueta-cremosa-de-ajoarriero","status":"publish","type":"product","link":"https:\/\/congeladosdurango.com\/eus\/produktua\/croqueta-cremosa-de-ajoarriero\/","title":{"rendered":"CROQUETA CREMOSA DE AJOARRIERO"},"content":{"rendered":"","protected":false},"excerpt":{"rendered":"<p>Las croquetas cremosas de ajoarriero son una variante deliciosa y tradicional de la cocina espa\u00f1ola. Aqu\u00ed tienes una descripci\u00f3n:<\/p>\n<p>1. **Relleno**: El relleno de las croquetas cremosas de ajoarriero se prepara con una mezcla de bacalao desmigado, pimientos rojos asados, cebolla, ajo, y a veces, tomate. Esta mezcla se cocina con aceite de oliva hasta que est\u00e9 bien integrada y se sazona con sal, pimienta y otras especias al gusto.<\/p>\n<p>2. **Masa**: La masa de las croquetas se hace con harina, leche y mantequilla, formando una bechamel espesa. A esta bechamel se le a\u00f1ade la mezcla de ajoarriero, creando una masa cremosa y sabrosa.<\/p>\n<p>3. **Textura y sabor**: Las croquetas cremosas de ajoarriero tienen una textura suave y cremosa por dentro, contrastando con la capa crujiente por fuera. El sabor del bacalao, los pimientos y el ajo se combinan de manera armoniosa, creando un plato rico en matices.<\/p>\n<p>4. **Presentaci\u00f3n**: Se sirven calientes y se pueden acompa\u00f1ar con una salsa alioli o mayonesa de ajo, que complementa muy bien su sabor.<\/p>\n<p>En resumen, las croquetas cremosas de ajoarriero son una opci\u00f3n deliciosa y reconfortante que combina la tradici\u00f3n de la croqueta con los sabores intensos y aut\u00e9nticos del ajoarriero. Son perfectas como aperitivo o plato principal en cualquier ocasi\u00f3n especial.<\/p>\n<p>PRECIO KILO<\/p>","protected":false},"featured_media":2441,"template":"","meta":[],"product_brand":[],"product_cat":[74,46,76],"product_tag":[],"class_list":{"0":"post-2268","1":"product","2":"type-product","3":"status-publish","4":"has-post-thumbnail","6":"product_cat-croquetas-y-empanadillas","7":"product_cat-precocinados","8":"product_cat-precocinados-de-pescado","10":"first","11":"instock","12":"shipping-taxable","13":"purchasable","14":"product-type-simple"},"yoast_head":"<!-- This site is optimized with the Yoast SEO plugin v27.5 - https:\/\/yoast.com\/product\/yoast-seo-wordpress\/ -->\n<title>CROQUETA CREMOSA DE AJOARRIERO - Congelados Durango<\/title>\n<meta name=\"robots\" content=\"index, follow, max-snippet:-1, max-image-preview:large, max-video-preview:-1\" \/>\n<link rel=\"canonical\" href=\"https:\/\/congeladosdurango.com\/eus\/produktua\/croqueta-cremosa-de-ajoarriero\/\" \/>\n<meta property=\"og:locale\" content=\"en_US\" \/>\n<meta property=\"og:type\" content=\"article\" \/>\n<meta property=\"og:title\" content=\"CROQUETA CREMOSA DE AJOARRIERO - Congelados Durango\" \/>\n<meta property=\"og:description\" content=\"Las croquetas cremosas de ajoarriero son una variante deliciosa y tradicional de la cocina espa\u00f1ola. Aqu\u00ed tienes una descripci\u00f3n:  1. **Relleno**: El relleno de las croquetas cremosas de ajoarriero se prepara con una mezcla de bacalao desmigado, pimientos rojos asados, cebolla, ajo, y a veces, tomate. Esta mezcla se cocina con aceite de oliva hasta que est\u00e9 bien integrada y se sazona con sal, pimienta y otras especias al gusto.  2. **Masa**: La masa de las croquetas se hace con harina, leche y mantequilla, formando una bechamel espesa. A esta bechamel se le a\u00f1ade la mezcla de ajoarriero, creando una masa cremosa y sabrosa.  3. **Textura y sabor**: Las croquetas cremosas de ajoarriero tienen una textura suave y cremosa por dentro, contrastando con la capa crujiente por fuera. El sabor del bacalao, los pimientos y el ajo se combinan de manera armoniosa, creando un plato rico en matices.  4. **Presentaci\u00f3n**: Se sirven calientes y se pueden acompa\u00f1ar con una salsa alioli o mayonesa de ajo, que complementa muy bien su sabor.  En resumen, las croquetas cremosas de ajoarriero son una opci\u00f3n deliciosa y reconfortante que combina la tradici\u00f3n de la croqueta con los sabores intensos y aut\u00e9nticos del ajoarriero. Son perfectas como aperitivo o plato principal en cualquier ocasi\u00f3n especial.  PRECIO KILO\" \/>\n<meta property=\"og:url\" content=\"https:\/\/congeladosdurango.com\/eus\/produktua\/croqueta-cremosa-de-ajoarriero\/\" \/>\n<meta property=\"og:site_name\" content=\"Congelados Durango\" \/>\n<meta property=\"article:modified_time\" content=\"2025-11-07T17:52:31+00:00\" \/>\n<meta property=\"og:image\" content=\"https:\/\/congeladosdurango.com\/wp-content\/uploads\/2024\/04\/CROQUETA-3.png\" \/>\n\t<meta property=\"og:image:width\" content=\"1021\" \/>\n\t<meta property=\"og:image:height\" content=\"951\" \/>\n\t<meta property=\"og:image:type\" content=\"image\/png\" \/>\n<meta name=\"twitter:card\" content=\"summary_large_image\" \/>\n<meta name=\"twitter:label1\" content=\"Est. reading time\" \/>\n\t<meta name=\"twitter:data1\" content=\"1 minutua\" \/>\n<script type=\"application\/ld+json\" class=\"yoast-schema-graph\">{\"@context\":\"https:\\\/\\\/schema.org\",\"@graph\":[{\"@type\":\"WebPage\",\"@id\":\"https:\\\/\\\/congeladosdurango.com\\\/producto\\\/croqueta-cremosa-de-ajoarriero\\\/\",\"url\":\"https:\\\/\\\/congeladosdurango.com\\\/producto\\\/croqueta-cremosa-de-ajoarriero\\\/\",\"name\":\"CROQUETA CREMOSA DE AJOARRIERO - Congelados Durango\",\"isPartOf\":{\"@id\":\"https:\\\/\\\/congeladosdurango.com\\\/#website\"},\"primaryImageOfPage\":{\"@id\":\"https:\\\/\\\/congeladosdurango.com\\\/producto\\\/croqueta-cremosa-de-ajoarriero\\\/#primaryimage\"},\"image\":{\"@id\":\"https:\\\/\\\/congeladosdurango.com\\\/producto\\\/croqueta-cremosa-de-ajoarriero\\\/#primaryimage\"},\"thumbnailUrl\":\"https:\\\/\\\/congeladosdurango.com\\\/wp-content\\\/uploads\\\/2024\\\/04\\\/CROQUETA-3.png\",\"datePublished\":\"2024-04-21T14:14:42+00:00\",\"dateModified\":\"2025-11-07T17:52:31+00:00\",\"breadcrumb\":{\"@id\":\"https:\\\/\\\/congeladosdurango.com\\\/producto\\\/croqueta-cremosa-de-ajoarriero\\\/#breadcrumb\"},\"inLanguage\":\"eu\",\"potentialAction\":[{\"@type\":\"ReadAction\",\"target\":[\"https:\\\/\\\/congeladosdurango.com\\\/producto\\\/croqueta-cremosa-de-ajoarriero\\\/\"]}]},{\"@type\":\"ImageObject\",\"inLanguage\":\"eu\",\"@id\":\"https:\\\/\\\/congeladosdurango.com\\\/producto\\\/croqueta-cremosa-de-ajoarriero\\\/#primaryimage\",\"url\":\"https:\\\/\\\/congeladosdurango.com\\\/wp-content\\\/uploads\\\/2024\\\/04\\\/CROQUETA-3.png\",\"contentUrl\":\"https:\\\/\\\/congeladosdurango.com\\\/wp-content\\\/uploads\\\/2024\\\/04\\\/CROQUETA-3.png\",\"width\":1021,\"height\":951},{\"@type\":\"BreadcrumbList\",\"@id\":\"https:\\\/\\\/congeladosdurango.com\\\/producto\\\/croqueta-cremosa-de-ajoarriero\\\/#breadcrumb\",\"itemListElement\":[{\"@type\":\"ListItem\",\"position\":1,\"name\":\"Home\",\"item\":\"https:\\\/\\\/congeladosdurango.com\\\/\"},{\"@type\":\"ListItem\",\"position\":2,\"name\":\"Shop\",\"item\":\"https:\\\/\\\/congeladosdurango.com\\\/shop\\\/\"},{\"@type\":\"ListItem\",\"position\":3,\"name\":\"CROQUETA CREMOSA DE AJOARRIERO\"}]},{\"@type\":\"WebSite\",\"@id\":\"https:\\\/\\\/congeladosdurango.com\\\/#website\",\"url\":\"https:\\\/\\\/congeladosdurango.com\\\/\",\"name\":\"Congelados Durango\",\"description\":\"\",\"publisher\":{\"@id\":\"https:\\\/\\\/congeladosdurango.com\\\/#organization\"},\"potentialAction\":[{\"@type\":\"SearchAction\",\"target\":{\"@type\":\"EntryPoint\",\"urlTemplate\":\"https:\\\/\\\/congeladosdurango.com\\\/?s={search_term_string}\"},\"query-input\":{\"@type\":\"PropertyValueSpecification\",\"valueRequired\":true,\"valueName\":\"search_term_string\"}}],\"inLanguage\":\"eu\"},{\"@type\":\"Organization\",\"@id\":\"https:\\\/\\\/congeladosdurango.com\\\/#organization\",\"name\":\"Congelados Durango\",\"url\":\"https:\\\/\\\/congeladosdurango.com\\\/\",\"logo\":{\"@type\":\"ImageObject\",\"inLanguage\":\"eu\",\"@id\":\"https:\\\/\\\/congeladosdurango.com\\\/#\\\/schema\\\/logo\\\/image\\\/\",\"url\":\"https:\\\/\\\/congeladosdurango.com\\\/wp-content\\\/uploads\\\/2024\\\/03\\\/cropped-WhatsApp-Image-2024-02-05-at-10.32.16.jpeg\",\"contentUrl\":\"https:\\\/\\\/congeladosdurango.com\\\/wp-content\\\/uploads\\\/2024\\\/03\\\/cropped-WhatsApp-Image-2024-02-05-at-10.32.16.jpeg\",\"width\":2048,\"height\":680,\"caption\":\"Congelados Durango\"},\"image\":{\"@id\":\"https:\\\/\\\/congeladosdurango.com\\\/#\\\/schema\\\/logo\\\/image\\\/\"}}]}<\/script>\n<!-- \/ Yoast SEO plugin. -->","yoast_head_json":{"title":"CROQUETA CREMOSA DE AJOARRIERO - Congelados Durango","robots":{"index":"index","follow":"follow","max-snippet":"max-snippet:-1","max-image-preview":"max-image-preview:large","max-video-preview":"max-video-preview:-1"},"canonical":"https:\/\/congeladosdurango.com\/eus\/produktua\/croqueta-cremosa-de-ajoarriero\/","og_locale":"en_US","og_type":"article","og_title":"CROQUETA CREMOSA DE AJOARRIERO - Congelados Durango","og_description":"Las croquetas cremosas de ajoarriero son una variante deliciosa y tradicional de la cocina espa\u00f1ola. Aqu\u00ed tienes una descripci\u00f3n:  1. **Relleno**: El relleno de las croquetas cremosas de ajoarriero se prepara con una mezcla de bacalao desmigado, pimientos rojos asados, cebolla, ajo, y a veces, tomate. Esta mezcla se cocina con aceite de oliva hasta que est\u00e9 bien integrada y se sazona con sal, pimienta y otras especias al gusto.  2. **Masa**: La masa de las croquetas se hace con harina, leche y mantequilla, formando una bechamel espesa. A esta bechamel se le a\u00f1ade la mezcla de ajoarriero, creando una masa cremosa y sabrosa.  3. **Textura y sabor**: Las croquetas cremosas de ajoarriero tienen una textura suave y cremosa por dentro, contrastando con la capa crujiente por fuera. El sabor del bacalao, los pimientos y el ajo se combinan de manera armoniosa, creando un plato rico en matices.  4. **Presentaci\u00f3n**: Se sirven calientes y se pueden acompa\u00f1ar con una salsa alioli o mayonesa de ajo, que complementa muy bien su sabor.  En resumen, las croquetas cremosas de ajoarriero son una opci\u00f3n deliciosa y reconfortante que combina la tradici\u00f3n de la croqueta con los sabores intensos y aut\u00e9nticos del ajoarriero. Son perfectas como aperitivo o plato principal en cualquier ocasi\u00f3n especial.  PRECIO KILO","og_url":"https:\/\/congeladosdurango.com\/eus\/produktua\/croqueta-cremosa-de-ajoarriero\/","og_site_name":"Congelados Durango","article_modified_time":"2025-11-07T17:52:31+00:00","og_image":[{"width":1021,"height":951,"url":"https:\/\/congeladosdurango.com\/wp-content\/uploads\/2024\/04\/CROQUETA-3.png","type":"image\/png"}],"twitter_card":"summary_large_image","twitter_misc":{"Est. reading time":"1 minutua"},"schema":{"@context":"https:\/\/schema.org","@graph":[{"@type":"WebPage","@id":"https:\/\/congeladosdurango.com\/producto\/croqueta-cremosa-de-ajoarriero\/","url":"https:\/\/congeladosdurango.com\/producto\/croqueta-cremosa-de-ajoarriero\/","name":"CROQUETA CREMOSA DE AJOARRIERO - Congelados Durango","isPartOf":{"@id":"https:\/\/congeladosdurango.com\/#website"},"primaryImageOfPage":{"@id":"https:\/\/congeladosdurango.com\/producto\/croqueta-cremosa-de-ajoarriero\/#primaryimage"},"image":{"@id":"https:\/\/congeladosdurango.com\/producto\/croqueta-cremosa-de-ajoarriero\/#primaryimage"},"thumbnailUrl":"https:\/\/congeladosdurango.com\/wp-content\/uploads\/2024\/04\/CROQUETA-3.png","datePublished":"2024-04-21T14:14:42+00:00","dateModified":"2025-11-07T17:52:31+00:00","breadcrumb":{"@id":"https:\/\/congeladosdurango.com\/producto\/croqueta-cremosa-de-ajoarriero\/#breadcrumb"},"inLanguage":"eu","potentialAction":[{"@type":"ReadAction","target":["https:\/\/congeladosdurango.com\/producto\/croqueta-cremosa-de-ajoarriero\/"]}]},{"@type":"ImageObject","inLanguage":"eu","@id":"https:\/\/congeladosdurango.com\/producto\/croqueta-cremosa-de-ajoarriero\/#primaryimage","url":"https:\/\/congeladosdurango.com\/wp-content\/uploads\/2024\/04\/CROQUETA-3.png","contentUrl":"https:\/\/congeladosdurango.com\/wp-content\/uploads\/2024\/04\/CROQUETA-3.png","width":1021,"height":951},{"@type":"BreadcrumbList","@id":"https:\/\/congeladosdurango.com\/producto\/croqueta-cremosa-de-ajoarriero\/#breadcrumb","itemListElement":[{"@type":"ListItem","position":1,"name":"Home","item":"https:\/\/congeladosdurango.com\/"},{"@type":"ListItem","position":2,"name":"Shop","item":"https:\/\/congeladosdurango.com\/shop\/"},{"@type":"ListItem","position":3,"name":"CROQUETA CREMOSA DE AJOARRIERO"}]},{"@type":"WebSite","@id":"https:\/\/congeladosdurango.com\/#website","url":"https:\/\/congeladosdurango.com\/","name":"Congelados Durango","description":"","publisher":{"@id":"https:\/\/congeladosdurango.com\/#organization"},"potentialAction":[{"@type":"SearchAction","target":{"@type":"EntryPoint","urlTemplate":"https:\/\/congeladosdurango.com\/?s={search_term_string}"},"query-input":{"@type":"PropertyValueSpecification","valueRequired":true,"valueName":"search_term_string"}}],"inLanguage":"eu"},{"@type":"Organization","@id":"https:\/\/congeladosdurango.com\/#organization","name":"Congelados Durango","url":"https:\/\/congeladosdurango.com\/","logo":{"@type":"ImageObject","inLanguage":"eu","@id":"https:\/\/congeladosdurango.com\/#\/schema\/logo\/image\/","url":"https:\/\/congeladosdurango.com\/wp-content\/uploads\/2024\/03\/cropped-WhatsApp-Image-2024-02-05-at-10.32.16.jpeg","contentUrl":"https:\/\/congeladosdurango.com\/wp-content\/uploads\/2024\/03\/cropped-WhatsApp-Image-2024-02-05-at-10.32.16.jpeg","width":2048,"height":680,"caption":"Congelados Durango"},"image":{"@id":"https:\/\/congeladosdurango.com\/#\/schema\/logo\/image\/"}}]}},"jetpack_sharing_enabled":true,"_links":{"self":[{"href":"https:\/\/congeladosdurango.com\/eus\/wp-json\/wp\/v2\/product\/2268","targetHints":{"allow":["GET"]}}],"collection":[{"href":"https:\/\/congeladosdurango.com\/eus\/wp-json\/wp\/v2\/product"}],"about":[{"href":"https:\/\/congeladosdurango.com\/eus\/wp-json\/wp\/v2\/types\/product"}],"wp:featuredmedia":[{"embeddable":true,"href":"https:\/\/congeladosdurango.com\/eus\/wp-json\/wp\/v2\/media\/2441"}],"wp:attachment":[{"href":"https:\/\/congeladosdurango.com\/eus\/wp-json\/wp\/v2\/media?parent=2268"}],"wp:term":[{"taxonomy":"product_brand","embeddable":true,"href":"https:\/\/congeladosdurango.com\/eus\/wp-json\/wp\/v2\/product_brand?post=2268"},{"taxonomy":"product_cat","embeddable":true,"href":"https:\/\/congeladosdurango.com\/eus\/wp-json\/wp\/v2\/product_cat?post=2268"},{"taxonomy":"product_tag","embeddable":true,"href":"https:\/\/congeladosdurango.com\/eus\/wp-json\/wp\/v2\/product_tag?post=2268"}],"curies":[{"name":"wp","href":"https:\/\/api.w.org\/{rel}","templated":true}]}}