{"id":2522,"date":"2024-04-24T19:53:25","date_gmt":"2024-04-24T19:53:25","guid":{"rendered":"https:\/\/congeladosdurango.com\/?post_type=product&#038;p=2522"},"modified":"2025-09-22T17:50:22","modified_gmt":"2025-09-22T17:50:22","slug":"cola-de-salmon-salar","status":"publish","type":"product","link":"https:\/\/congeladosdurango.com\/eus\/produktua\/cola-de-salmon-salar\/","title":{"rendered":"COLA DE SALMON SALAR"},"content":{"rendered":"","protected":false},"excerpt":{"rendered":"<p>El salm\u00f3n salar es un pescado azul de aguas fr\u00edas, conocido por su carne rosada, jugosa y sabrosa.<br \/>\nSe caracteriza por su textura firme y sabor intenso, ideal para plancha, horno, ahumados o sashimi.<br \/>\nEs rico en \u00e1cidos grasos omega-3, prote\u00ednas de alta calidad y vitaminas esenciales.<br \/>\nSu versatilidad y valor nutricional lo convierten en una opci\u00f3n saludable y gourmet.<\/p>\n<p>PRECIO KILO<\/p>","protected":false},"featured_media":2523,"template":"","meta":[],"product_brand":[],"product_cat":[49,66],"product_tag":[],"class_list":{"0":"post-2522","1":"product","2":"type-product","3":"status-publish","4":"has-post-thumbnail","6":"product_cat-pescados","7":"product_cat-salmon","9":"first","10":"instock","11":"shipping-taxable","12":"purchasable","13":"product-type-simple"},"yoast_head":"<!-- This site is optimized with the Yoast SEO plugin v27.5 - https:\/\/yoast.com\/product\/yoast-seo-wordpress\/ -->\n<title>COLA DE SALMON SALAR - Congelados Durango<\/title>\n<meta name=\"robots\" content=\"index, follow, max-snippet:-1, max-image-preview:large, max-video-preview:-1\" \/>\n<link rel=\"canonical\" href=\"https:\/\/congeladosdurango.com\/eus\/produktua\/cola-de-salmon-salar\/\" \/>\n<meta property=\"og:locale\" content=\"en_US\" \/>\n<meta property=\"og:type\" content=\"article\" \/>\n<meta property=\"og:title\" content=\"COLA DE SALMON SALAR - Congelados Durango\" \/>\n<meta property=\"og:description\" content=\"El salm\u00f3n salar es un pescado azul de aguas fr\u00edas, conocido por su carne rosada, jugosa y sabrosa. Se caracteriza por su textura firme y sabor intenso, ideal para plancha, horno, ahumados o sashimi. Es rico en \u00e1cidos grasos omega-3, prote\u00ednas de alta calidad y vitaminas esenciales. Su versatilidad y valor nutricional lo convierten en una opci\u00f3n saludable y gourmet.  PRECIO KILO\" \/>\n<meta property=\"og:url\" content=\"https:\/\/congeladosdurango.com\/eus\/produktua\/cola-de-salmon-salar\/\" \/>\n<meta property=\"og:site_name\" content=\"Congelados Durango\" \/>\n<meta property=\"article:modified_time\" content=\"2025-09-22T17:50:22+00:00\" \/>\n<meta property=\"og:image\" content=\"https:\/\/congeladosdurango.com\/wp-content\/uploads\/2024\/04\/COLA-DE-SALMON.png\" \/>\n\t<meta property=\"og:image:width\" content=\"1080\" \/>\n\t<meta property=\"og:image:height\" content=\"958\" \/>\n\t<meta property=\"og:image:type\" content=\"image\/png\" \/>\n<meta name=\"twitter:card\" content=\"summary_large_image\" \/>\n<meta name=\"twitter:label1\" content=\"Est. reading time\" \/>\n\t<meta name=\"twitter:data1\" content=\"1 minutua\" \/>\n<script type=\"application\/ld+json\" class=\"yoast-schema-graph\">{\"@context\":\"https:\\\/\\\/schema.org\",\"@graph\":[{\"@type\":\"WebPage\",\"@id\":\"https:\\\/\\\/congeladosdurango.com\\\/producto\\\/cola-de-salmon-salar\\\/\",\"url\":\"https:\\\/\\\/congeladosdurango.com\\\/producto\\\/cola-de-salmon-salar\\\/\",\"name\":\"COLA DE SALMON SALAR - Congelados Durango\",\"isPartOf\":{\"@id\":\"https:\\\/\\\/congeladosdurango.com\\\/#website\"},\"primaryImageOfPage\":{\"@id\":\"https:\\\/\\\/congeladosdurango.com\\\/producto\\\/cola-de-salmon-salar\\\/#primaryimage\"},\"image\":{\"@id\":\"https:\\\/\\\/congeladosdurango.com\\\/producto\\\/cola-de-salmon-salar\\\/#primaryimage\"},\"thumbnailUrl\":\"https:\\\/\\\/congeladosdurango.com\\\/wp-content\\\/uploads\\\/2024\\\/04\\\/COLA-DE-SALMON.png\",\"datePublished\":\"2024-04-24T19:53:25+00:00\",\"dateModified\":\"2025-09-22T17:50:22+00:00\",\"breadcrumb\":{\"@id\":\"https:\\\/\\\/congeladosdurango.com\\\/producto\\\/cola-de-salmon-salar\\\/#breadcrumb\"},\"inLanguage\":\"eu\",\"potentialAction\":[{\"@type\":\"ReadAction\",\"target\":[\"https:\\\/\\\/congeladosdurango.com\\\/producto\\\/cola-de-salmon-salar\\\/\"]}]},{\"@type\":\"ImageObject\",\"inLanguage\":\"eu\",\"@id\":\"https:\\\/\\\/congeladosdurango.com\\\/producto\\\/cola-de-salmon-salar\\\/#primaryimage\",\"url\":\"https:\\\/\\\/congeladosdurango.com\\\/wp-content\\\/uploads\\\/2024\\\/04\\\/COLA-DE-SALMON.png\",\"contentUrl\":\"https:\\\/\\\/congeladosdurango.com\\\/wp-content\\\/uploads\\\/2024\\\/04\\\/COLA-DE-SALMON.png\",\"width\":1080,\"height\":958},{\"@type\":\"BreadcrumbList\",\"@id\":\"https:\\\/\\\/congeladosdurango.com\\\/producto\\\/cola-de-salmon-salar\\\/#breadcrumb\",\"itemListElement\":[{\"@type\":\"ListItem\",\"position\":1,\"name\":\"Home\",\"item\":\"https:\\\/\\\/congeladosdurango.com\\\/\"},{\"@type\":\"ListItem\",\"position\":2,\"name\":\"Shop\",\"item\":\"https:\\\/\\\/congeladosdurango.com\\\/shop\\\/\"},{\"@type\":\"ListItem\",\"position\":3,\"name\":\"COLA DE SALMON SALAR\"}]},{\"@type\":\"WebSite\",\"@id\":\"https:\\\/\\\/congeladosdurango.com\\\/#website\",\"url\":\"https:\\\/\\\/congeladosdurango.com\\\/\",\"name\":\"Congelados Durango\",\"description\":\"\",\"publisher\":{\"@id\":\"https:\\\/\\\/congeladosdurango.com\\\/#organization\"},\"potentialAction\":[{\"@type\":\"SearchAction\",\"target\":{\"@type\":\"EntryPoint\",\"urlTemplate\":\"https:\\\/\\\/congeladosdurango.com\\\/?s={search_term_string}\"},\"query-input\":{\"@type\":\"PropertyValueSpecification\",\"valueRequired\":true,\"valueName\":\"search_term_string\"}}],\"inLanguage\":\"eu\"},{\"@type\":\"Organization\",\"@id\":\"https:\\\/\\\/congeladosdurango.com\\\/#organization\",\"name\":\"Congelados Durango\",\"url\":\"https:\\\/\\\/congeladosdurango.com\\\/\",\"logo\":{\"@type\":\"ImageObject\",\"inLanguage\":\"eu\",\"@id\":\"https:\\\/\\\/congeladosdurango.com\\\/#\\\/schema\\\/logo\\\/image\\\/\",\"url\":\"https:\\\/\\\/congeladosdurango.com\\\/wp-content\\\/uploads\\\/2024\\\/03\\\/cropped-WhatsApp-Image-2024-02-05-at-10.32.16.jpeg\",\"contentUrl\":\"https:\\\/\\\/congeladosdurango.com\\\/wp-content\\\/uploads\\\/2024\\\/03\\\/cropped-WhatsApp-Image-2024-02-05-at-10.32.16.jpeg\",\"width\":2048,\"height\":680,\"caption\":\"Congelados Durango\"},\"image\":{\"@id\":\"https:\\\/\\\/congeladosdurango.com\\\/#\\\/schema\\\/logo\\\/image\\\/\"}}]}<\/script>\n<!-- \/ Yoast SEO plugin. -->","yoast_head_json":{"title":"COLA DE SALMON SALAR - Congelados Durango","robots":{"index":"index","follow":"follow","max-snippet":"max-snippet:-1","max-image-preview":"max-image-preview:large","max-video-preview":"max-video-preview:-1"},"canonical":"https:\/\/congeladosdurango.com\/eus\/produktua\/cola-de-salmon-salar\/","og_locale":"en_US","og_type":"article","og_title":"COLA DE SALMON SALAR - Congelados Durango","og_description":"El salm\u00f3n salar es un pescado azul de aguas fr\u00edas, conocido por su carne rosada, jugosa y sabrosa. Se caracteriza por su textura firme y sabor intenso, ideal para plancha, horno, ahumados o sashimi. Es rico en \u00e1cidos grasos omega-3, prote\u00ednas de alta calidad y vitaminas esenciales. Su versatilidad y valor nutricional lo convierten en una opci\u00f3n saludable y gourmet.  PRECIO KILO","og_url":"https:\/\/congeladosdurango.com\/eus\/produktua\/cola-de-salmon-salar\/","og_site_name":"Congelados Durango","article_modified_time":"2025-09-22T17:50:22+00:00","og_image":[{"width":1080,"height":958,"url":"https:\/\/congeladosdurango.com\/wp-content\/uploads\/2024\/04\/COLA-DE-SALMON.png","type":"image\/png"}],"twitter_card":"summary_large_image","twitter_misc":{"Est. reading time":"1 minutua"},"schema":{"@context":"https:\/\/schema.org","@graph":[{"@type":"WebPage","@id":"https:\/\/congeladosdurango.com\/producto\/cola-de-salmon-salar\/","url":"https:\/\/congeladosdurango.com\/producto\/cola-de-salmon-salar\/","name":"COLA DE SALMON SALAR - Congelados Durango","isPartOf":{"@id":"https:\/\/congeladosdurango.com\/#website"},"primaryImageOfPage":{"@id":"https:\/\/congeladosdurango.com\/producto\/cola-de-salmon-salar\/#primaryimage"},"image":{"@id":"https:\/\/congeladosdurango.com\/producto\/cola-de-salmon-salar\/#primaryimage"},"thumbnailUrl":"https:\/\/congeladosdurango.com\/wp-content\/uploads\/2024\/04\/COLA-DE-SALMON.png","datePublished":"2024-04-24T19:53:25+00:00","dateModified":"2025-09-22T17:50:22+00:00","breadcrumb":{"@id":"https:\/\/congeladosdurango.com\/producto\/cola-de-salmon-salar\/#breadcrumb"},"inLanguage":"eu","potentialAction":[{"@type":"ReadAction","target":["https:\/\/congeladosdurango.com\/producto\/cola-de-salmon-salar\/"]}]},{"@type":"ImageObject","inLanguage":"eu","@id":"https:\/\/congeladosdurango.com\/producto\/cola-de-salmon-salar\/#primaryimage","url":"https:\/\/congeladosdurango.com\/wp-content\/uploads\/2024\/04\/COLA-DE-SALMON.png","contentUrl":"https:\/\/congeladosdurango.com\/wp-content\/uploads\/2024\/04\/COLA-DE-SALMON.png","width":1080,"height":958},{"@type":"BreadcrumbList","@id":"https:\/\/congeladosdurango.com\/producto\/cola-de-salmon-salar\/#breadcrumb","itemListElement":[{"@type":"ListItem","position":1,"name":"Home","item":"https:\/\/congeladosdurango.com\/"},{"@type":"ListItem","position":2,"name":"Shop","item":"https:\/\/congeladosdurango.com\/shop\/"},{"@type":"ListItem","position":3,"name":"COLA DE SALMON SALAR"}]},{"@type":"WebSite","@id":"https:\/\/congeladosdurango.com\/#website","url":"https:\/\/congeladosdurango.com\/","name":"Congelados Durango","description":"","publisher":{"@id":"https:\/\/congeladosdurango.com\/#organization"},"potentialAction":[{"@type":"SearchAction","target":{"@type":"EntryPoint","urlTemplate":"https:\/\/congeladosdurango.com\/?s={search_term_string}"},"query-input":{"@type":"PropertyValueSpecification","valueRequired":true,"valueName":"search_term_string"}}],"inLanguage":"eu"},{"@type":"Organization","@id":"https:\/\/congeladosdurango.com\/#organization","name":"Congelados Durango","url":"https:\/\/congeladosdurango.com\/","logo":{"@type":"ImageObject","inLanguage":"eu","@id":"https:\/\/congeladosdurango.com\/#\/schema\/logo\/image\/","url":"https:\/\/congeladosdurango.com\/wp-content\/uploads\/2024\/03\/cropped-WhatsApp-Image-2024-02-05-at-10.32.16.jpeg","contentUrl":"https:\/\/congeladosdurango.com\/wp-content\/uploads\/2024\/03\/cropped-WhatsApp-Image-2024-02-05-at-10.32.16.jpeg","width":2048,"height":680,"caption":"Congelados Durango"},"image":{"@id":"https:\/\/congeladosdurango.com\/#\/schema\/logo\/image\/"}}]}},"jetpack_sharing_enabled":true,"_links":{"self":[{"href":"https:\/\/congeladosdurango.com\/eus\/wp-json\/wp\/v2\/product\/2522","targetHints":{"allow":["GET"]}}],"collection":[{"href":"https:\/\/congeladosdurango.com\/eus\/wp-json\/wp\/v2\/product"}],"about":[{"href":"https:\/\/congeladosdurango.com\/eus\/wp-json\/wp\/v2\/types\/product"}],"wp:featuredmedia":[{"embeddable":true,"href":"https:\/\/congeladosdurango.com\/eus\/wp-json\/wp\/v2\/media\/2523"}],"wp:attachment":[{"href":"https:\/\/congeladosdurango.com\/eus\/wp-json\/wp\/v2\/media?parent=2522"}],"wp:term":[{"taxonomy":"product_brand","embeddable":true,"href":"https:\/\/congeladosdurango.com\/eus\/wp-json\/wp\/v2\/product_brand?post=2522"},{"taxonomy":"product_cat","embeddable":true,"href":"https:\/\/congeladosdurango.com\/eus\/wp-json\/wp\/v2\/product_cat?post=2522"},{"taxonomy":"product_tag","embeddable":true,"href":"https:\/\/congeladosdurango.com\/eus\/wp-json\/wp\/v2\/product_tag?post=2522"}],"curies":[{"name":"wp","href":"https:\/\/api.w.org\/{rel}","templated":true}]}}