{"id":2538,"date":"2024-04-26T06:09:04","date_gmt":"2024-04-26T06:09:04","guid":{"rendered":"https:\/\/congeladosdurango.com\/?post_type=product&#038;p=2538"},"modified":"2024-09-12T14:35:46","modified_gmt":"2024-09-12T14:35:46","slug":"borraja-limpia","status":"publish","type":"product","link":"https:\/\/congeladosdurango.com\/eus\/produktua\/borraja-limpia\/","title":{"rendered":"BORRAJA LIMPIA"},"content":{"rendered":"","protected":false},"excerpt":{"rendered":"<p>La borraja limpia es un plato t\u00edpico de la regi\u00f3n de Navarra, Espa\u00f1a, donde se utiliza la borraja como ingrediente principal. La borraja es una planta de la familia de las boragin\u00e1ceas, cuyas hojas son comestibles y tienen un sabor ligeramente amargo.<\/p>\n<p>Para preparar la borraja limpia, primero se deben limpiar las hojas de borraja, retirando las partes m\u00e1s fibrosas y duras de los tallos. Luego, se corta la borraja en trozos peque\u00f1os y se cuece en agua con sal durante unos minutos, hasta que est\u00e9 tierna pero a\u00fan firme.<\/p>\n<p>Una vez cocida, se escurre la borraja y se reserva. Mientras tanto, se prepara un sofrito con aceite de oliva, ajo y jam\u00f3n serrano o panceta. Cuando el sofrito est\u00e9 dorado, se a\u00f1ade la borraja cocida y se saltea durante unos minutos para que se impregne del sabor del sofrito.<\/p>\n<p>La borraja limpia es un plato sencillo pero delicioso, que resalta el sabor \u00fanico de esta verdura tan caracter\u00edstica de la cocina navarra. Se puede servir como plato principal, acompa\u00f1ada de un huevo pochado o frito, o como guarnici\u00f3n de carnes o pescados.<\/p>\n<p>PRECIO KILO<\/p>","protected":false},"featured_media":2539,"template":"","meta":[],"product_brand":[],"product_cat":[47,71],"product_tag":[],"class_list":{"0":"post-2538","1":"product","2":"type-product","3":"status-publish","4":"has-post-thumbnail","6":"product_cat-verdura","7":"product_cat-verdura-natural","9":"first","10":"instock","11":"shipping-taxable","12":"purchasable","13":"product-type-simple"},"yoast_head":"<!-- This site is optimized with the Yoast SEO plugin v27.5 - https:\/\/yoast.com\/product\/yoast-seo-wordpress\/ -->\n<title>BORRAJA LIMPIA - Congelados Durango<\/title>\n<meta name=\"robots\" content=\"index, follow, max-snippet:-1, max-image-preview:large, max-video-preview:-1\" \/>\n<link rel=\"canonical\" href=\"https:\/\/congeladosdurango.com\/eus\/produktua\/borraja-limpia\/\" \/>\n<meta property=\"og:locale\" content=\"en_US\" \/>\n<meta property=\"og:type\" content=\"article\" \/>\n<meta property=\"og:title\" content=\"BORRAJA LIMPIA - Congelados Durango\" \/>\n<meta property=\"og:description\" content=\"La borraja limpia es un plato t\u00edpico de la regi\u00f3n de Navarra, Espa\u00f1a, donde se utiliza la borraja como ingrediente principal. La borraja es una planta de la familia de las boragin\u00e1ceas, cuyas hojas son comestibles y tienen un sabor ligeramente amargo.  Para preparar la borraja limpia, primero se deben limpiar las hojas de borraja, retirando las partes m\u00e1s fibrosas y duras de los tallos. Luego, se corta la borraja en trozos peque\u00f1os y se cuece en agua con sal durante unos minutos, hasta que est\u00e9 tierna pero a\u00fan firme.  Una vez cocida, se escurre la borraja y se reserva. Mientras tanto, se prepara un sofrito con aceite de oliva, ajo y jam\u00f3n serrano o panceta. Cuando el sofrito est\u00e9 dorado, se a\u00f1ade la borraja cocida y se saltea durante unos minutos para que se impregne del sabor del sofrito.  La borraja limpia es un plato sencillo pero delicioso, que resalta el sabor \u00fanico de esta verdura tan caracter\u00edstica de la cocina navarra. Se puede servir como plato principal, acompa\u00f1ada de un huevo pochado o frito, o como guarnici\u00f3n de carnes o pescados.  PRECIO KILO\" \/>\n<meta property=\"og:url\" content=\"https:\/\/congeladosdurango.com\/eus\/produktua\/borraja-limpia\/\" \/>\n<meta property=\"og:site_name\" content=\"Congelados Durango\" \/>\n<meta property=\"article:modified_time\" content=\"2024-09-12T14:35:46+00:00\" \/>\n<meta property=\"og:image\" content=\"https:\/\/congeladosdurango.com\/wp-content\/uploads\/2024\/04\/Photoroom-20240425_212310.png\" \/>\n\t<meta property=\"og:image:width\" content=\"1080\" \/>\n\t<meta property=\"og:image:height\" content=\"765\" \/>\n\t<meta property=\"og:image:type\" content=\"image\/png\" \/>\n<meta name=\"twitter:card\" content=\"summary_large_image\" \/>\n<meta name=\"twitter:label1\" content=\"Est. reading time\" \/>\n\t<meta name=\"twitter:data1\" content=\"1 minutua\" \/>\n<script type=\"application\/ld+json\" class=\"yoast-schema-graph\">{\"@context\":\"https:\\\/\\\/schema.org\",\"@graph\":[{\"@type\":\"WebPage\",\"@id\":\"https:\\\/\\\/congeladosdurango.com\\\/producto\\\/borraja-limpia\\\/\",\"url\":\"https:\\\/\\\/congeladosdurango.com\\\/producto\\\/borraja-limpia\\\/\",\"name\":\"BORRAJA LIMPIA - Congelados Durango\",\"isPartOf\":{\"@id\":\"https:\\\/\\\/congeladosdurango.com\\\/#website\"},\"primaryImageOfPage\":{\"@id\":\"https:\\\/\\\/congeladosdurango.com\\\/producto\\\/borraja-limpia\\\/#primaryimage\"},\"image\":{\"@id\":\"https:\\\/\\\/congeladosdurango.com\\\/producto\\\/borraja-limpia\\\/#primaryimage\"},\"thumbnailUrl\":\"https:\\\/\\\/congeladosdurango.com\\\/wp-content\\\/uploads\\\/2024\\\/04\\\/Photoroom-20240425_212310.png\",\"datePublished\":\"2024-04-26T06:09:04+00:00\",\"dateModified\":\"2024-09-12T14:35:46+00:00\",\"breadcrumb\":{\"@id\":\"https:\\\/\\\/congeladosdurango.com\\\/producto\\\/borraja-limpia\\\/#breadcrumb\"},\"inLanguage\":\"eu\",\"potentialAction\":[{\"@type\":\"ReadAction\",\"target\":[\"https:\\\/\\\/congeladosdurango.com\\\/producto\\\/borraja-limpia\\\/\"]}]},{\"@type\":\"ImageObject\",\"inLanguage\":\"eu\",\"@id\":\"https:\\\/\\\/congeladosdurango.com\\\/producto\\\/borraja-limpia\\\/#primaryimage\",\"url\":\"https:\\\/\\\/congeladosdurango.com\\\/wp-content\\\/uploads\\\/2024\\\/04\\\/Photoroom-20240425_212310.png\",\"contentUrl\":\"https:\\\/\\\/congeladosdurango.com\\\/wp-content\\\/uploads\\\/2024\\\/04\\\/Photoroom-20240425_212310.png\",\"width\":1080,\"height\":765},{\"@type\":\"BreadcrumbList\",\"@id\":\"https:\\\/\\\/congeladosdurango.com\\\/producto\\\/borraja-limpia\\\/#breadcrumb\",\"itemListElement\":[{\"@type\":\"ListItem\",\"position\":1,\"name\":\"Home\",\"item\":\"https:\\\/\\\/congeladosdurango.com\\\/\"},{\"@type\":\"ListItem\",\"position\":2,\"name\":\"Shop\",\"item\":\"https:\\\/\\\/congeladosdurango.com\\\/shop\\\/\"},{\"@type\":\"ListItem\",\"position\":3,\"name\":\"BORRAJA LIMPIA\"}]},{\"@type\":\"WebSite\",\"@id\":\"https:\\\/\\\/congeladosdurango.com\\\/#website\",\"url\":\"https:\\\/\\\/congeladosdurango.com\\\/\",\"name\":\"Congelados Durango\",\"description\":\"\",\"publisher\":{\"@id\":\"https:\\\/\\\/congeladosdurango.com\\\/#organization\"},\"potentialAction\":[{\"@type\":\"SearchAction\",\"target\":{\"@type\":\"EntryPoint\",\"urlTemplate\":\"https:\\\/\\\/congeladosdurango.com\\\/?s={search_term_string}\"},\"query-input\":{\"@type\":\"PropertyValueSpecification\",\"valueRequired\":true,\"valueName\":\"search_term_string\"}}],\"inLanguage\":\"eu\"},{\"@type\":\"Organization\",\"@id\":\"https:\\\/\\\/congeladosdurango.com\\\/#organization\",\"name\":\"Congelados Durango\",\"url\":\"https:\\\/\\\/congeladosdurango.com\\\/\",\"logo\":{\"@type\":\"ImageObject\",\"inLanguage\":\"eu\",\"@id\":\"https:\\\/\\\/congeladosdurango.com\\\/#\\\/schema\\\/logo\\\/image\\\/\",\"url\":\"https:\\\/\\\/congeladosdurango.com\\\/wp-content\\\/uploads\\\/2024\\\/03\\\/cropped-WhatsApp-Image-2024-02-05-at-10.32.16.jpeg\",\"contentUrl\":\"https:\\\/\\\/congeladosdurango.com\\\/wp-content\\\/uploads\\\/2024\\\/03\\\/cropped-WhatsApp-Image-2024-02-05-at-10.32.16.jpeg\",\"width\":2048,\"height\":680,\"caption\":\"Congelados Durango\"},\"image\":{\"@id\":\"https:\\\/\\\/congeladosdurango.com\\\/#\\\/schema\\\/logo\\\/image\\\/\"}}]}<\/script>\n<!-- \/ Yoast SEO plugin. -->","yoast_head_json":{"title":"BORRAJA LIMPIA - Congelados Durango","robots":{"index":"index","follow":"follow","max-snippet":"max-snippet:-1","max-image-preview":"max-image-preview:large","max-video-preview":"max-video-preview:-1"},"canonical":"https:\/\/congeladosdurango.com\/eus\/produktua\/borraja-limpia\/","og_locale":"en_US","og_type":"article","og_title":"BORRAJA LIMPIA - Congelados Durango","og_description":"La borraja limpia es un plato t\u00edpico de la regi\u00f3n de Navarra, Espa\u00f1a, donde se utiliza la borraja como ingrediente principal. La borraja es una planta de la familia de las boragin\u00e1ceas, cuyas hojas son comestibles y tienen un sabor ligeramente amargo.  Para preparar la borraja limpia, primero se deben limpiar las hojas de borraja, retirando las partes m\u00e1s fibrosas y duras de los tallos. Luego, se corta la borraja en trozos peque\u00f1os y se cuece en agua con sal durante unos minutos, hasta que est\u00e9 tierna pero a\u00fan firme.  Una vez cocida, se escurre la borraja y se reserva. Mientras tanto, se prepara un sofrito con aceite de oliva, ajo y jam\u00f3n serrano o panceta. Cuando el sofrito est\u00e9 dorado, se a\u00f1ade la borraja cocida y se saltea durante unos minutos para que se impregne del sabor del sofrito.  La borraja limpia es un plato sencillo pero delicioso, que resalta el sabor \u00fanico de esta verdura tan caracter\u00edstica de la cocina navarra. Se puede servir como plato principal, acompa\u00f1ada de un huevo pochado o frito, o como guarnici\u00f3n de carnes o pescados.  PRECIO KILO","og_url":"https:\/\/congeladosdurango.com\/eus\/produktua\/borraja-limpia\/","og_site_name":"Congelados Durango","article_modified_time":"2024-09-12T14:35:46+00:00","og_image":[{"width":1080,"height":765,"url":"https:\/\/congeladosdurango.com\/wp-content\/uploads\/2024\/04\/Photoroom-20240425_212310.png","type":"image\/png"}],"twitter_card":"summary_large_image","twitter_misc":{"Est. reading time":"1 minutua"},"schema":{"@context":"https:\/\/schema.org","@graph":[{"@type":"WebPage","@id":"https:\/\/congeladosdurango.com\/producto\/borraja-limpia\/","url":"https:\/\/congeladosdurango.com\/producto\/borraja-limpia\/","name":"BORRAJA LIMPIA - Congelados Durango","isPartOf":{"@id":"https:\/\/congeladosdurango.com\/#website"},"primaryImageOfPage":{"@id":"https:\/\/congeladosdurango.com\/producto\/borraja-limpia\/#primaryimage"},"image":{"@id":"https:\/\/congeladosdurango.com\/producto\/borraja-limpia\/#primaryimage"},"thumbnailUrl":"https:\/\/congeladosdurango.com\/wp-content\/uploads\/2024\/04\/Photoroom-20240425_212310.png","datePublished":"2024-04-26T06:09:04+00:00","dateModified":"2024-09-12T14:35:46+00:00","breadcrumb":{"@id":"https:\/\/congeladosdurango.com\/producto\/borraja-limpia\/#breadcrumb"},"inLanguage":"eu","potentialAction":[{"@type":"ReadAction","target":["https:\/\/congeladosdurango.com\/producto\/borraja-limpia\/"]}]},{"@type":"ImageObject","inLanguage":"eu","@id":"https:\/\/congeladosdurango.com\/producto\/borraja-limpia\/#primaryimage","url":"https:\/\/congeladosdurango.com\/wp-content\/uploads\/2024\/04\/Photoroom-20240425_212310.png","contentUrl":"https:\/\/congeladosdurango.com\/wp-content\/uploads\/2024\/04\/Photoroom-20240425_212310.png","width":1080,"height":765},{"@type":"BreadcrumbList","@id":"https:\/\/congeladosdurango.com\/producto\/borraja-limpia\/#breadcrumb","itemListElement":[{"@type":"ListItem","position":1,"name":"Home","item":"https:\/\/congeladosdurango.com\/"},{"@type":"ListItem","position":2,"name":"Shop","item":"https:\/\/congeladosdurango.com\/shop\/"},{"@type":"ListItem","position":3,"name":"BORRAJA LIMPIA"}]},{"@type":"WebSite","@id":"https:\/\/congeladosdurango.com\/#website","url":"https:\/\/congeladosdurango.com\/","name":"Congelados Durango","description":"","publisher":{"@id":"https:\/\/congeladosdurango.com\/#organization"},"potentialAction":[{"@type":"SearchAction","target":{"@type":"EntryPoint","urlTemplate":"https:\/\/congeladosdurango.com\/?s={search_term_string}"},"query-input":{"@type":"PropertyValueSpecification","valueRequired":true,"valueName":"search_term_string"}}],"inLanguage":"eu"},{"@type":"Organization","@id":"https:\/\/congeladosdurango.com\/#organization","name":"Congelados Durango","url":"https:\/\/congeladosdurango.com\/","logo":{"@type":"ImageObject","inLanguage":"eu","@id":"https:\/\/congeladosdurango.com\/#\/schema\/logo\/image\/","url":"https:\/\/congeladosdurango.com\/wp-content\/uploads\/2024\/03\/cropped-WhatsApp-Image-2024-02-05-at-10.32.16.jpeg","contentUrl":"https:\/\/congeladosdurango.com\/wp-content\/uploads\/2024\/03\/cropped-WhatsApp-Image-2024-02-05-at-10.32.16.jpeg","width":2048,"height":680,"caption":"Congelados Durango"},"image":{"@id":"https:\/\/congeladosdurango.com\/#\/schema\/logo\/image\/"}}]}},"jetpack_sharing_enabled":true,"_links":{"self":[{"href":"https:\/\/congeladosdurango.com\/eus\/wp-json\/wp\/v2\/product\/2538","targetHints":{"allow":["GET"]}}],"collection":[{"href":"https:\/\/congeladosdurango.com\/eus\/wp-json\/wp\/v2\/product"}],"about":[{"href":"https:\/\/congeladosdurango.com\/eus\/wp-json\/wp\/v2\/types\/product"}],"wp:featuredmedia":[{"embeddable":true,"href":"https:\/\/congeladosdurango.com\/eus\/wp-json\/wp\/v2\/media\/2539"}],"wp:attachment":[{"href":"https:\/\/congeladosdurango.com\/eus\/wp-json\/wp\/v2\/media?parent=2538"}],"wp:term":[{"taxonomy":"product_brand","embeddable":true,"href":"https:\/\/congeladosdurango.com\/eus\/wp-json\/wp\/v2\/product_brand?post=2538"},{"taxonomy":"product_cat","embeddable":true,"href":"https:\/\/congeladosdurango.com\/eus\/wp-json\/wp\/v2\/product_cat?post=2538"},{"taxonomy":"product_tag","embeddable":true,"href":"https:\/\/congeladosdurango.com\/eus\/wp-json\/wp\/v2\/product_tag?post=2538"}],"curies":[{"name":"wp","href":"https:\/\/api.w.org\/{rel}","templated":true}]}}