{"id":2690,"date":"2024-04-28T13:27:15","date_gmt":"2024-04-28T13:27:15","guid":{"rendered":"https:\/\/congeladosdurango.com\/?post_type=product&#038;p=2690"},"modified":"2025-11-04T07:01:00","modified_gmt":"2025-11-04T07:01:00","slug":"txaka-krustadur","status":"publish","type":"product","link":"https:\/\/congeladosdurango.com\/eus\/produktua\/txaka-krustadur\/","title":{"rendered":"TXAKA KRUSTASUR"},"content":{"rendered":"","protected":false},"excerpt":{"rendered":"<p>El surimi Krustasur es un producto elaborado a partir de pescado, generalmente de variedades como el abadejo, la merluza o el bacalao, que se somete a un proceso de picado fino, lavado y filtrado para eliminar grasas y huesos. Luego se le a\u00f1aden otros ingredientes como almid\u00f3n, prote\u00ednas y estabilizantes, para darle la consistencia y textura caracter\u00edstica del surimi.<\/p>\n<p>Una vez preparado, el surimi Krustasur puede moldearse y cocinarse para crear una amplia variedad de productos, como bastones de cangrejo, palitos de mar, imitaciones de camarones, entre otros. Se utiliza en la elaboraci\u00f3n de platos como sushi, ensaladas, rellenos de sushi y otros platos asi\u00e1ticos, as\u00ed como en recetas de cocina occidental.<\/p>\n<p>En cuanto a la marca Krustasur, parece ser una marca comercial que produce y comercializa productos a base de surimi. Es posible que tengan una l\u00ednea de productos espec\u00edfica bajo esta marca que ofrece distintas variedades de surimi y productos derivados.<\/p>\n<p>PRECIO KILO<\/p>","protected":false},"featured_media":2691,"template":"","meta":[],"product_brand":[],"product_cat":[48,70],"product_tag":[],"class_list":{"0":"post-2690","1":"product","2":"type-product","3":"status-publish","4":"has-post-thumbnail","6":"product_cat-marisco","7":"product_cat-sucedaneo-de-angulas-y-surimis","9":"first","10":"instock","11":"shipping-taxable","12":"purchasable","13":"product-type-simple"},"yoast_head":"<!-- This site is optimized with the Yoast SEO plugin v27.3 - https:\/\/yoast.com\/product\/yoast-seo-wordpress\/ -->\n<title>TXAKA KRUSTASUR - Congelados Durango<\/title>\n<meta name=\"robots\" content=\"index, follow, max-snippet:-1, max-image-preview:large, max-video-preview:-1\" \/>\n<link rel=\"canonical\" href=\"https:\/\/congeladosdurango.com\/eus\/producto\/txaka-krustadur\/\" \/>\n<meta property=\"og:locale\" content=\"en_US\" \/>\n<meta property=\"og:type\" content=\"article\" \/>\n<meta property=\"og:title\" content=\"TXAKA KRUSTASUR - Congelados Durango\" \/>\n<meta property=\"og:description\" content=\"El surimi Krustasur es un producto elaborado a partir de pescado, generalmente de variedades como el abadejo, la merluza o el bacalao, que se somete a un proceso de picado fino, lavado y filtrado para eliminar grasas y huesos. Luego se le a\u00f1aden otros ingredientes como almid\u00f3n, prote\u00ednas y estabilizantes, para darle la consistencia y textura caracter\u00edstica del surimi.  Una vez preparado, el surimi Krustasur puede moldearse y cocinarse para crear una amplia variedad de productos, como bastones de cangrejo, palitos de mar, imitaciones de camarones, entre otros. Se utiliza en la elaboraci\u00f3n de platos como sushi, ensaladas, rellenos de sushi y otros platos asi\u00e1ticos, as\u00ed como en recetas de cocina occidental.  En cuanto a la marca Krustasur, parece ser una marca comercial que produce y comercializa productos a base de surimi. Es posible que tengan una l\u00ednea de productos espec\u00edfica bajo esta marca que ofrece distintas variedades de surimi y productos derivados.  PRECIO KILO\" \/>\n<meta property=\"og:url\" content=\"https:\/\/congeladosdurango.com\/eus\/producto\/txaka-krustadur\/\" \/>\n<meta property=\"og:site_name\" content=\"Congelados Durango\" \/>\n<meta property=\"article:modified_time\" content=\"2025-11-04T07:01:00+00:00\" \/>\n<meta property=\"og:image\" content=\"https:\/\/congeladosdurango.com\/wp-content\/uploads\/2024\/04\/Photoroom-20240428_152459.png\" \/>\n\t<meta property=\"og:image:width\" content=\"1035\" \/>\n\t<meta property=\"og:image:height\" content=\"962\" \/>\n\t<meta property=\"og:image:type\" content=\"image\/png\" \/>\n<meta name=\"twitter:card\" content=\"summary_large_image\" \/>\n<meta name=\"twitter:label1\" content=\"Est. reading time\" \/>\n\t<meta name=\"twitter:data1\" content=\"1 minutua\" \/>\n<script type=\"application\/ld+json\" class=\"yoast-schema-graph\">{\"@context\":\"https:\\\/\\\/schema.org\",\"@graph\":[{\"@type\":\"WebPage\",\"@id\":\"https:\\\/\\\/congeladosdurango.com\\\/producto\\\/txaka-krustadur\\\/\",\"url\":\"https:\\\/\\\/congeladosdurango.com\\\/producto\\\/txaka-krustadur\\\/\",\"name\":\"TXAKA KRUSTASUR - Congelados Durango\",\"isPartOf\":{\"@id\":\"https:\\\/\\\/congeladosdurango.com\\\/#website\"},\"primaryImageOfPage\":{\"@id\":\"https:\\\/\\\/congeladosdurango.com\\\/producto\\\/txaka-krustadur\\\/#primaryimage\"},\"image\":{\"@id\":\"https:\\\/\\\/congeladosdurango.com\\\/producto\\\/txaka-krustadur\\\/#primaryimage\"},\"thumbnailUrl\":\"https:\\\/\\\/congeladosdurango.com\\\/wp-content\\\/uploads\\\/2024\\\/04\\\/Photoroom-20240428_152459.png\",\"datePublished\":\"2024-04-28T13:27:15+00:00\",\"dateModified\":\"2025-11-04T07:01:00+00:00\",\"breadcrumb\":{\"@id\":\"https:\\\/\\\/congeladosdurango.com\\\/producto\\\/txaka-krustadur\\\/#breadcrumb\"},\"inLanguage\":\"eu\",\"potentialAction\":[{\"@type\":\"ReadAction\",\"target\":[\"https:\\\/\\\/congeladosdurango.com\\\/producto\\\/txaka-krustadur\\\/\"]}]},{\"@type\":\"ImageObject\",\"inLanguage\":\"eu\",\"@id\":\"https:\\\/\\\/congeladosdurango.com\\\/producto\\\/txaka-krustadur\\\/#primaryimage\",\"url\":\"https:\\\/\\\/congeladosdurango.com\\\/wp-content\\\/uploads\\\/2024\\\/04\\\/Photoroom-20240428_152459.png\",\"contentUrl\":\"https:\\\/\\\/congeladosdurango.com\\\/wp-content\\\/uploads\\\/2024\\\/04\\\/Photoroom-20240428_152459.png\",\"width\":1035,\"height\":962},{\"@type\":\"BreadcrumbList\",\"@id\":\"https:\\\/\\\/congeladosdurango.com\\\/producto\\\/txaka-krustadur\\\/#breadcrumb\",\"itemListElement\":[{\"@type\":\"ListItem\",\"position\":1,\"name\":\"Home\",\"item\":\"https:\\\/\\\/congeladosdurango.com\\\/\"},{\"@type\":\"ListItem\",\"position\":2,\"name\":\"Shop\",\"item\":\"https:\\\/\\\/congeladosdurango.com\\\/shop\\\/\"},{\"@type\":\"ListItem\",\"position\":3,\"name\":\"TXAKA KRUSTASUR\"}]},{\"@type\":\"WebSite\",\"@id\":\"https:\\\/\\\/congeladosdurango.com\\\/#website\",\"url\":\"https:\\\/\\\/congeladosdurango.com\\\/\",\"name\":\"Congelados Durango\",\"description\":\"\",\"publisher\":{\"@id\":\"https:\\\/\\\/congeladosdurango.com\\\/#organization\"},\"potentialAction\":[{\"@type\":\"SearchAction\",\"target\":{\"@type\":\"EntryPoint\",\"urlTemplate\":\"https:\\\/\\\/congeladosdurango.com\\\/?s={search_term_string}\"},\"query-input\":{\"@type\":\"PropertyValueSpecification\",\"valueRequired\":true,\"valueName\":\"search_term_string\"}}],\"inLanguage\":\"eu\"},{\"@type\":\"Organization\",\"@id\":\"https:\\\/\\\/congeladosdurango.com\\\/#organization\",\"name\":\"Congelados Durango\",\"url\":\"https:\\\/\\\/congeladosdurango.com\\\/\",\"logo\":{\"@type\":\"ImageObject\",\"inLanguage\":\"eu\",\"@id\":\"https:\\\/\\\/congeladosdurango.com\\\/#\\\/schema\\\/logo\\\/image\\\/\",\"url\":\"https:\\\/\\\/congeladosdurango.com\\\/wp-content\\\/uploads\\\/2024\\\/03\\\/cropped-WhatsApp-Image-2024-02-05-at-10.32.16.jpeg\",\"contentUrl\":\"https:\\\/\\\/congeladosdurango.com\\\/wp-content\\\/uploads\\\/2024\\\/03\\\/cropped-WhatsApp-Image-2024-02-05-at-10.32.16.jpeg\",\"width\":2048,\"height\":680,\"caption\":\"Congelados Durango\"},\"image\":{\"@id\":\"https:\\\/\\\/congeladosdurango.com\\\/#\\\/schema\\\/logo\\\/image\\\/\"}}]}<\/script>\n<!-- \/ Yoast SEO plugin. -->","yoast_head_json":{"title":"TXAKA KRUSTASUR - Congelados Durango","robots":{"index":"index","follow":"follow","max-snippet":"max-snippet:-1","max-image-preview":"max-image-preview:large","max-video-preview":"max-video-preview:-1"},"canonical":"https:\/\/congeladosdurango.com\/eus\/producto\/txaka-krustadur\/","og_locale":"en_US","og_type":"article","og_title":"TXAKA KRUSTASUR - Congelados Durango","og_description":"El surimi Krustasur es un producto elaborado a partir de pescado, generalmente de variedades como el abadejo, la merluza o el bacalao, que se somete a un proceso de picado fino, lavado y filtrado para eliminar grasas y huesos. Luego se le a\u00f1aden otros ingredientes como almid\u00f3n, prote\u00ednas y estabilizantes, para darle la consistencia y textura caracter\u00edstica del surimi.  Una vez preparado, el surimi Krustasur puede moldearse y cocinarse para crear una amplia variedad de productos, como bastones de cangrejo, palitos de mar, imitaciones de camarones, entre otros. Se utiliza en la elaboraci\u00f3n de platos como sushi, ensaladas, rellenos de sushi y otros platos asi\u00e1ticos, as\u00ed como en recetas de cocina occidental.  En cuanto a la marca Krustasur, parece ser una marca comercial que produce y comercializa productos a base de surimi. Es posible que tengan una l\u00ednea de productos espec\u00edfica bajo esta marca que ofrece distintas variedades de surimi y productos derivados.  PRECIO KILO","og_url":"https:\/\/congeladosdurango.com\/eus\/producto\/txaka-krustadur\/","og_site_name":"Congelados Durango","article_modified_time":"2025-11-04T07:01:00+00:00","og_image":[{"width":1035,"height":962,"url":"https:\/\/congeladosdurango.com\/wp-content\/uploads\/2024\/04\/Photoroom-20240428_152459.png","type":"image\/png"}],"twitter_card":"summary_large_image","twitter_misc":{"Est. reading time":"1 minutua"},"schema":{"@context":"https:\/\/schema.org","@graph":[{"@type":"WebPage","@id":"https:\/\/congeladosdurango.com\/producto\/txaka-krustadur\/","url":"https:\/\/congeladosdurango.com\/producto\/txaka-krustadur\/","name":"TXAKA KRUSTASUR - Congelados Durango","isPartOf":{"@id":"https:\/\/congeladosdurango.com\/#website"},"primaryImageOfPage":{"@id":"https:\/\/congeladosdurango.com\/producto\/txaka-krustadur\/#primaryimage"},"image":{"@id":"https:\/\/congeladosdurango.com\/producto\/txaka-krustadur\/#primaryimage"},"thumbnailUrl":"https:\/\/congeladosdurango.com\/wp-content\/uploads\/2024\/04\/Photoroom-20240428_152459.png","datePublished":"2024-04-28T13:27:15+00:00","dateModified":"2025-11-04T07:01:00+00:00","breadcrumb":{"@id":"https:\/\/congeladosdurango.com\/producto\/txaka-krustadur\/#breadcrumb"},"inLanguage":"eu","potentialAction":[{"@type":"ReadAction","target":["https:\/\/congeladosdurango.com\/producto\/txaka-krustadur\/"]}]},{"@type":"ImageObject","inLanguage":"eu","@id":"https:\/\/congeladosdurango.com\/producto\/txaka-krustadur\/#primaryimage","url":"https:\/\/congeladosdurango.com\/wp-content\/uploads\/2024\/04\/Photoroom-20240428_152459.png","contentUrl":"https:\/\/congeladosdurango.com\/wp-content\/uploads\/2024\/04\/Photoroom-20240428_152459.png","width":1035,"height":962},{"@type":"BreadcrumbList","@id":"https:\/\/congeladosdurango.com\/producto\/txaka-krustadur\/#breadcrumb","itemListElement":[{"@type":"ListItem","position":1,"name":"Home","item":"https:\/\/congeladosdurango.com\/"},{"@type":"ListItem","position":2,"name":"Shop","item":"https:\/\/congeladosdurango.com\/shop\/"},{"@type":"ListItem","position":3,"name":"TXAKA KRUSTASUR"}]},{"@type":"WebSite","@id":"https:\/\/congeladosdurango.com\/#website","url":"https:\/\/congeladosdurango.com\/","name":"Congelados Durango","description":"","publisher":{"@id":"https:\/\/congeladosdurango.com\/#organization"},"potentialAction":[{"@type":"SearchAction","target":{"@type":"EntryPoint","urlTemplate":"https:\/\/congeladosdurango.com\/?s={search_term_string}"},"query-input":{"@type":"PropertyValueSpecification","valueRequired":true,"valueName":"search_term_string"}}],"inLanguage":"eu"},{"@type":"Organization","@id":"https:\/\/congeladosdurango.com\/#organization","name":"Congelados Durango","url":"https:\/\/congeladosdurango.com\/","logo":{"@type":"ImageObject","inLanguage":"eu","@id":"https:\/\/congeladosdurango.com\/#\/schema\/logo\/image\/","url":"https:\/\/congeladosdurango.com\/wp-content\/uploads\/2024\/03\/cropped-WhatsApp-Image-2024-02-05-at-10.32.16.jpeg","contentUrl":"https:\/\/congeladosdurango.com\/wp-content\/uploads\/2024\/03\/cropped-WhatsApp-Image-2024-02-05-at-10.32.16.jpeg","width":2048,"height":680,"caption":"Congelados Durango"},"image":{"@id":"https:\/\/congeladosdurango.com\/#\/schema\/logo\/image\/"}}]}},"jetpack_sharing_enabled":true,"_links":{"self":[{"href":"https:\/\/congeladosdurango.com\/eus\/wp-json\/wp\/v2\/product\/2690","targetHints":{"allow":["GET"]}}],"collection":[{"href":"https:\/\/congeladosdurango.com\/eus\/wp-json\/wp\/v2\/product"}],"about":[{"href":"https:\/\/congeladosdurango.com\/eus\/wp-json\/wp\/v2\/types\/product"}],"wp:featuredmedia":[{"embeddable":true,"href":"https:\/\/congeladosdurango.com\/eus\/wp-json\/wp\/v2\/media\/2691"}],"wp:attachment":[{"href":"https:\/\/congeladosdurango.com\/eus\/wp-json\/wp\/v2\/media?parent=2690"}],"wp:term":[{"taxonomy":"product_brand","embeddable":true,"href":"https:\/\/congeladosdurango.com\/eus\/wp-json\/wp\/v2\/product_brand?post=2690"},{"taxonomy":"product_cat","embeddable":true,"href":"https:\/\/congeladosdurango.com\/eus\/wp-json\/wp\/v2\/product_cat?post=2690"},{"taxonomy":"product_tag","embeddable":true,"href":"https:\/\/congeladosdurango.com\/eus\/wp-json\/wp\/v2\/product_tag?post=2690"}],"curies":[{"name":"wp","href":"https:\/\/api.w.org\/{rel}","templated":true}]}}