{"id":2791,"date":"2024-05-01T08:26:07","date_gmt":"2024-05-01T08:26:07","guid":{"rendered":"https:\/\/congeladosdurango.com\/?post_type=product&#038;p=2791"},"modified":"2024-12-05T17:06:40","modified_gmt":"2024-12-05T17:06:40","slug":"reposteroa-para-hornear","status":"publish","type":"product","link":"https:\/\/congeladosdurango.com\/eus\/produktua\/reposteroa-para-hornear\/","title":{"rendered":"REPOSTEROA PARA HORNEAR"},"content":{"rendered":"","protected":false},"excerpt":{"rendered":"<p>Las ca\u00f1as de cacao para hornear Berlys son un producto de reposter\u00eda congelado que permite a los consumidores preparar en casa deliciosas ca\u00f1as de cacao reci\u00e9n horneadas. Aqu\u00ed tienes m\u00e1s detalles:<\/p>\n<p>### Caracter\u00edsticas de las ca\u00f1as de cacao para hornear Berlys:<\/p>\n<p>&#8211; **Masa de cacao**: La masa est\u00e1 elaborada con harina de trigo y cacao en polvo, lo que le proporciona un delicioso sabor a chocolate.<\/p>\n<p>&#8211; **Preparaci\u00f3n congelada**: Se presenta en forma de ca\u00f1as preformadas y congeladas, listas para ser horneadas en casa.<\/p>\n<p>&#8211; **Versatilidad**: Las ca\u00f1as de cacao para hornear Berlys permiten a los consumidores disfrutar de ca\u00f1as reci\u00e9n horneadas con todo el sabor y la textura caracter\u00edsticos de la panader\u00eda gourmet, en la comodidad de su hogar.<\/p>\n<p>&#8211; **Preparaci\u00f3n sencilla**: Solo se necesitan unos pocos pasos para hornear las ca\u00f1as. Se deben sacar del congelador y dejar descongelar a temperatura ambiente durante un tiempo determinado, generalmente unas horas o durante la noche en el refrigerador. Despu\u00e9s, se hornean en el horno precalentado seg\u00fan las instrucciones del fabricante, hasta que est\u00e9n doradas y crujientes.<\/p>\n<p>&#8211; **Cobertura de glaseado de chocolate**: Algunas variedades pueden incluir una cobertura de glaseado de chocolate que le da un toque final de sabor y brillo.<\/p>\n<p>&#8211; **Origen**: Berlys es una empresa especializada en la producci\u00f3n de productos de panader\u00eda y reposter\u00eda congelados de alta calidad.<\/p>\n<p>Las ca\u00f1as de cacao para hornear Berlys son una excelente opci\u00f3n para aquellos que desean disfrutar de deliciosas ca\u00f1as de cacao reci\u00e9n horneadas en casa, sin tener que preocuparse por la preparaci\u00f3n desde cero.<\/p>\n<p>PRECIO KILO<\/p>","protected":false},"featured_media":2792,"template":"","meta":[],"product_brand":[],"product_cat":[56,82],"product_tag":[],"class_list":{"0":"post-2791","1":"product","2":"type-product","3":"status-publish","4":"has-post-thumbnail","6":"product_cat-helados-y-postres","7":"product_cat-tartas","9":"first","10":"instock","11":"shipping-taxable","12":"purchasable","13":"product-type-simple"},"yoast_head":"<!-- This site is optimized with the Yoast SEO plugin v27.3 - https:\/\/yoast.com\/product\/yoast-seo-wordpress\/ -->\n<title>REPOSTEROA PARA HORNEAR - Congelados Durango<\/title>\n<meta name=\"robots\" content=\"index, follow, max-snippet:-1, max-image-preview:large, max-video-preview:-1\" \/>\n<link rel=\"canonical\" href=\"https:\/\/congeladosdurango.com\/eus\/producto\/reposteroa-para-hornear\/\" \/>\n<meta property=\"og:locale\" content=\"en_US\" \/>\n<meta property=\"og:type\" content=\"article\" \/>\n<meta property=\"og:title\" content=\"REPOSTEROA PARA HORNEAR - Congelados Durango\" \/>\n<meta property=\"og:description\" content=\"Las ca\u00f1as de cacao para hornear Berlys son un producto de reposter\u00eda congelado que permite a los consumidores preparar en casa deliciosas ca\u00f1as de cacao reci\u00e9n horneadas. Aqu\u00ed tienes m\u00e1s detalles:  ### Caracter\u00edsticas de las ca\u00f1as de cacao para hornear Berlys:  - **Masa de cacao**: La masa est\u00e1 elaborada con harina de trigo y cacao en polvo, lo que le proporciona un delicioso sabor a chocolate.  - **Preparaci\u00f3n congelada**: Se presenta en forma de ca\u00f1as preformadas y congeladas, listas para ser horneadas en casa.  - **Versatilidad**: Las ca\u00f1as de cacao para hornear Berlys permiten a los consumidores disfrutar de ca\u00f1as reci\u00e9n horneadas con todo el sabor y la textura caracter\u00edsticos de la panader\u00eda gourmet, en la comodidad de su hogar.  - **Preparaci\u00f3n sencilla**: Solo se necesitan unos pocos pasos para hornear las ca\u00f1as. Se deben sacar del congelador y dejar descongelar a temperatura ambiente durante un tiempo determinado, generalmente unas horas o durante la noche en el refrigerador. Despu\u00e9s, se hornean en el horno precalentado seg\u00fan las instrucciones del fabricante, hasta que est\u00e9n doradas y crujientes.  - **Cobertura de glaseado de chocolate**: Algunas variedades pueden incluir una cobertura de glaseado de chocolate que le da un toque final de sabor y brillo.  - **Origen**: Berlys es una empresa especializada en la producci\u00f3n de productos de panader\u00eda y reposter\u00eda congelados de alta calidad.  Las ca\u00f1as de cacao para hornear Berlys son una excelente opci\u00f3n para aquellos que desean disfrutar de deliciosas ca\u00f1as de cacao reci\u00e9n horneadas en casa, sin tener que preocuparse por la preparaci\u00f3n desde cero.  PRECIO KILO\" \/>\n<meta property=\"og:url\" content=\"https:\/\/congeladosdurango.com\/eus\/producto\/reposteroa-para-hornear\/\" \/>\n<meta property=\"og:site_name\" content=\"Congelados Durango\" \/>\n<meta property=\"article:modified_time\" content=\"2024-12-05T17:06:40+00:00\" \/>\n<meta property=\"og:image\" content=\"https:\/\/congeladosdurango.com\/wp-content\/uploads\/2024\/05\/IMG_20240501_100944.jpg\" \/>\n\t<meta property=\"og:image:width\" content=\"989\" \/>\n\t<meta property=\"og:image:height\" content=\"988\" \/>\n\t<meta property=\"og:image:type\" content=\"image\/jpeg\" \/>\n<meta name=\"twitter:card\" content=\"summary_large_image\" \/>\n<meta name=\"twitter:label1\" content=\"Est. reading time\" \/>\n\t<meta name=\"twitter:data1\" content=\"1 minutua\" \/>\n<script type=\"application\/ld+json\" class=\"yoast-schema-graph\">{\"@context\":\"https:\\\/\\\/schema.org\",\"@graph\":[{\"@type\":\"WebPage\",\"@id\":\"https:\\\/\\\/congeladosdurango.com\\\/producto\\\/reposteroa-para-hornear\\\/\",\"url\":\"https:\\\/\\\/congeladosdurango.com\\\/producto\\\/reposteroa-para-hornear\\\/\",\"name\":\"REPOSTEROA PARA HORNEAR - Congelados Durango\",\"isPartOf\":{\"@id\":\"https:\\\/\\\/congeladosdurango.com\\\/#website\"},\"primaryImageOfPage\":{\"@id\":\"https:\\\/\\\/congeladosdurango.com\\\/producto\\\/reposteroa-para-hornear\\\/#primaryimage\"},\"image\":{\"@id\":\"https:\\\/\\\/congeladosdurango.com\\\/producto\\\/reposteroa-para-hornear\\\/#primaryimage\"},\"thumbnailUrl\":\"https:\\\/\\\/congeladosdurango.com\\\/wp-content\\\/uploads\\\/2024\\\/05\\\/IMG_20240501_100944.jpg\",\"datePublished\":\"2024-05-01T08:26:07+00:00\",\"dateModified\":\"2024-12-05T17:06:40+00:00\",\"breadcrumb\":{\"@id\":\"https:\\\/\\\/congeladosdurango.com\\\/producto\\\/reposteroa-para-hornear\\\/#breadcrumb\"},\"inLanguage\":\"eu\",\"potentialAction\":[{\"@type\":\"ReadAction\",\"target\":[\"https:\\\/\\\/congeladosdurango.com\\\/producto\\\/reposteroa-para-hornear\\\/\"]}]},{\"@type\":\"ImageObject\",\"inLanguage\":\"eu\",\"@id\":\"https:\\\/\\\/congeladosdurango.com\\\/producto\\\/reposteroa-para-hornear\\\/#primaryimage\",\"url\":\"https:\\\/\\\/congeladosdurango.com\\\/wp-content\\\/uploads\\\/2024\\\/05\\\/IMG_20240501_100944.jpg\",\"contentUrl\":\"https:\\\/\\\/congeladosdurango.com\\\/wp-content\\\/uploads\\\/2024\\\/05\\\/IMG_20240501_100944.jpg\",\"width\":989,\"height\":988},{\"@type\":\"BreadcrumbList\",\"@id\":\"https:\\\/\\\/congeladosdurango.com\\\/producto\\\/reposteroa-para-hornear\\\/#breadcrumb\",\"itemListElement\":[{\"@type\":\"ListItem\",\"position\":1,\"name\":\"Home\",\"item\":\"https:\\\/\\\/congeladosdurango.com\\\/\"},{\"@type\":\"ListItem\",\"position\":2,\"name\":\"Shop\",\"item\":\"https:\\\/\\\/congeladosdurango.com\\\/shop\\\/\"},{\"@type\":\"ListItem\",\"position\":3,\"name\":\"REPOSTEROA PARA HORNEAR\"}]},{\"@type\":\"WebSite\",\"@id\":\"https:\\\/\\\/congeladosdurango.com\\\/#website\",\"url\":\"https:\\\/\\\/congeladosdurango.com\\\/\",\"name\":\"Congelados Durango\",\"description\":\"\",\"publisher\":{\"@id\":\"https:\\\/\\\/congeladosdurango.com\\\/#organization\"},\"potentialAction\":[{\"@type\":\"SearchAction\",\"target\":{\"@type\":\"EntryPoint\",\"urlTemplate\":\"https:\\\/\\\/congeladosdurango.com\\\/?s={search_term_string}\"},\"query-input\":{\"@type\":\"PropertyValueSpecification\",\"valueRequired\":true,\"valueName\":\"search_term_string\"}}],\"inLanguage\":\"eu\"},{\"@type\":\"Organization\",\"@id\":\"https:\\\/\\\/congeladosdurango.com\\\/#organization\",\"name\":\"Congelados Durango\",\"url\":\"https:\\\/\\\/congeladosdurango.com\\\/\",\"logo\":{\"@type\":\"ImageObject\",\"inLanguage\":\"eu\",\"@id\":\"https:\\\/\\\/congeladosdurango.com\\\/#\\\/schema\\\/logo\\\/image\\\/\",\"url\":\"https:\\\/\\\/congeladosdurango.com\\\/wp-content\\\/uploads\\\/2024\\\/03\\\/cropped-WhatsApp-Image-2024-02-05-at-10.32.16.jpeg\",\"contentUrl\":\"https:\\\/\\\/congeladosdurango.com\\\/wp-content\\\/uploads\\\/2024\\\/03\\\/cropped-WhatsApp-Image-2024-02-05-at-10.32.16.jpeg\",\"width\":2048,\"height\":680,\"caption\":\"Congelados Durango\"},\"image\":{\"@id\":\"https:\\\/\\\/congeladosdurango.com\\\/#\\\/schema\\\/logo\\\/image\\\/\"}}]}<\/script>\n<!-- \/ Yoast SEO plugin. -->","yoast_head_json":{"title":"REPOSTEROA PARA HORNEAR - Congelados Durango","robots":{"index":"index","follow":"follow","max-snippet":"max-snippet:-1","max-image-preview":"max-image-preview:large","max-video-preview":"max-video-preview:-1"},"canonical":"https:\/\/congeladosdurango.com\/eus\/producto\/reposteroa-para-hornear\/","og_locale":"en_US","og_type":"article","og_title":"REPOSTEROA PARA HORNEAR - Congelados Durango","og_description":"Las ca\u00f1as de cacao para hornear Berlys son un producto de reposter\u00eda congelado que permite a los consumidores preparar en casa deliciosas ca\u00f1as de cacao reci\u00e9n horneadas. Aqu\u00ed tienes m\u00e1s detalles:  ### Caracter\u00edsticas de las ca\u00f1as de cacao para hornear Berlys:  - **Masa de cacao**: La masa est\u00e1 elaborada con harina de trigo y cacao en polvo, lo que le proporciona un delicioso sabor a chocolate.  - **Preparaci\u00f3n congelada**: Se presenta en forma de ca\u00f1as preformadas y congeladas, listas para ser horneadas en casa.  - **Versatilidad**: Las ca\u00f1as de cacao para hornear Berlys permiten a los consumidores disfrutar de ca\u00f1as reci\u00e9n horneadas con todo el sabor y la textura caracter\u00edsticos de la panader\u00eda gourmet, en la comodidad de su hogar.  - **Preparaci\u00f3n sencilla**: Solo se necesitan unos pocos pasos para hornear las ca\u00f1as. Se deben sacar del congelador y dejar descongelar a temperatura ambiente durante un tiempo determinado, generalmente unas horas o durante la noche en el refrigerador. Despu\u00e9s, se hornean en el horno precalentado seg\u00fan las instrucciones del fabricante, hasta que est\u00e9n doradas y crujientes.  - **Cobertura de glaseado de chocolate**: Algunas variedades pueden incluir una cobertura de glaseado de chocolate que le da un toque final de sabor y brillo.  - **Origen**: Berlys es una empresa especializada en la producci\u00f3n de productos de panader\u00eda y reposter\u00eda congelados de alta calidad.  Las ca\u00f1as de cacao para hornear Berlys son una excelente opci\u00f3n para aquellos que desean disfrutar de deliciosas ca\u00f1as de cacao reci\u00e9n horneadas en casa, sin tener que preocuparse por la preparaci\u00f3n desde cero.  PRECIO KILO","og_url":"https:\/\/congeladosdurango.com\/eus\/producto\/reposteroa-para-hornear\/","og_site_name":"Congelados Durango","article_modified_time":"2024-12-05T17:06:40+00:00","og_image":[{"width":989,"height":988,"url":"https:\/\/congeladosdurango.com\/wp-content\/uploads\/2024\/05\/IMG_20240501_100944.jpg","type":"image\/jpeg"}],"twitter_card":"summary_large_image","twitter_misc":{"Est. reading time":"1 minutua"},"schema":{"@context":"https:\/\/schema.org","@graph":[{"@type":"WebPage","@id":"https:\/\/congeladosdurango.com\/producto\/reposteroa-para-hornear\/","url":"https:\/\/congeladosdurango.com\/producto\/reposteroa-para-hornear\/","name":"REPOSTEROA PARA HORNEAR - Congelados Durango","isPartOf":{"@id":"https:\/\/congeladosdurango.com\/#website"},"primaryImageOfPage":{"@id":"https:\/\/congeladosdurango.com\/producto\/reposteroa-para-hornear\/#primaryimage"},"image":{"@id":"https:\/\/congeladosdurango.com\/producto\/reposteroa-para-hornear\/#primaryimage"},"thumbnailUrl":"https:\/\/congeladosdurango.com\/wp-content\/uploads\/2024\/05\/IMG_20240501_100944.jpg","datePublished":"2024-05-01T08:26:07+00:00","dateModified":"2024-12-05T17:06:40+00:00","breadcrumb":{"@id":"https:\/\/congeladosdurango.com\/producto\/reposteroa-para-hornear\/#breadcrumb"},"inLanguage":"eu","potentialAction":[{"@type":"ReadAction","target":["https:\/\/congeladosdurango.com\/producto\/reposteroa-para-hornear\/"]}]},{"@type":"ImageObject","inLanguage":"eu","@id":"https:\/\/congeladosdurango.com\/producto\/reposteroa-para-hornear\/#primaryimage","url":"https:\/\/congeladosdurango.com\/wp-content\/uploads\/2024\/05\/IMG_20240501_100944.jpg","contentUrl":"https:\/\/congeladosdurango.com\/wp-content\/uploads\/2024\/05\/IMG_20240501_100944.jpg","width":989,"height":988},{"@type":"BreadcrumbList","@id":"https:\/\/congeladosdurango.com\/producto\/reposteroa-para-hornear\/#breadcrumb","itemListElement":[{"@type":"ListItem","position":1,"name":"Home","item":"https:\/\/congeladosdurango.com\/"},{"@type":"ListItem","position":2,"name":"Shop","item":"https:\/\/congeladosdurango.com\/shop\/"},{"@type":"ListItem","position":3,"name":"REPOSTEROA PARA HORNEAR"}]},{"@type":"WebSite","@id":"https:\/\/congeladosdurango.com\/#website","url":"https:\/\/congeladosdurango.com\/","name":"Congelados Durango","description":"","publisher":{"@id":"https:\/\/congeladosdurango.com\/#organization"},"potentialAction":[{"@type":"SearchAction","target":{"@type":"EntryPoint","urlTemplate":"https:\/\/congeladosdurango.com\/?s={search_term_string}"},"query-input":{"@type":"PropertyValueSpecification","valueRequired":true,"valueName":"search_term_string"}}],"inLanguage":"eu"},{"@type":"Organization","@id":"https:\/\/congeladosdurango.com\/#organization","name":"Congelados Durango","url":"https:\/\/congeladosdurango.com\/","logo":{"@type":"ImageObject","inLanguage":"eu","@id":"https:\/\/congeladosdurango.com\/#\/schema\/logo\/image\/","url":"https:\/\/congeladosdurango.com\/wp-content\/uploads\/2024\/03\/cropped-WhatsApp-Image-2024-02-05-at-10.32.16.jpeg","contentUrl":"https:\/\/congeladosdurango.com\/wp-content\/uploads\/2024\/03\/cropped-WhatsApp-Image-2024-02-05-at-10.32.16.jpeg","width":2048,"height":680,"caption":"Congelados Durango"},"image":{"@id":"https:\/\/congeladosdurango.com\/#\/schema\/logo\/image\/"}}]}},"jetpack_sharing_enabled":true,"_links":{"self":[{"href":"https:\/\/congeladosdurango.com\/eus\/wp-json\/wp\/v2\/product\/2791","targetHints":{"allow":["GET"]}}],"collection":[{"href":"https:\/\/congeladosdurango.com\/eus\/wp-json\/wp\/v2\/product"}],"about":[{"href":"https:\/\/congeladosdurango.com\/eus\/wp-json\/wp\/v2\/types\/product"}],"wp:featuredmedia":[{"embeddable":true,"href":"https:\/\/congeladosdurango.com\/eus\/wp-json\/wp\/v2\/media\/2792"}],"wp:attachment":[{"href":"https:\/\/congeladosdurango.com\/eus\/wp-json\/wp\/v2\/media?parent=2791"}],"wp:term":[{"taxonomy":"product_brand","embeddable":true,"href":"https:\/\/congeladosdurango.com\/eus\/wp-json\/wp\/v2\/product_brand?post=2791"},{"taxonomy":"product_cat","embeddable":true,"href":"https:\/\/congeladosdurango.com\/eus\/wp-json\/wp\/v2\/product_cat?post=2791"},{"taxonomy":"product_tag","embeddable":true,"href":"https:\/\/congeladosdurango.com\/eus\/wp-json\/wp\/v2\/product_tag?post=2791"}],"curies":[{"name":"wp","href":"https:\/\/api.w.org\/{rel}","templated":true}]}}