{"id":3190,"date":"2024-09-01T10:08:35","date_gmt":"2024-09-01T10:08:35","guid":{"rendered":"https:\/\/congeladosdurango.com\/?post_type=product&#038;p=3190"},"modified":"2026-01-23T12:12:23","modified_gmt":"2026-01-23T12:12:23","slug":"escalope-de-pollo","status":"publish","type":"product","link":"https:\/\/congeladosdurango.com\/eus\/produktua\/escalope-de-pollo\/","title":{"rendered":"ESCALOPE DE POLLO"},"content":{"rendered":"","protected":false},"excerpt":{"rendered":"<p>El Escalope de Pollo Doux es una fina pechuga de pollo cuidadosamente empanizada.<br \/>\nSu rebozado dorado y crujiente resalta la suavidad y jugosidad de la carne.<br \/>\nEs pr\u00e1ctico y vers\u00e1til, ideal para preparar en sart\u00e9n, horno o freidora.<br \/>\nPerfecto para una comida r\u00e1pida, nutritiva y con todo el sabor del pollo Doux.<\/p>\n<p>PRECIO ESTUCHE 500gr<\/p>","protected":false},"featured_media":3191,"template":"","meta":[],"product_brand":[],"product_cat":[46,77],"product_tag":[],"class_list":{"0":"post-3190","1":"product","2":"type-product","3":"status-publish","4":"has-post-thumbnail","6":"product_cat-precocinados","7":"product_cat-precocinados-de-carne","9":"first","10":"instock","11":"shipping-taxable","12":"purchasable","13":"product-type-simple"},"yoast_head":"<!-- This site is optimized with the Yoast SEO plugin v27.3 - https:\/\/yoast.com\/product\/yoast-seo-wordpress\/ -->\n<title>ESCALOPE DE POLLO - Congelados Durango<\/title>\n<meta name=\"robots\" content=\"index, follow, max-snippet:-1, max-image-preview:large, max-video-preview:-1\" \/>\n<link rel=\"canonical\" href=\"https:\/\/congeladosdurango.com\/eus\/producto\/escalope-de-pollo\/\" \/>\n<meta property=\"og:locale\" content=\"en_US\" \/>\n<meta property=\"og:type\" content=\"article\" \/>\n<meta property=\"og:title\" content=\"ESCALOPE DE POLLO - Congelados Durango\" \/>\n<meta property=\"og:description\" content=\"El Escalope de Pollo Doux es una fina pechuga de pollo cuidadosamente empanizada. Su rebozado dorado y crujiente resalta la suavidad y jugosidad de la carne. Es pr\u00e1ctico y vers\u00e1til, ideal para preparar en sart\u00e9n, horno o freidora. Perfecto para una comida r\u00e1pida, nutritiva y con todo el sabor del pollo Doux.  PRECIO ESTUCHE 500gr\" \/>\n<meta property=\"og:url\" content=\"https:\/\/congeladosdurango.com\/eus\/producto\/escalope-de-pollo\/\" \/>\n<meta property=\"og:site_name\" content=\"Congelados Durango\" \/>\n<meta property=\"article:modified_time\" content=\"2026-01-23T12:12:23+00:00\" \/>\n<meta property=\"og:image\" content=\"https:\/\/congeladosdurango.com\/wp-content\/uploads\/2024\/09\/Photoroom-20240901_115950.png\" \/>\n\t<meta property=\"og:image:width\" content=\"1080\" \/>\n\t<meta property=\"og:image:height\" content=\"890\" \/>\n\t<meta property=\"og:image:type\" content=\"image\/png\" \/>\n<meta name=\"twitter:card\" content=\"summary_large_image\" \/>\n<meta name=\"twitter:label1\" content=\"Est. reading time\" \/>\n\t<meta name=\"twitter:data1\" content=\"1 minutua\" \/>\n<script type=\"application\/ld+json\" class=\"yoast-schema-graph\">{\"@context\":\"https:\\\/\\\/schema.org\",\"@graph\":[{\"@type\":\"WebPage\",\"@id\":\"https:\\\/\\\/congeladosdurango.com\\\/producto\\\/escalope-de-pollo\\\/\",\"url\":\"https:\\\/\\\/congeladosdurango.com\\\/producto\\\/escalope-de-pollo\\\/\",\"name\":\"ESCALOPE DE POLLO - Congelados Durango\",\"isPartOf\":{\"@id\":\"https:\\\/\\\/congeladosdurango.com\\\/#website\"},\"primaryImageOfPage\":{\"@id\":\"https:\\\/\\\/congeladosdurango.com\\\/producto\\\/escalope-de-pollo\\\/#primaryimage\"},\"image\":{\"@id\":\"https:\\\/\\\/congeladosdurango.com\\\/producto\\\/escalope-de-pollo\\\/#primaryimage\"},\"thumbnailUrl\":\"https:\\\/\\\/congeladosdurango.com\\\/wp-content\\\/uploads\\\/2024\\\/09\\\/Photoroom-20240901_115950.png\",\"datePublished\":\"2024-09-01T10:08:35+00:00\",\"dateModified\":\"2026-01-23T12:12:23+00:00\",\"breadcrumb\":{\"@id\":\"https:\\\/\\\/congeladosdurango.com\\\/producto\\\/escalope-de-pollo\\\/#breadcrumb\"},\"inLanguage\":\"eu\",\"potentialAction\":[{\"@type\":\"ReadAction\",\"target\":[\"https:\\\/\\\/congeladosdurango.com\\\/producto\\\/escalope-de-pollo\\\/\"]}]},{\"@type\":\"ImageObject\",\"inLanguage\":\"eu\",\"@id\":\"https:\\\/\\\/congeladosdurango.com\\\/producto\\\/escalope-de-pollo\\\/#primaryimage\",\"url\":\"https:\\\/\\\/congeladosdurango.com\\\/wp-content\\\/uploads\\\/2024\\\/09\\\/Photoroom-20240901_115950.png\",\"contentUrl\":\"https:\\\/\\\/congeladosdurango.com\\\/wp-content\\\/uploads\\\/2024\\\/09\\\/Photoroom-20240901_115950.png\",\"width\":1080,\"height\":890},{\"@type\":\"BreadcrumbList\",\"@id\":\"https:\\\/\\\/congeladosdurango.com\\\/producto\\\/escalope-de-pollo\\\/#breadcrumb\",\"itemListElement\":[{\"@type\":\"ListItem\",\"position\":1,\"name\":\"Home\",\"item\":\"https:\\\/\\\/congeladosdurango.com\\\/\"},{\"@type\":\"ListItem\",\"position\":2,\"name\":\"Shop\",\"item\":\"https:\\\/\\\/congeladosdurango.com\\\/shop\\\/\"},{\"@type\":\"ListItem\",\"position\":3,\"name\":\"ESCALOPE DE POLLO\"}]},{\"@type\":\"WebSite\",\"@id\":\"https:\\\/\\\/congeladosdurango.com\\\/#website\",\"url\":\"https:\\\/\\\/congeladosdurango.com\\\/\",\"name\":\"Congelados Durango\",\"description\":\"\",\"publisher\":{\"@id\":\"https:\\\/\\\/congeladosdurango.com\\\/#organization\"},\"potentialAction\":[{\"@type\":\"SearchAction\",\"target\":{\"@type\":\"EntryPoint\",\"urlTemplate\":\"https:\\\/\\\/congeladosdurango.com\\\/?s={search_term_string}\"},\"query-input\":{\"@type\":\"PropertyValueSpecification\",\"valueRequired\":true,\"valueName\":\"search_term_string\"}}],\"inLanguage\":\"eu\"},{\"@type\":\"Organization\",\"@id\":\"https:\\\/\\\/congeladosdurango.com\\\/#organization\",\"name\":\"Congelados Durango\",\"url\":\"https:\\\/\\\/congeladosdurango.com\\\/\",\"logo\":{\"@type\":\"ImageObject\",\"inLanguage\":\"eu\",\"@id\":\"https:\\\/\\\/congeladosdurango.com\\\/#\\\/schema\\\/logo\\\/image\\\/\",\"url\":\"https:\\\/\\\/congeladosdurango.com\\\/wp-content\\\/uploads\\\/2024\\\/03\\\/cropped-WhatsApp-Image-2024-02-05-at-10.32.16.jpeg\",\"contentUrl\":\"https:\\\/\\\/congeladosdurango.com\\\/wp-content\\\/uploads\\\/2024\\\/03\\\/cropped-WhatsApp-Image-2024-02-05-at-10.32.16.jpeg\",\"width\":2048,\"height\":680,\"caption\":\"Congelados Durango\"},\"image\":{\"@id\":\"https:\\\/\\\/congeladosdurango.com\\\/#\\\/schema\\\/logo\\\/image\\\/\"}}]}<\/script>\n<!-- \/ Yoast SEO plugin. -->","yoast_head_json":{"title":"ESCALOPE DE POLLO - Congelados Durango","robots":{"index":"index","follow":"follow","max-snippet":"max-snippet:-1","max-image-preview":"max-image-preview:large","max-video-preview":"max-video-preview:-1"},"canonical":"https:\/\/congeladosdurango.com\/eus\/producto\/escalope-de-pollo\/","og_locale":"en_US","og_type":"article","og_title":"ESCALOPE DE POLLO - Congelados Durango","og_description":"El Escalope de Pollo Doux es una fina pechuga de pollo cuidadosamente empanizada. Su rebozado dorado y crujiente resalta la suavidad y jugosidad de la carne. Es pr\u00e1ctico y vers\u00e1til, ideal para preparar en sart\u00e9n, horno o freidora. Perfecto para una comida r\u00e1pida, nutritiva y con todo el sabor del pollo Doux.  PRECIO ESTUCHE 500gr","og_url":"https:\/\/congeladosdurango.com\/eus\/producto\/escalope-de-pollo\/","og_site_name":"Congelados Durango","article_modified_time":"2026-01-23T12:12:23+00:00","og_image":[{"width":1080,"height":890,"url":"https:\/\/congeladosdurango.com\/wp-content\/uploads\/2024\/09\/Photoroom-20240901_115950.png","type":"image\/png"}],"twitter_card":"summary_large_image","twitter_misc":{"Est. reading time":"1 minutua"},"schema":{"@context":"https:\/\/schema.org","@graph":[{"@type":"WebPage","@id":"https:\/\/congeladosdurango.com\/producto\/escalope-de-pollo\/","url":"https:\/\/congeladosdurango.com\/producto\/escalope-de-pollo\/","name":"ESCALOPE DE POLLO - Congelados Durango","isPartOf":{"@id":"https:\/\/congeladosdurango.com\/#website"},"primaryImageOfPage":{"@id":"https:\/\/congeladosdurango.com\/producto\/escalope-de-pollo\/#primaryimage"},"image":{"@id":"https:\/\/congeladosdurango.com\/producto\/escalope-de-pollo\/#primaryimage"},"thumbnailUrl":"https:\/\/congeladosdurango.com\/wp-content\/uploads\/2024\/09\/Photoroom-20240901_115950.png","datePublished":"2024-09-01T10:08:35+00:00","dateModified":"2026-01-23T12:12:23+00:00","breadcrumb":{"@id":"https:\/\/congeladosdurango.com\/producto\/escalope-de-pollo\/#breadcrumb"},"inLanguage":"eu","potentialAction":[{"@type":"ReadAction","target":["https:\/\/congeladosdurango.com\/producto\/escalope-de-pollo\/"]}]},{"@type":"ImageObject","inLanguage":"eu","@id":"https:\/\/congeladosdurango.com\/producto\/escalope-de-pollo\/#primaryimage","url":"https:\/\/congeladosdurango.com\/wp-content\/uploads\/2024\/09\/Photoroom-20240901_115950.png","contentUrl":"https:\/\/congeladosdurango.com\/wp-content\/uploads\/2024\/09\/Photoroom-20240901_115950.png","width":1080,"height":890},{"@type":"BreadcrumbList","@id":"https:\/\/congeladosdurango.com\/producto\/escalope-de-pollo\/#breadcrumb","itemListElement":[{"@type":"ListItem","position":1,"name":"Home","item":"https:\/\/congeladosdurango.com\/"},{"@type":"ListItem","position":2,"name":"Shop","item":"https:\/\/congeladosdurango.com\/shop\/"},{"@type":"ListItem","position":3,"name":"ESCALOPE DE POLLO"}]},{"@type":"WebSite","@id":"https:\/\/congeladosdurango.com\/#website","url":"https:\/\/congeladosdurango.com\/","name":"Congelados Durango","description":"","publisher":{"@id":"https:\/\/congeladosdurango.com\/#organization"},"potentialAction":[{"@type":"SearchAction","target":{"@type":"EntryPoint","urlTemplate":"https:\/\/congeladosdurango.com\/?s={search_term_string}"},"query-input":{"@type":"PropertyValueSpecification","valueRequired":true,"valueName":"search_term_string"}}],"inLanguage":"eu"},{"@type":"Organization","@id":"https:\/\/congeladosdurango.com\/#organization","name":"Congelados Durango","url":"https:\/\/congeladosdurango.com\/","logo":{"@type":"ImageObject","inLanguage":"eu","@id":"https:\/\/congeladosdurango.com\/#\/schema\/logo\/image\/","url":"https:\/\/congeladosdurango.com\/wp-content\/uploads\/2024\/03\/cropped-WhatsApp-Image-2024-02-05-at-10.32.16.jpeg","contentUrl":"https:\/\/congeladosdurango.com\/wp-content\/uploads\/2024\/03\/cropped-WhatsApp-Image-2024-02-05-at-10.32.16.jpeg","width":2048,"height":680,"caption":"Congelados Durango"},"image":{"@id":"https:\/\/congeladosdurango.com\/#\/schema\/logo\/image\/"}}]}},"jetpack_sharing_enabled":true,"_links":{"self":[{"href":"https:\/\/congeladosdurango.com\/eus\/wp-json\/wp\/v2\/product\/3190","targetHints":{"allow":["GET"]}}],"collection":[{"href":"https:\/\/congeladosdurango.com\/eus\/wp-json\/wp\/v2\/product"}],"about":[{"href":"https:\/\/congeladosdurango.com\/eus\/wp-json\/wp\/v2\/types\/product"}],"wp:featuredmedia":[{"embeddable":true,"href":"https:\/\/congeladosdurango.com\/eus\/wp-json\/wp\/v2\/media\/3191"}],"wp:attachment":[{"href":"https:\/\/congeladosdurango.com\/eus\/wp-json\/wp\/v2\/media?parent=3190"}],"wp:term":[{"taxonomy":"product_brand","embeddable":true,"href":"https:\/\/congeladosdurango.com\/eus\/wp-json\/wp\/v2\/product_brand?post=3190"},{"taxonomy":"product_cat","embeddable":true,"href":"https:\/\/congeladosdurango.com\/eus\/wp-json\/wp\/v2\/product_cat?post=3190"},{"taxonomy":"product_tag","embeddable":true,"href":"https:\/\/congeladosdurango.com\/eus\/wp-json\/wp\/v2\/product_tag?post=3190"}],"curies":[{"name":"wp","href":"https:\/\/api.w.org\/{rel}","templated":true}]}}