{"id":3314,"date":"2024-11-02T10:26:01","date_gmt":"2024-11-02T10:26:01","guid":{"rendered":"https:\/\/congeladosdurango.com\/?post_type=product&#038;p=3314"},"modified":"2026-01-23T12:11:41","modified_gmt":"2026-01-23T12:11:41","slug":"langostino-huelav-30-40-piezas","status":"publish","type":"product","link":"https:\/\/congeladosdurango.com\/eus\/produktua\/langostino-huelav-30-40-piezas\/","title":{"rendered":"LANGOSTINO HUELVA 30\/40 PIEZAS"},"content":{"rendered":"","protected":false},"excerpt":{"rendered":"<p>El <strong>langostino de Huelva<\/strong> es un marisco de gran calidad, caracter\u00edstico por su carne firme, jugosa y de sabor intenso a mar.<br \/>\nSe distingue por su frescura y tama\u00f1o, lo que lo hace muy apreciado en la alta gastronom\u00eda.<br \/>\nSu sabor dulce y delicado lo convierte en ideal para preparaciones a la plancha, al vapor o en arroces y guisos marineros.<br \/>\nEs un producto gourmet que refleja la tradici\u00f3n y riqueza de los productos del litoral onubense.<\/p>\n<p>PRECIO ESTUCHE 1 Kg<\/p>","protected":false},"featured_media":3385,"template":"","meta":[],"product_brand":[],"product_cat":[48,68],"product_tag":[],"class_list":{"0":"post-3314","1":"product","2":"type-product","3":"status-publish","4":"has-post-thumbnail","6":"product_cat-marisco","7":"product_cat-marisco-crudo","9":"first","10":"instock","11":"shipping-taxable","12":"purchasable","13":"product-type-simple"},"yoast_head":"<!-- This site is optimized with the Yoast SEO plugin v27.5 - https:\/\/yoast.com\/product\/yoast-seo-wordpress\/ -->\n<title>LANGOSTINO HUELVA 30\/40 PIEZAS - Congelados Durango<\/title>\n<meta name=\"robots\" content=\"index, follow, max-snippet:-1, max-image-preview:large, max-video-preview:-1\" \/>\n<link rel=\"canonical\" href=\"https:\/\/congeladosdurango.com\/eus\/produktua\/langostino-huelav-30-40-piezas\/\" \/>\n<meta property=\"og:locale\" content=\"en_US\" \/>\n<meta property=\"og:type\" content=\"article\" \/>\n<meta property=\"og:title\" content=\"LANGOSTINO HUELVA 30\/40 PIEZAS - Congelados Durango\" \/>\n<meta property=\"og:description\" content=\"El langostino de Huelva es un marisco de gran calidad, caracter\u00edstico por su carne firme, jugosa y de sabor intenso a mar. Se distingue por su frescura y tama\u00f1o, lo que lo hace muy apreciado en la alta gastronom\u00eda. Su sabor dulce y delicado lo convierte en ideal para preparaciones a la plancha, al vapor o en arroces y guisos marineros. Es un producto gourmet que refleja la tradici\u00f3n y riqueza de los productos del litoral onubense.  PRECIO ESTUCHE 1 Kg\" \/>\n<meta property=\"og:url\" content=\"https:\/\/congeladosdurango.com\/eus\/produktua\/langostino-huelav-30-40-piezas\/\" \/>\n<meta property=\"og:site_name\" content=\"Congelados Durango\" \/>\n<meta property=\"article:modified_time\" content=\"2026-01-23T12:11:41+00:00\" \/>\n<meta property=\"og:image\" content=\"https:\/\/congeladosdurango.com\/wp-content\/uploads\/2024\/11\/Photoroom-20241125_185434.png\" \/>\n\t<meta property=\"og:image:width\" content=\"1512\" \/>\n\t<meta property=\"og:image:height\" content=\"2016\" \/>\n\t<meta property=\"og:image:type\" content=\"image\/png\" \/>\n<meta name=\"twitter:card\" content=\"summary_large_image\" \/>\n<meta name=\"twitter:label1\" content=\"Est. reading time\" \/>\n\t<meta name=\"twitter:data1\" content=\"1 minutua\" \/>\n<script type=\"application\/ld+json\" class=\"yoast-schema-graph\">{\"@context\":\"https:\\\/\\\/schema.org\",\"@graph\":[{\"@type\":\"WebPage\",\"@id\":\"https:\\\/\\\/congeladosdurango.com\\\/producto\\\/langostino-huelav-30-40-piezas\\\/\",\"url\":\"https:\\\/\\\/congeladosdurango.com\\\/producto\\\/langostino-huelav-30-40-piezas\\\/\",\"name\":\"LANGOSTINO HUELVA 30\\\/40 PIEZAS - Congelados Durango\",\"isPartOf\":{\"@id\":\"https:\\\/\\\/congeladosdurango.com\\\/#website\"},\"primaryImageOfPage\":{\"@id\":\"https:\\\/\\\/congeladosdurango.com\\\/producto\\\/langostino-huelav-30-40-piezas\\\/#primaryimage\"},\"image\":{\"@id\":\"https:\\\/\\\/congeladosdurango.com\\\/producto\\\/langostino-huelav-30-40-piezas\\\/#primaryimage\"},\"thumbnailUrl\":\"https:\\\/\\\/congeladosdurango.com\\\/wp-content\\\/uploads\\\/2024\\\/11\\\/Photoroom-20241125_185434.png\",\"datePublished\":\"2024-11-02T10:26:01+00:00\",\"dateModified\":\"2026-01-23T12:11:41+00:00\",\"breadcrumb\":{\"@id\":\"https:\\\/\\\/congeladosdurango.com\\\/producto\\\/langostino-huelav-30-40-piezas\\\/#breadcrumb\"},\"inLanguage\":\"eu\",\"potentialAction\":[{\"@type\":\"ReadAction\",\"target\":[\"https:\\\/\\\/congeladosdurango.com\\\/producto\\\/langostino-huelav-30-40-piezas\\\/\"]}]},{\"@type\":\"ImageObject\",\"inLanguage\":\"eu\",\"@id\":\"https:\\\/\\\/congeladosdurango.com\\\/producto\\\/langostino-huelav-30-40-piezas\\\/#primaryimage\",\"url\":\"https:\\\/\\\/congeladosdurango.com\\\/wp-content\\\/uploads\\\/2024\\\/11\\\/Photoroom-20241125_185434.png\",\"contentUrl\":\"https:\\\/\\\/congeladosdurango.com\\\/wp-content\\\/uploads\\\/2024\\\/11\\\/Photoroom-20241125_185434.png\",\"width\":1512,\"height\":2016},{\"@type\":\"BreadcrumbList\",\"@id\":\"https:\\\/\\\/congeladosdurango.com\\\/producto\\\/langostino-huelav-30-40-piezas\\\/#breadcrumb\",\"itemListElement\":[{\"@type\":\"ListItem\",\"position\":1,\"name\":\"Home\",\"item\":\"https:\\\/\\\/congeladosdurango.com\\\/\"},{\"@type\":\"ListItem\",\"position\":2,\"name\":\"Shop\",\"item\":\"https:\\\/\\\/congeladosdurango.com\\\/shop\\\/\"},{\"@type\":\"ListItem\",\"position\":3,\"name\":\"LANGOSTINO HUELVA 30\\\/40 PIEZAS\"}]},{\"@type\":\"WebSite\",\"@id\":\"https:\\\/\\\/congeladosdurango.com\\\/#website\",\"url\":\"https:\\\/\\\/congeladosdurango.com\\\/\",\"name\":\"Congelados Durango\",\"description\":\"\",\"publisher\":{\"@id\":\"https:\\\/\\\/congeladosdurango.com\\\/#organization\"},\"potentialAction\":[{\"@type\":\"SearchAction\",\"target\":{\"@type\":\"EntryPoint\",\"urlTemplate\":\"https:\\\/\\\/congeladosdurango.com\\\/?s={search_term_string}\"},\"query-input\":{\"@type\":\"PropertyValueSpecification\",\"valueRequired\":true,\"valueName\":\"search_term_string\"}}],\"inLanguage\":\"eu\"},{\"@type\":\"Organization\",\"@id\":\"https:\\\/\\\/congeladosdurango.com\\\/#organization\",\"name\":\"Congelados Durango\",\"url\":\"https:\\\/\\\/congeladosdurango.com\\\/\",\"logo\":{\"@type\":\"ImageObject\",\"inLanguage\":\"eu\",\"@id\":\"https:\\\/\\\/congeladosdurango.com\\\/#\\\/schema\\\/logo\\\/image\\\/\",\"url\":\"https:\\\/\\\/congeladosdurango.com\\\/wp-content\\\/uploads\\\/2024\\\/03\\\/cropped-WhatsApp-Image-2024-02-05-at-10.32.16.jpeg\",\"contentUrl\":\"https:\\\/\\\/congeladosdurango.com\\\/wp-content\\\/uploads\\\/2024\\\/03\\\/cropped-WhatsApp-Image-2024-02-05-at-10.32.16.jpeg\",\"width\":2048,\"height\":680,\"caption\":\"Congelados Durango\"},\"image\":{\"@id\":\"https:\\\/\\\/congeladosdurango.com\\\/#\\\/schema\\\/logo\\\/image\\\/\"}}]}<\/script>\n<!-- \/ Yoast SEO plugin. -->","yoast_head_json":{"title":"LANGOSTINO HUELVA 30\/40 PIEZAS - Congelados Durango","robots":{"index":"index","follow":"follow","max-snippet":"max-snippet:-1","max-image-preview":"max-image-preview:large","max-video-preview":"max-video-preview:-1"},"canonical":"https:\/\/congeladosdurango.com\/eus\/produktua\/langostino-huelav-30-40-piezas\/","og_locale":"en_US","og_type":"article","og_title":"LANGOSTINO HUELVA 30\/40 PIEZAS - Congelados Durango","og_description":"El langostino de Huelva es un marisco de gran calidad, caracter\u00edstico por su carne firme, jugosa y de sabor intenso a mar. Se distingue por su frescura y tama\u00f1o, lo que lo hace muy apreciado en la alta gastronom\u00eda. Su sabor dulce y delicado lo convierte en ideal para preparaciones a la plancha, al vapor o en arroces y guisos marineros. Es un producto gourmet que refleja la tradici\u00f3n y riqueza de los productos del litoral onubense.  PRECIO ESTUCHE 1 Kg","og_url":"https:\/\/congeladosdurango.com\/eus\/produktua\/langostino-huelav-30-40-piezas\/","og_site_name":"Congelados Durango","article_modified_time":"2026-01-23T12:11:41+00:00","og_image":[{"width":1512,"height":2016,"url":"https:\/\/congeladosdurango.com\/wp-content\/uploads\/2024\/11\/Photoroom-20241125_185434.png","type":"image\/png"}],"twitter_card":"summary_large_image","twitter_misc":{"Est. reading time":"1 minutua"},"schema":{"@context":"https:\/\/schema.org","@graph":[{"@type":"WebPage","@id":"https:\/\/congeladosdurango.com\/producto\/langostino-huelav-30-40-piezas\/","url":"https:\/\/congeladosdurango.com\/producto\/langostino-huelav-30-40-piezas\/","name":"LANGOSTINO HUELVA 30\/40 PIEZAS - Congelados Durango","isPartOf":{"@id":"https:\/\/congeladosdurango.com\/#website"},"primaryImageOfPage":{"@id":"https:\/\/congeladosdurango.com\/producto\/langostino-huelav-30-40-piezas\/#primaryimage"},"image":{"@id":"https:\/\/congeladosdurango.com\/producto\/langostino-huelav-30-40-piezas\/#primaryimage"},"thumbnailUrl":"https:\/\/congeladosdurango.com\/wp-content\/uploads\/2024\/11\/Photoroom-20241125_185434.png","datePublished":"2024-11-02T10:26:01+00:00","dateModified":"2026-01-23T12:11:41+00:00","breadcrumb":{"@id":"https:\/\/congeladosdurango.com\/producto\/langostino-huelav-30-40-piezas\/#breadcrumb"},"inLanguage":"eu","potentialAction":[{"@type":"ReadAction","target":["https:\/\/congeladosdurango.com\/producto\/langostino-huelav-30-40-piezas\/"]}]},{"@type":"ImageObject","inLanguage":"eu","@id":"https:\/\/congeladosdurango.com\/producto\/langostino-huelav-30-40-piezas\/#primaryimage","url":"https:\/\/congeladosdurango.com\/wp-content\/uploads\/2024\/11\/Photoroom-20241125_185434.png","contentUrl":"https:\/\/congeladosdurango.com\/wp-content\/uploads\/2024\/11\/Photoroom-20241125_185434.png","width":1512,"height":2016},{"@type":"BreadcrumbList","@id":"https:\/\/congeladosdurango.com\/producto\/langostino-huelav-30-40-piezas\/#breadcrumb","itemListElement":[{"@type":"ListItem","position":1,"name":"Home","item":"https:\/\/congeladosdurango.com\/"},{"@type":"ListItem","position":2,"name":"Shop","item":"https:\/\/congeladosdurango.com\/shop\/"},{"@type":"ListItem","position":3,"name":"LANGOSTINO HUELVA 30\/40 PIEZAS"}]},{"@type":"WebSite","@id":"https:\/\/congeladosdurango.com\/#website","url":"https:\/\/congeladosdurango.com\/","name":"Congelados Durango","description":"","publisher":{"@id":"https:\/\/congeladosdurango.com\/#organization"},"potentialAction":[{"@type":"SearchAction","target":{"@type":"EntryPoint","urlTemplate":"https:\/\/congeladosdurango.com\/?s={search_term_string}"},"query-input":{"@type":"PropertyValueSpecification","valueRequired":true,"valueName":"search_term_string"}}],"inLanguage":"eu"},{"@type":"Organization","@id":"https:\/\/congeladosdurango.com\/#organization","name":"Congelados Durango","url":"https:\/\/congeladosdurango.com\/","logo":{"@type":"ImageObject","inLanguage":"eu","@id":"https:\/\/congeladosdurango.com\/#\/schema\/logo\/image\/","url":"https:\/\/congeladosdurango.com\/wp-content\/uploads\/2024\/03\/cropped-WhatsApp-Image-2024-02-05-at-10.32.16.jpeg","contentUrl":"https:\/\/congeladosdurango.com\/wp-content\/uploads\/2024\/03\/cropped-WhatsApp-Image-2024-02-05-at-10.32.16.jpeg","width":2048,"height":680,"caption":"Congelados Durango"},"image":{"@id":"https:\/\/congeladosdurango.com\/#\/schema\/logo\/image\/"}}]}},"jetpack_sharing_enabled":true,"_links":{"self":[{"href":"https:\/\/congeladosdurango.com\/eus\/wp-json\/wp\/v2\/product\/3314","targetHints":{"allow":["GET"]}}],"collection":[{"href":"https:\/\/congeladosdurango.com\/eus\/wp-json\/wp\/v2\/product"}],"about":[{"href":"https:\/\/congeladosdurango.com\/eus\/wp-json\/wp\/v2\/types\/product"}],"wp:featuredmedia":[{"embeddable":true,"href":"https:\/\/congeladosdurango.com\/eus\/wp-json\/wp\/v2\/media\/3385"}],"wp:attachment":[{"href":"https:\/\/congeladosdurango.com\/eus\/wp-json\/wp\/v2\/media?parent=3314"}],"wp:term":[{"taxonomy":"product_brand","embeddable":true,"href":"https:\/\/congeladosdurango.com\/eus\/wp-json\/wp\/v2\/product_brand?post=3314"},{"taxonomy":"product_cat","embeddable":true,"href":"https:\/\/congeladosdurango.com\/eus\/wp-json\/wp\/v2\/product_cat?post=3314"},{"taxonomy":"product_tag","embeddable":true,"href":"https:\/\/congeladosdurango.com\/eus\/wp-json\/wp\/v2\/product_tag?post=3314"}],"curies":[{"name":"wp","href":"https:\/\/api.w.org\/{rel}","templated":true}]}}