{"id":3333,"date":"2024-11-15T07:17:56","date_gmt":"2024-11-15T07:17:56","guid":{"rendered":"https:\/\/congeladosdurango.com\/?post_type=product&#038;p=3333"},"modified":"2026-01-23T12:11:41","modified_gmt":"2026-01-23T12:11:41","slug":"naranja-ecologica-sevilla","status":"publish","type":"product","link":"https:\/\/congeladosdurango.com\/eus\/produktua\/naranja-ecologica-sevilla\/","title":{"rendered":"NARANJAS (SEVILLA)"},"content":{"rendered":"","protected":false},"excerpt":{"rendered":"<p>Las <strong>naranjas sevillanas<\/strong> son c\u00edtricos de piel gruesa y color naranja intenso, originarias de Sevilla, Espa\u00f1a.<br \/>\nDestacan por su sabor \u00e1cido y refrescante, m\u00e1s intenso que las naranjas dulces, y un aroma caracter\u00edstico muy fragante.<br \/>\nSe utilizan tanto en gastronom\u00eda para zumos, ensaladas y postres, como en reposter\u00eda y cocina tradicional.<br \/>\nSon ideales para aportar frescura y un toque c\u00edtrico en platos y bebidas.<\/p>\n<p>&nbsp;<\/p>\n<p>MALLA DE 5 KILOS 8\u20ac<\/p>","protected":false},"featured_media":3334,"template":"","meta":[],"product_brand":[],"product_cat":[56,47],"product_tag":[],"class_list":{"0":"post-3333","1":"product","2":"type-product","3":"status-publish","4":"has-post-thumbnail","6":"product_cat-helados-y-postres","7":"product_cat-verdura","9":"first","10":"instock","11":"shipping-taxable","12":"purchasable","13":"product-type-simple"},"yoast_head":"<!-- This site is optimized with the Yoast SEO plugin v27.3 - https:\/\/yoast.com\/product\/yoast-seo-wordpress\/ -->\n<title>NARANJAS (SEVILLA) - Congelados Durango<\/title>\n<meta name=\"robots\" content=\"index, follow, max-snippet:-1, max-image-preview:large, max-video-preview:-1\" \/>\n<link rel=\"canonical\" href=\"https:\/\/congeladosdurango.com\/eus\/producto\/naranja-ecologica-sevilla\/\" \/>\n<meta property=\"og:locale\" content=\"en_US\" \/>\n<meta property=\"og:type\" content=\"article\" \/>\n<meta property=\"og:title\" content=\"NARANJAS (SEVILLA) - Congelados Durango\" \/>\n<meta property=\"og:description\" content=\"Las naranjas sevillanas son c\u00edtricos de piel gruesa y color naranja intenso, originarias de Sevilla, Espa\u00f1a. Destacan por su sabor \u00e1cido y refrescante, m\u00e1s intenso que las naranjas dulces, y un aroma caracter\u00edstico muy fragante. Se utilizan tanto en gastronom\u00eda para zumos, ensaladas y postres, como en reposter\u00eda y cocina tradicional. Son ideales para aportar frescura y un toque c\u00edtrico en platos y bebidas.  &nbsp;  MALLA DE 5 KILOS 8\u20ac\" \/>\n<meta property=\"og:url\" content=\"https:\/\/congeladosdurango.com\/eus\/producto\/naranja-ecologica-sevilla\/\" \/>\n<meta property=\"og:site_name\" content=\"Congelados Durango\" \/>\n<meta property=\"article:modified_time\" content=\"2026-01-23T12:11:41+00:00\" \/>\n<meta property=\"og:image\" content=\"https:\/\/congeladosdurango.com\/wp-content\/uploads\/2024\/11\/IMG_20241115_081843.jpg\" \/>\n\t<meta property=\"og:image:width\" content=\"1080\" \/>\n\t<meta property=\"og:image:height\" content=\"957\" \/>\n\t<meta property=\"og:image:type\" content=\"image\/jpeg\" \/>\n<meta name=\"twitter:card\" content=\"summary_large_image\" \/>\n<meta name=\"twitter:label1\" content=\"Est. reading time\" \/>\n\t<meta name=\"twitter:data1\" content=\"1 minutua\" \/>\n<script type=\"application\/ld+json\" class=\"yoast-schema-graph\">{\"@context\":\"https:\\\/\\\/schema.org\",\"@graph\":[{\"@type\":\"WebPage\",\"@id\":\"https:\\\/\\\/congeladosdurango.com\\\/producto\\\/naranja-ecologica-sevilla\\\/\",\"url\":\"https:\\\/\\\/congeladosdurango.com\\\/producto\\\/naranja-ecologica-sevilla\\\/\",\"name\":\"NARANJAS (SEVILLA) - Congelados Durango\",\"isPartOf\":{\"@id\":\"https:\\\/\\\/congeladosdurango.com\\\/#website\"},\"primaryImageOfPage\":{\"@id\":\"https:\\\/\\\/congeladosdurango.com\\\/producto\\\/naranja-ecologica-sevilla\\\/#primaryimage\"},\"image\":{\"@id\":\"https:\\\/\\\/congeladosdurango.com\\\/producto\\\/naranja-ecologica-sevilla\\\/#primaryimage\"},\"thumbnailUrl\":\"https:\\\/\\\/congeladosdurango.com\\\/wp-content\\\/uploads\\\/2024\\\/11\\\/IMG_20241115_081843.jpg\",\"datePublished\":\"2024-11-15T07:17:56+00:00\",\"dateModified\":\"2026-01-23T12:11:41+00:00\",\"breadcrumb\":{\"@id\":\"https:\\\/\\\/congeladosdurango.com\\\/producto\\\/naranja-ecologica-sevilla\\\/#breadcrumb\"},\"inLanguage\":\"eu\",\"potentialAction\":[{\"@type\":\"ReadAction\",\"target\":[\"https:\\\/\\\/congeladosdurango.com\\\/producto\\\/naranja-ecologica-sevilla\\\/\"]}]},{\"@type\":\"ImageObject\",\"inLanguage\":\"eu\",\"@id\":\"https:\\\/\\\/congeladosdurango.com\\\/producto\\\/naranja-ecologica-sevilla\\\/#primaryimage\",\"url\":\"https:\\\/\\\/congeladosdurango.com\\\/wp-content\\\/uploads\\\/2024\\\/11\\\/IMG_20241115_081843.jpg\",\"contentUrl\":\"https:\\\/\\\/congeladosdurango.com\\\/wp-content\\\/uploads\\\/2024\\\/11\\\/IMG_20241115_081843.jpg\",\"width\":1080,\"height\":957,\"caption\":\"Oplus_131072\"},{\"@type\":\"BreadcrumbList\",\"@id\":\"https:\\\/\\\/congeladosdurango.com\\\/producto\\\/naranja-ecologica-sevilla\\\/#breadcrumb\",\"itemListElement\":[{\"@type\":\"ListItem\",\"position\":1,\"name\":\"Home\",\"item\":\"https:\\\/\\\/congeladosdurango.com\\\/\"},{\"@type\":\"ListItem\",\"position\":2,\"name\":\"Shop\",\"item\":\"https:\\\/\\\/congeladosdurango.com\\\/shop\\\/\"},{\"@type\":\"ListItem\",\"position\":3,\"name\":\"NARANJAS (SEVILLA)\"}]},{\"@type\":\"WebSite\",\"@id\":\"https:\\\/\\\/congeladosdurango.com\\\/#website\",\"url\":\"https:\\\/\\\/congeladosdurango.com\\\/\",\"name\":\"Congelados Durango\",\"description\":\"\",\"publisher\":{\"@id\":\"https:\\\/\\\/congeladosdurango.com\\\/#organization\"},\"potentialAction\":[{\"@type\":\"SearchAction\",\"target\":{\"@type\":\"EntryPoint\",\"urlTemplate\":\"https:\\\/\\\/congeladosdurango.com\\\/?s={search_term_string}\"},\"query-input\":{\"@type\":\"PropertyValueSpecification\",\"valueRequired\":true,\"valueName\":\"search_term_string\"}}],\"inLanguage\":\"eu\"},{\"@type\":\"Organization\",\"@id\":\"https:\\\/\\\/congeladosdurango.com\\\/#organization\",\"name\":\"Congelados Durango\",\"url\":\"https:\\\/\\\/congeladosdurango.com\\\/\",\"logo\":{\"@type\":\"ImageObject\",\"inLanguage\":\"eu\",\"@id\":\"https:\\\/\\\/congeladosdurango.com\\\/#\\\/schema\\\/logo\\\/image\\\/\",\"url\":\"https:\\\/\\\/congeladosdurango.com\\\/wp-content\\\/uploads\\\/2024\\\/03\\\/cropped-WhatsApp-Image-2024-02-05-at-10.32.16.jpeg\",\"contentUrl\":\"https:\\\/\\\/congeladosdurango.com\\\/wp-content\\\/uploads\\\/2024\\\/03\\\/cropped-WhatsApp-Image-2024-02-05-at-10.32.16.jpeg\",\"width\":2048,\"height\":680,\"caption\":\"Congelados Durango\"},\"image\":{\"@id\":\"https:\\\/\\\/congeladosdurango.com\\\/#\\\/schema\\\/logo\\\/image\\\/\"}}]}<\/script>\n<!-- \/ Yoast SEO plugin. -->","yoast_head_json":{"title":"NARANJAS (SEVILLA) - Congelados Durango","robots":{"index":"index","follow":"follow","max-snippet":"max-snippet:-1","max-image-preview":"max-image-preview:large","max-video-preview":"max-video-preview:-1"},"canonical":"https:\/\/congeladosdurango.com\/eus\/producto\/naranja-ecologica-sevilla\/","og_locale":"en_US","og_type":"article","og_title":"NARANJAS (SEVILLA) - Congelados Durango","og_description":"Las naranjas sevillanas son c\u00edtricos de piel gruesa y color naranja intenso, originarias de Sevilla, Espa\u00f1a. Destacan por su sabor \u00e1cido y refrescante, m\u00e1s intenso que las naranjas dulces, y un aroma caracter\u00edstico muy fragante. Se utilizan tanto en gastronom\u00eda para zumos, ensaladas y postres, como en reposter\u00eda y cocina tradicional. Son ideales para aportar frescura y un toque c\u00edtrico en platos y bebidas.  &nbsp;  MALLA DE 5 KILOS 8\u20ac","og_url":"https:\/\/congeladosdurango.com\/eus\/producto\/naranja-ecologica-sevilla\/","og_site_name":"Congelados Durango","article_modified_time":"2026-01-23T12:11:41+00:00","og_image":[{"width":1080,"height":957,"url":"https:\/\/congeladosdurango.com\/wp-content\/uploads\/2024\/11\/IMG_20241115_081843.jpg","type":"image\/jpeg"}],"twitter_card":"summary_large_image","twitter_misc":{"Est. reading time":"1 minutua"},"schema":{"@context":"https:\/\/schema.org","@graph":[{"@type":"WebPage","@id":"https:\/\/congeladosdurango.com\/producto\/naranja-ecologica-sevilla\/","url":"https:\/\/congeladosdurango.com\/producto\/naranja-ecologica-sevilla\/","name":"NARANJAS (SEVILLA) - Congelados Durango","isPartOf":{"@id":"https:\/\/congeladosdurango.com\/#website"},"primaryImageOfPage":{"@id":"https:\/\/congeladosdurango.com\/producto\/naranja-ecologica-sevilla\/#primaryimage"},"image":{"@id":"https:\/\/congeladosdurango.com\/producto\/naranja-ecologica-sevilla\/#primaryimage"},"thumbnailUrl":"https:\/\/congeladosdurango.com\/wp-content\/uploads\/2024\/11\/IMG_20241115_081843.jpg","datePublished":"2024-11-15T07:17:56+00:00","dateModified":"2026-01-23T12:11:41+00:00","breadcrumb":{"@id":"https:\/\/congeladosdurango.com\/producto\/naranja-ecologica-sevilla\/#breadcrumb"},"inLanguage":"eu","potentialAction":[{"@type":"ReadAction","target":["https:\/\/congeladosdurango.com\/producto\/naranja-ecologica-sevilla\/"]}]},{"@type":"ImageObject","inLanguage":"eu","@id":"https:\/\/congeladosdurango.com\/producto\/naranja-ecologica-sevilla\/#primaryimage","url":"https:\/\/congeladosdurango.com\/wp-content\/uploads\/2024\/11\/IMG_20241115_081843.jpg","contentUrl":"https:\/\/congeladosdurango.com\/wp-content\/uploads\/2024\/11\/IMG_20241115_081843.jpg","width":1080,"height":957,"caption":"Oplus_131072"},{"@type":"BreadcrumbList","@id":"https:\/\/congeladosdurango.com\/producto\/naranja-ecologica-sevilla\/#breadcrumb","itemListElement":[{"@type":"ListItem","position":1,"name":"Home","item":"https:\/\/congeladosdurango.com\/"},{"@type":"ListItem","position":2,"name":"Shop","item":"https:\/\/congeladosdurango.com\/shop\/"},{"@type":"ListItem","position":3,"name":"NARANJAS (SEVILLA)"}]},{"@type":"WebSite","@id":"https:\/\/congeladosdurango.com\/#website","url":"https:\/\/congeladosdurango.com\/","name":"Congelados Durango","description":"","publisher":{"@id":"https:\/\/congeladosdurango.com\/#organization"},"potentialAction":[{"@type":"SearchAction","target":{"@type":"EntryPoint","urlTemplate":"https:\/\/congeladosdurango.com\/?s={search_term_string}"},"query-input":{"@type":"PropertyValueSpecification","valueRequired":true,"valueName":"search_term_string"}}],"inLanguage":"eu"},{"@type":"Organization","@id":"https:\/\/congeladosdurango.com\/#organization","name":"Congelados Durango","url":"https:\/\/congeladosdurango.com\/","logo":{"@type":"ImageObject","inLanguage":"eu","@id":"https:\/\/congeladosdurango.com\/#\/schema\/logo\/image\/","url":"https:\/\/congeladosdurango.com\/wp-content\/uploads\/2024\/03\/cropped-WhatsApp-Image-2024-02-05-at-10.32.16.jpeg","contentUrl":"https:\/\/congeladosdurango.com\/wp-content\/uploads\/2024\/03\/cropped-WhatsApp-Image-2024-02-05-at-10.32.16.jpeg","width":2048,"height":680,"caption":"Congelados Durango"},"image":{"@id":"https:\/\/congeladosdurango.com\/#\/schema\/logo\/image\/"}}]}},"jetpack_sharing_enabled":true,"_links":{"self":[{"href":"https:\/\/congeladosdurango.com\/eus\/wp-json\/wp\/v2\/product\/3333","targetHints":{"allow":["GET"]}}],"collection":[{"href":"https:\/\/congeladosdurango.com\/eus\/wp-json\/wp\/v2\/product"}],"about":[{"href":"https:\/\/congeladosdurango.com\/eus\/wp-json\/wp\/v2\/types\/product"}],"wp:featuredmedia":[{"embeddable":true,"href":"https:\/\/congeladosdurango.com\/eus\/wp-json\/wp\/v2\/media\/3334"}],"wp:attachment":[{"href":"https:\/\/congeladosdurango.com\/eus\/wp-json\/wp\/v2\/media?parent=3333"}],"wp:term":[{"taxonomy":"product_brand","embeddable":true,"href":"https:\/\/congeladosdurango.com\/eus\/wp-json\/wp\/v2\/product_brand?post=3333"},{"taxonomy":"product_cat","embeddable":true,"href":"https:\/\/congeladosdurango.com\/eus\/wp-json\/wp\/v2\/product_cat?post=3333"},{"taxonomy":"product_tag","embeddable":true,"href":"https:\/\/congeladosdurango.com\/eus\/wp-json\/wp\/v2\/product_tag?post=3333"}],"curies":[{"name":"wp","href":"https:\/\/api.w.org\/{rel}","templated":true}]}}