{"id":3416,"date":"2024-12-07T10:54:37","date_gmt":"2024-12-07T10:54:37","guid":{"rendered":"https:\/\/congeladosdurango.com\/?post_type=product&#038;p=3416"},"modified":"2026-01-23T12:10:54","modified_gmt":"2026-01-23T12:10:54","slug":"cigala-escocia-11-15","status":"publish","type":"product","link":"https:\/\/congeladosdurango.com\/eus\/produktua\/cigala-escocia-11-15\/","title":{"rendered":"CIGALA ESCOCIA 11\/15"},"content":{"rendered":"","protected":false},"excerpt":{"rendered":"<p>La <strong>cigala de Escocia<\/strong> (<em>Nephrops norvegicus<\/em>), tambi\u00e9n conocida como <strong>langostino noruego o Norway lobster<\/strong>, es un crust\u00e1ceo muy valorado en gastronom\u00eda. Vive en fondos arenosos y fangosos del Atl\u00e1ntico Norte, especialmente en aguas fr\u00edas escocesas. Su carne es blanca, firme y muy sabrosa, ideal para preparar a la plancha, cocida o en guisos. Destaca por su tama\u00f1o uniforme, frescura y calidad premium en el mercado europeo.<\/p>\n<p>PRECIO KILO CAJA 1,500gr\u00a0 52,80\u20ac<\/p>","protected":false},"featured_media":3417,"template":"","meta":[],"product_brand":[],"product_cat":[48,68],"product_tag":[],"class_list":{"0":"post-3416","1":"product","2":"type-product","3":"status-publish","4":"has-post-thumbnail","6":"product_cat-marisco","7":"product_cat-marisco-crudo","9":"first","10":"instock","11":"shipping-taxable","12":"purchasable","13":"product-type-simple"},"yoast_head":"<!-- This site is optimized with the Yoast SEO plugin v27.5 - https:\/\/yoast.com\/product\/yoast-seo-wordpress\/ -->\n<title>CIGALA ESCOCIA 11\/15 - Congelados Durango<\/title>\n<meta name=\"robots\" content=\"index, follow, max-snippet:-1, max-image-preview:large, max-video-preview:-1\" \/>\n<link rel=\"canonical\" href=\"https:\/\/congeladosdurango.com\/eus\/produktua\/cigala-escocia-11-15\/\" \/>\n<meta property=\"og:locale\" content=\"en_US\" \/>\n<meta property=\"og:type\" content=\"article\" \/>\n<meta property=\"og:title\" content=\"CIGALA ESCOCIA 11\/15 - Congelados Durango\" \/>\n<meta property=\"og:description\" content=\"La cigala de Escocia (Nephrops norvegicus), tambi\u00e9n conocida como langostino noruego o Norway lobster, es un crust\u00e1ceo muy valorado en gastronom\u00eda. Vive en fondos arenosos y fangosos del Atl\u00e1ntico Norte, especialmente en aguas fr\u00edas escocesas. Su carne es blanca, firme y muy sabrosa, ideal para preparar a la plancha, cocida o en guisos. Destaca por su tama\u00f1o uniforme, frescura y calidad premium en el mercado europeo.  PRECIO KILO CAJA 1,500gr\u00a0 52,80\u20ac\" \/>\n<meta property=\"og:url\" content=\"https:\/\/congeladosdurango.com\/eus\/produktua\/cigala-escocia-11-15\/\" \/>\n<meta property=\"og:site_name\" content=\"Congelados Durango\" \/>\n<meta property=\"article:modified_time\" content=\"2026-01-23T12:10:54+00:00\" \/>\n<meta property=\"og:image\" content=\"https:\/\/congeladosdurango.com\/wp-content\/uploads\/2024\/12\/IMG_20241207_113834-1.jpg\" \/>\n\t<meta property=\"og:image:width\" content=\"1080\" \/>\n\t<meta property=\"og:image:height\" content=\"1105\" \/>\n\t<meta property=\"og:image:type\" content=\"image\/jpeg\" \/>\n<meta name=\"twitter:card\" content=\"summary_large_image\" \/>\n<meta name=\"twitter:label1\" content=\"Est. reading time\" \/>\n\t<meta name=\"twitter:data1\" content=\"1 minutua\" \/>\n<script type=\"application\/ld+json\" class=\"yoast-schema-graph\">{\"@context\":\"https:\\\/\\\/schema.org\",\"@graph\":[{\"@type\":\"WebPage\",\"@id\":\"https:\\\/\\\/congeladosdurango.com\\\/producto\\\/cigala-escocia-11-15\\\/\",\"url\":\"https:\\\/\\\/congeladosdurango.com\\\/producto\\\/cigala-escocia-11-15\\\/\",\"name\":\"CIGALA ESCOCIA 11\\\/15 - Congelados Durango\",\"isPartOf\":{\"@id\":\"https:\\\/\\\/congeladosdurango.com\\\/#website\"},\"primaryImageOfPage\":{\"@id\":\"https:\\\/\\\/congeladosdurango.com\\\/producto\\\/cigala-escocia-11-15\\\/#primaryimage\"},\"image\":{\"@id\":\"https:\\\/\\\/congeladosdurango.com\\\/producto\\\/cigala-escocia-11-15\\\/#primaryimage\"},\"thumbnailUrl\":\"https:\\\/\\\/congeladosdurango.com\\\/wp-content\\\/uploads\\\/2024\\\/12\\\/IMG_20241207_113834-1.jpg\",\"datePublished\":\"2024-12-07T10:54:37+00:00\",\"dateModified\":\"2026-01-23T12:10:54+00:00\",\"breadcrumb\":{\"@id\":\"https:\\\/\\\/congeladosdurango.com\\\/producto\\\/cigala-escocia-11-15\\\/#breadcrumb\"},\"inLanguage\":\"eu\",\"potentialAction\":[{\"@type\":\"ReadAction\",\"target\":[\"https:\\\/\\\/congeladosdurango.com\\\/producto\\\/cigala-escocia-11-15\\\/\"]}]},{\"@type\":\"ImageObject\",\"inLanguage\":\"eu\",\"@id\":\"https:\\\/\\\/congeladosdurango.com\\\/producto\\\/cigala-escocia-11-15\\\/#primaryimage\",\"url\":\"https:\\\/\\\/congeladosdurango.com\\\/wp-content\\\/uploads\\\/2024\\\/12\\\/IMG_20241207_113834-1.jpg\",\"contentUrl\":\"https:\\\/\\\/congeladosdurango.com\\\/wp-content\\\/uploads\\\/2024\\\/12\\\/IMG_20241207_113834-1.jpg\",\"width\":1080,\"height\":1105,\"caption\":\"Oplus_131072\"},{\"@type\":\"BreadcrumbList\",\"@id\":\"https:\\\/\\\/congeladosdurango.com\\\/producto\\\/cigala-escocia-11-15\\\/#breadcrumb\",\"itemListElement\":[{\"@type\":\"ListItem\",\"position\":1,\"name\":\"Home\",\"item\":\"https:\\\/\\\/congeladosdurango.com\\\/\"},{\"@type\":\"ListItem\",\"position\":2,\"name\":\"Shop\",\"item\":\"https:\\\/\\\/congeladosdurango.com\\\/shop\\\/\"},{\"@type\":\"ListItem\",\"position\":3,\"name\":\"CIGALA ESCOCIA 11\\\/15\"}]},{\"@type\":\"WebSite\",\"@id\":\"https:\\\/\\\/congeladosdurango.com\\\/#website\",\"url\":\"https:\\\/\\\/congeladosdurango.com\\\/\",\"name\":\"Congelados Durango\",\"description\":\"\",\"publisher\":{\"@id\":\"https:\\\/\\\/congeladosdurango.com\\\/#organization\"},\"potentialAction\":[{\"@type\":\"SearchAction\",\"target\":{\"@type\":\"EntryPoint\",\"urlTemplate\":\"https:\\\/\\\/congeladosdurango.com\\\/?s={search_term_string}\"},\"query-input\":{\"@type\":\"PropertyValueSpecification\",\"valueRequired\":true,\"valueName\":\"search_term_string\"}}],\"inLanguage\":\"eu\"},{\"@type\":\"Organization\",\"@id\":\"https:\\\/\\\/congeladosdurango.com\\\/#organization\",\"name\":\"Congelados Durango\",\"url\":\"https:\\\/\\\/congeladosdurango.com\\\/\",\"logo\":{\"@type\":\"ImageObject\",\"inLanguage\":\"eu\",\"@id\":\"https:\\\/\\\/congeladosdurango.com\\\/#\\\/schema\\\/logo\\\/image\\\/\",\"url\":\"https:\\\/\\\/congeladosdurango.com\\\/wp-content\\\/uploads\\\/2024\\\/03\\\/cropped-WhatsApp-Image-2024-02-05-at-10.32.16.jpeg\",\"contentUrl\":\"https:\\\/\\\/congeladosdurango.com\\\/wp-content\\\/uploads\\\/2024\\\/03\\\/cropped-WhatsApp-Image-2024-02-05-at-10.32.16.jpeg\",\"width\":2048,\"height\":680,\"caption\":\"Congelados Durango\"},\"image\":{\"@id\":\"https:\\\/\\\/congeladosdurango.com\\\/#\\\/schema\\\/logo\\\/image\\\/\"}}]}<\/script>\n<!-- \/ Yoast SEO plugin. -->","yoast_head_json":{"title":"CIGALA ESCOCIA 11\/15 - Congelados Durango","robots":{"index":"index","follow":"follow","max-snippet":"max-snippet:-1","max-image-preview":"max-image-preview:large","max-video-preview":"max-video-preview:-1"},"canonical":"https:\/\/congeladosdurango.com\/eus\/produktua\/cigala-escocia-11-15\/","og_locale":"en_US","og_type":"article","og_title":"CIGALA ESCOCIA 11\/15 - Congelados Durango","og_description":"La cigala de Escocia (Nephrops norvegicus), tambi\u00e9n conocida como langostino noruego o Norway lobster, es un crust\u00e1ceo muy valorado en gastronom\u00eda. Vive en fondos arenosos y fangosos del Atl\u00e1ntico Norte, especialmente en aguas fr\u00edas escocesas. Su carne es blanca, firme y muy sabrosa, ideal para preparar a la plancha, cocida o en guisos. Destaca por su tama\u00f1o uniforme, frescura y calidad premium en el mercado europeo.  PRECIO KILO CAJA 1,500gr\u00a0 52,80\u20ac","og_url":"https:\/\/congeladosdurango.com\/eus\/produktua\/cigala-escocia-11-15\/","og_site_name":"Congelados Durango","article_modified_time":"2026-01-23T12:10:54+00:00","og_image":[{"width":1080,"height":1105,"url":"https:\/\/congeladosdurango.com\/wp-content\/uploads\/2024\/12\/IMG_20241207_113834-1.jpg","type":"image\/jpeg"}],"twitter_card":"summary_large_image","twitter_misc":{"Est. reading time":"1 minutua"},"schema":{"@context":"https:\/\/schema.org","@graph":[{"@type":"WebPage","@id":"https:\/\/congeladosdurango.com\/producto\/cigala-escocia-11-15\/","url":"https:\/\/congeladosdurango.com\/producto\/cigala-escocia-11-15\/","name":"CIGALA ESCOCIA 11\/15 - Congelados Durango","isPartOf":{"@id":"https:\/\/congeladosdurango.com\/#website"},"primaryImageOfPage":{"@id":"https:\/\/congeladosdurango.com\/producto\/cigala-escocia-11-15\/#primaryimage"},"image":{"@id":"https:\/\/congeladosdurango.com\/producto\/cigala-escocia-11-15\/#primaryimage"},"thumbnailUrl":"https:\/\/congeladosdurango.com\/wp-content\/uploads\/2024\/12\/IMG_20241207_113834-1.jpg","datePublished":"2024-12-07T10:54:37+00:00","dateModified":"2026-01-23T12:10:54+00:00","breadcrumb":{"@id":"https:\/\/congeladosdurango.com\/producto\/cigala-escocia-11-15\/#breadcrumb"},"inLanguage":"eu","potentialAction":[{"@type":"ReadAction","target":["https:\/\/congeladosdurango.com\/producto\/cigala-escocia-11-15\/"]}]},{"@type":"ImageObject","inLanguage":"eu","@id":"https:\/\/congeladosdurango.com\/producto\/cigala-escocia-11-15\/#primaryimage","url":"https:\/\/congeladosdurango.com\/wp-content\/uploads\/2024\/12\/IMG_20241207_113834-1.jpg","contentUrl":"https:\/\/congeladosdurango.com\/wp-content\/uploads\/2024\/12\/IMG_20241207_113834-1.jpg","width":1080,"height":1105,"caption":"Oplus_131072"},{"@type":"BreadcrumbList","@id":"https:\/\/congeladosdurango.com\/producto\/cigala-escocia-11-15\/#breadcrumb","itemListElement":[{"@type":"ListItem","position":1,"name":"Home","item":"https:\/\/congeladosdurango.com\/"},{"@type":"ListItem","position":2,"name":"Shop","item":"https:\/\/congeladosdurango.com\/shop\/"},{"@type":"ListItem","position":3,"name":"CIGALA ESCOCIA 11\/15"}]},{"@type":"WebSite","@id":"https:\/\/congeladosdurango.com\/#website","url":"https:\/\/congeladosdurango.com\/","name":"Congelados Durango","description":"","publisher":{"@id":"https:\/\/congeladosdurango.com\/#organization"},"potentialAction":[{"@type":"SearchAction","target":{"@type":"EntryPoint","urlTemplate":"https:\/\/congeladosdurango.com\/?s={search_term_string}"},"query-input":{"@type":"PropertyValueSpecification","valueRequired":true,"valueName":"search_term_string"}}],"inLanguage":"eu"},{"@type":"Organization","@id":"https:\/\/congeladosdurango.com\/#organization","name":"Congelados Durango","url":"https:\/\/congeladosdurango.com\/","logo":{"@type":"ImageObject","inLanguage":"eu","@id":"https:\/\/congeladosdurango.com\/#\/schema\/logo\/image\/","url":"https:\/\/congeladosdurango.com\/wp-content\/uploads\/2024\/03\/cropped-WhatsApp-Image-2024-02-05-at-10.32.16.jpeg","contentUrl":"https:\/\/congeladosdurango.com\/wp-content\/uploads\/2024\/03\/cropped-WhatsApp-Image-2024-02-05-at-10.32.16.jpeg","width":2048,"height":680,"caption":"Congelados Durango"},"image":{"@id":"https:\/\/congeladosdurango.com\/#\/schema\/logo\/image\/"}}]}},"jetpack_sharing_enabled":true,"_links":{"self":[{"href":"https:\/\/congeladosdurango.com\/eus\/wp-json\/wp\/v2\/product\/3416","targetHints":{"allow":["GET"]}}],"collection":[{"href":"https:\/\/congeladosdurango.com\/eus\/wp-json\/wp\/v2\/product"}],"about":[{"href":"https:\/\/congeladosdurango.com\/eus\/wp-json\/wp\/v2\/types\/product"}],"wp:featuredmedia":[{"embeddable":true,"href":"https:\/\/congeladosdurango.com\/eus\/wp-json\/wp\/v2\/media\/3417"}],"wp:attachment":[{"href":"https:\/\/congeladosdurango.com\/eus\/wp-json\/wp\/v2\/media?parent=3416"}],"wp:term":[{"taxonomy":"product_brand","embeddable":true,"href":"https:\/\/congeladosdurango.com\/eus\/wp-json\/wp\/v2\/product_brand?post=3416"},{"taxonomy":"product_cat","embeddable":true,"href":"https:\/\/congeladosdurango.com\/eus\/wp-json\/wp\/v2\/product_cat?post=3416"},{"taxonomy":"product_tag","embeddable":true,"href":"https:\/\/congeladosdurango.com\/eus\/wp-json\/wp\/v2\/product_tag?post=3416"}],"curies":[{"name":"wp","href":"https:\/\/api.w.org\/{rel}","templated":true}]}}