{"id":3455,"date":"2025-02-01T09:53:18","date_gmt":"2025-02-01T09:53:18","guid":{"rendered":"https:\/\/congeladosdurango.com\/?post_type=product&#038;p=3455"},"modified":"2026-01-23T12:10:53","modified_gmt":"2026-01-23T12:10:53","slug":"tarta-sacher","status":"publish","type":"product","link":"https:\/\/congeladosdurango.com\/eus\/produktua\/tarta-sacher\/","title":{"rendered":"TARTA SACHER"},"content":{"rendered":"","protected":false},"excerpt":{"rendered":"<p>La <strong>Tarta Sacher<\/strong> es un cl\u00e1sico postre de la pasteler\u00eda vienesa, reconocido mundialmente.<br \/>\nSe elabora con bizcocho de chocolate suave y denso, intercalado con una fina capa de mermelada de albaricoque.<br \/>\nSu cobertura es de chocolate brillante, que le aporta un acabado elegante y apetitoso.<br \/>\nSe suele acompa\u00f1ar con nata montada para equilibrar su intensidad chocolatera.<br \/>\nUn postre sofisticado que combina textura, sabor intenso y tradici\u00f3n hist\u00f3rica en cada porci\u00f3n.<\/p>\n<p>PRECIO UNIDAD<\/p>","protected":false},"featured_media":3456,"template":"","meta":[],"product_brand":[],"product_cat":[56,82],"product_tag":[],"class_list":{"0":"post-3455","1":"product","2":"type-product","3":"status-publish","4":"has-post-thumbnail","6":"product_cat-helados-y-postres","7":"product_cat-tartas","9":"first","10":"instock","11":"shipping-taxable","12":"purchasable","13":"product-type-simple"},"yoast_head":"<!-- This site is optimized with the Yoast SEO plugin v27.3 - https:\/\/yoast.com\/product\/yoast-seo-wordpress\/ -->\n<title>TARTA SACHER - Congelados Durango<\/title>\n<meta name=\"robots\" content=\"index, follow, max-snippet:-1, max-image-preview:large, max-video-preview:-1\" \/>\n<link rel=\"canonical\" href=\"https:\/\/congeladosdurango.com\/eus\/producto\/tarta-sacher\/\" \/>\n<meta property=\"og:locale\" content=\"en_US\" \/>\n<meta property=\"og:type\" content=\"article\" \/>\n<meta property=\"og:title\" content=\"TARTA SACHER - Congelados Durango\" \/>\n<meta property=\"og:description\" content=\"La Tarta Sacher es un cl\u00e1sico postre de la pasteler\u00eda vienesa, reconocido mundialmente. Se elabora con bizcocho de chocolate suave y denso, intercalado con una fina capa de mermelada de albaricoque. Su cobertura es de chocolate brillante, que le aporta un acabado elegante y apetitoso. Se suele acompa\u00f1ar con nata montada para equilibrar su intensidad chocolatera. Un postre sofisticado que combina textura, sabor intenso y tradici\u00f3n hist\u00f3rica en cada porci\u00f3n.  PRECIO UNIDAD\" \/>\n<meta property=\"og:url\" content=\"https:\/\/congeladosdurango.com\/eus\/producto\/tarta-sacher\/\" \/>\n<meta property=\"og:site_name\" content=\"Congelados Durango\" \/>\n<meta property=\"article:modified_time\" content=\"2026-01-23T12:10:53+00:00\" \/>\n<meta property=\"og:image\" content=\"https:\/\/congeladosdurango.com\/wp-content\/uploads\/2025\/02\/IMG_20250201_104634.jpg\" \/>\n\t<meta property=\"og:image:width\" content=\"883\" \/>\n\t<meta property=\"og:image:height\" content=\"676\" \/>\n\t<meta property=\"og:image:type\" content=\"image\/jpeg\" \/>\n<meta name=\"twitter:card\" content=\"summary_large_image\" \/>\n<meta name=\"twitter:label1\" content=\"Est. reading time\" \/>\n\t<meta name=\"twitter:data1\" content=\"1 minutua\" \/>\n<script type=\"application\/ld+json\" class=\"yoast-schema-graph\">{\"@context\":\"https:\\\/\\\/schema.org\",\"@graph\":[{\"@type\":\"WebPage\",\"@id\":\"https:\\\/\\\/congeladosdurango.com\\\/producto\\\/tarta-sacher\\\/\",\"url\":\"https:\\\/\\\/congeladosdurango.com\\\/producto\\\/tarta-sacher\\\/\",\"name\":\"TARTA SACHER - Congelados Durango\",\"isPartOf\":{\"@id\":\"https:\\\/\\\/congeladosdurango.com\\\/#website\"},\"primaryImageOfPage\":{\"@id\":\"https:\\\/\\\/congeladosdurango.com\\\/producto\\\/tarta-sacher\\\/#primaryimage\"},\"image\":{\"@id\":\"https:\\\/\\\/congeladosdurango.com\\\/producto\\\/tarta-sacher\\\/#primaryimage\"},\"thumbnailUrl\":\"https:\\\/\\\/congeladosdurango.com\\\/wp-content\\\/uploads\\\/2025\\\/02\\\/IMG_20250201_104634.jpg\",\"datePublished\":\"2025-02-01T09:53:18+00:00\",\"dateModified\":\"2026-01-23T12:10:53+00:00\",\"breadcrumb\":{\"@id\":\"https:\\\/\\\/congeladosdurango.com\\\/producto\\\/tarta-sacher\\\/#breadcrumb\"},\"inLanguage\":\"eu\",\"potentialAction\":[{\"@type\":\"ReadAction\",\"target\":[\"https:\\\/\\\/congeladosdurango.com\\\/producto\\\/tarta-sacher\\\/\"]}]},{\"@type\":\"ImageObject\",\"inLanguage\":\"eu\",\"@id\":\"https:\\\/\\\/congeladosdurango.com\\\/producto\\\/tarta-sacher\\\/#primaryimage\",\"url\":\"https:\\\/\\\/congeladosdurango.com\\\/wp-content\\\/uploads\\\/2025\\\/02\\\/IMG_20250201_104634.jpg\",\"contentUrl\":\"https:\\\/\\\/congeladosdurango.com\\\/wp-content\\\/uploads\\\/2025\\\/02\\\/IMG_20250201_104634.jpg\",\"width\":883,\"height\":676,\"caption\":\"Oplus_131072\"},{\"@type\":\"BreadcrumbList\",\"@id\":\"https:\\\/\\\/congeladosdurango.com\\\/producto\\\/tarta-sacher\\\/#breadcrumb\",\"itemListElement\":[{\"@type\":\"ListItem\",\"position\":1,\"name\":\"Home\",\"item\":\"https:\\\/\\\/congeladosdurango.com\\\/\"},{\"@type\":\"ListItem\",\"position\":2,\"name\":\"Shop\",\"item\":\"https:\\\/\\\/congeladosdurango.com\\\/shop\\\/\"},{\"@type\":\"ListItem\",\"position\":3,\"name\":\"TARTA SACHER\"}]},{\"@type\":\"WebSite\",\"@id\":\"https:\\\/\\\/congeladosdurango.com\\\/#website\",\"url\":\"https:\\\/\\\/congeladosdurango.com\\\/\",\"name\":\"Congelados Durango\",\"description\":\"\",\"publisher\":{\"@id\":\"https:\\\/\\\/congeladosdurango.com\\\/#organization\"},\"potentialAction\":[{\"@type\":\"SearchAction\",\"target\":{\"@type\":\"EntryPoint\",\"urlTemplate\":\"https:\\\/\\\/congeladosdurango.com\\\/?s={search_term_string}\"},\"query-input\":{\"@type\":\"PropertyValueSpecification\",\"valueRequired\":true,\"valueName\":\"search_term_string\"}}],\"inLanguage\":\"eu\"},{\"@type\":\"Organization\",\"@id\":\"https:\\\/\\\/congeladosdurango.com\\\/#organization\",\"name\":\"Congelados Durango\",\"url\":\"https:\\\/\\\/congeladosdurango.com\\\/\",\"logo\":{\"@type\":\"ImageObject\",\"inLanguage\":\"eu\",\"@id\":\"https:\\\/\\\/congeladosdurango.com\\\/#\\\/schema\\\/logo\\\/image\\\/\",\"url\":\"https:\\\/\\\/congeladosdurango.com\\\/wp-content\\\/uploads\\\/2024\\\/03\\\/cropped-WhatsApp-Image-2024-02-05-at-10.32.16.jpeg\",\"contentUrl\":\"https:\\\/\\\/congeladosdurango.com\\\/wp-content\\\/uploads\\\/2024\\\/03\\\/cropped-WhatsApp-Image-2024-02-05-at-10.32.16.jpeg\",\"width\":2048,\"height\":680,\"caption\":\"Congelados Durango\"},\"image\":{\"@id\":\"https:\\\/\\\/congeladosdurango.com\\\/#\\\/schema\\\/logo\\\/image\\\/\"}}]}<\/script>\n<!-- \/ Yoast SEO plugin. -->","yoast_head_json":{"title":"TARTA SACHER - Congelados Durango","robots":{"index":"index","follow":"follow","max-snippet":"max-snippet:-1","max-image-preview":"max-image-preview:large","max-video-preview":"max-video-preview:-1"},"canonical":"https:\/\/congeladosdurango.com\/eus\/producto\/tarta-sacher\/","og_locale":"en_US","og_type":"article","og_title":"TARTA SACHER - Congelados Durango","og_description":"La Tarta Sacher es un cl\u00e1sico postre de la pasteler\u00eda vienesa, reconocido mundialmente. Se elabora con bizcocho de chocolate suave y denso, intercalado con una fina capa de mermelada de albaricoque. Su cobertura es de chocolate brillante, que le aporta un acabado elegante y apetitoso. Se suele acompa\u00f1ar con nata montada para equilibrar su intensidad chocolatera. Un postre sofisticado que combina textura, sabor intenso y tradici\u00f3n hist\u00f3rica en cada porci\u00f3n.  PRECIO UNIDAD","og_url":"https:\/\/congeladosdurango.com\/eus\/producto\/tarta-sacher\/","og_site_name":"Congelados Durango","article_modified_time":"2026-01-23T12:10:53+00:00","og_image":[{"width":883,"height":676,"url":"https:\/\/congeladosdurango.com\/wp-content\/uploads\/2025\/02\/IMG_20250201_104634.jpg","type":"image\/jpeg"}],"twitter_card":"summary_large_image","twitter_misc":{"Est. reading time":"1 minutua"},"schema":{"@context":"https:\/\/schema.org","@graph":[{"@type":"WebPage","@id":"https:\/\/congeladosdurango.com\/producto\/tarta-sacher\/","url":"https:\/\/congeladosdurango.com\/producto\/tarta-sacher\/","name":"TARTA SACHER - Congelados Durango","isPartOf":{"@id":"https:\/\/congeladosdurango.com\/#website"},"primaryImageOfPage":{"@id":"https:\/\/congeladosdurango.com\/producto\/tarta-sacher\/#primaryimage"},"image":{"@id":"https:\/\/congeladosdurango.com\/producto\/tarta-sacher\/#primaryimage"},"thumbnailUrl":"https:\/\/congeladosdurango.com\/wp-content\/uploads\/2025\/02\/IMG_20250201_104634.jpg","datePublished":"2025-02-01T09:53:18+00:00","dateModified":"2026-01-23T12:10:53+00:00","breadcrumb":{"@id":"https:\/\/congeladosdurango.com\/producto\/tarta-sacher\/#breadcrumb"},"inLanguage":"eu","potentialAction":[{"@type":"ReadAction","target":["https:\/\/congeladosdurango.com\/producto\/tarta-sacher\/"]}]},{"@type":"ImageObject","inLanguage":"eu","@id":"https:\/\/congeladosdurango.com\/producto\/tarta-sacher\/#primaryimage","url":"https:\/\/congeladosdurango.com\/wp-content\/uploads\/2025\/02\/IMG_20250201_104634.jpg","contentUrl":"https:\/\/congeladosdurango.com\/wp-content\/uploads\/2025\/02\/IMG_20250201_104634.jpg","width":883,"height":676,"caption":"Oplus_131072"},{"@type":"BreadcrumbList","@id":"https:\/\/congeladosdurango.com\/producto\/tarta-sacher\/#breadcrumb","itemListElement":[{"@type":"ListItem","position":1,"name":"Home","item":"https:\/\/congeladosdurango.com\/"},{"@type":"ListItem","position":2,"name":"Shop","item":"https:\/\/congeladosdurango.com\/shop\/"},{"@type":"ListItem","position":3,"name":"TARTA SACHER"}]},{"@type":"WebSite","@id":"https:\/\/congeladosdurango.com\/#website","url":"https:\/\/congeladosdurango.com\/","name":"Congelados Durango","description":"","publisher":{"@id":"https:\/\/congeladosdurango.com\/#organization"},"potentialAction":[{"@type":"SearchAction","target":{"@type":"EntryPoint","urlTemplate":"https:\/\/congeladosdurango.com\/?s={search_term_string}"},"query-input":{"@type":"PropertyValueSpecification","valueRequired":true,"valueName":"search_term_string"}}],"inLanguage":"eu"},{"@type":"Organization","@id":"https:\/\/congeladosdurango.com\/#organization","name":"Congelados Durango","url":"https:\/\/congeladosdurango.com\/","logo":{"@type":"ImageObject","inLanguage":"eu","@id":"https:\/\/congeladosdurango.com\/#\/schema\/logo\/image\/","url":"https:\/\/congeladosdurango.com\/wp-content\/uploads\/2024\/03\/cropped-WhatsApp-Image-2024-02-05-at-10.32.16.jpeg","contentUrl":"https:\/\/congeladosdurango.com\/wp-content\/uploads\/2024\/03\/cropped-WhatsApp-Image-2024-02-05-at-10.32.16.jpeg","width":2048,"height":680,"caption":"Congelados Durango"},"image":{"@id":"https:\/\/congeladosdurango.com\/#\/schema\/logo\/image\/"}}]}},"jetpack_sharing_enabled":true,"_links":{"self":[{"href":"https:\/\/congeladosdurango.com\/eus\/wp-json\/wp\/v2\/product\/3455","targetHints":{"allow":["GET"]}}],"collection":[{"href":"https:\/\/congeladosdurango.com\/eus\/wp-json\/wp\/v2\/product"}],"about":[{"href":"https:\/\/congeladosdurango.com\/eus\/wp-json\/wp\/v2\/types\/product"}],"wp:featuredmedia":[{"embeddable":true,"href":"https:\/\/congeladosdurango.com\/eus\/wp-json\/wp\/v2\/media\/3456"}],"wp:attachment":[{"href":"https:\/\/congeladosdurango.com\/eus\/wp-json\/wp\/v2\/media?parent=3455"}],"wp:term":[{"taxonomy":"product_brand","embeddable":true,"href":"https:\/\/congeladosdurango.com\/eus\/wp-json\/wp\/v2\/product_brand?post=3455"},{"taxonomy":"product_cat","embeddable":true,"href":"https:\/\/congeladosdurango.com\/eus\/wp-json\/wp\/v2\/product_cat?post=3455"},{"taxonomy":"product_tag","embeddable":true,"href":"https:\/\/congeladosdurango.com\/eus\/wp-json\/wp\/v2\/product_tag?post=3455"}],"curies":[{"name":"wp","href":"https:\/\/api.w.org\/{rel}","templated":true}]}}