{"id":3520,"date":"2025-09-07T07:14:16","date_gmt":"2025-09-07T07:14:16","guid":{"rendered":"https:\/\/congeladosdurango.com\/?post_type=product&#038;p=3520"},"modified":"2026-01-23T12:10:53","modified_gmt":"2026-01-23T12:10:53","slug":"presa-iberica","status":"publish","type":"product","link":"https:\/\/congeladosdurango.com\/eus\/produktua\/presa-iberica\/","title":{"rendered":"PRESA IBERICA"},"content":{"rendered":"","protected":false},"excerpt":{"rendered":"<p>La <strong>presa ib\u00e9rica<\/strong> es un corte selecto del cerdo ib\u00e9rico, situado entre la paleta y el lomo.<br \/>\nSe caracteriza por su intenso veteado de grasa infiltrada, que le aporta jugosidad y sabor \u00fanico.<br \/>\nAl cocinarse, mantiene una textura tierna y suave, con un aroma inconfundible.<br \/>\nEs muy vers\u00e1til: puede prepararse a la plancha, a la brasa o al horno.<br \/>\nUn producto gourmet, emblema de la gastronom\u00eda espa\u00f1ola, ideal para los paladares m\u00e1s exigentes.<\/p>\n<p>&nbsp;<\/p>\n<p>PRECIO KILO<\/p>","protected":false},"featured_media":3521,"template":"","meta":[],"product_brand":[],"product_cat":[80],"product_tag":[],"class_list":{"0":"post-3520","1":"product","2":"type-product","3":"status-publish","4":"has-post-thumbnail","6":"product_cat-carnes","8":"first","9":"instock","10":"shipping-taxable","11":"purchasable","12":"product-type-simple"},"yoast_head":"<!-- This site is optimized with the Yoast SEO plugin v27.3 - https:\/\/yoast.com\/product\/yoast-seo-wordpress\/ -->\n<title>PRESA IBERICA - Congelados Durango<\/title>\n<meta name=\"robots\" content=\"index, follow, max-snippet:-1, max-image-preview:large, max-video-preview:-1\" \/>\n<link rel=\"canonical\" href=\"https:\/\/congeladosdurango.com\/eus\/producto\/presa-iberica\/\" \/>\n<meta property=\"og:locale\" content=\"en_US\" \/>\n<meta property=\"og:type\" content=\"article\" \/>\n<meta property=\"og:title\" content=\"PRESA IBERICA - Congelados Durango\" \/>\n<meta property=\"og:description\" content=\"La presa ib\u00e9rica es un corte selecto del cerdo ib\u00e9rico, situado entre la paleta y el lomo. Se caracteriza por su intenso veteado de grasa infiltrada, que le aporta jugosidad y sabor \u00fanico. Al cocinarse, mantiene una textura tierna y suave, con un aroma inconfundible. Es muy vers\u00e1til: puede prepararse a la plancha, a la brasa o al horno. Un producto gourmet, emblema de la gastronom\u00eda espa\u00f1ola, ideal para los paladares m\u00e1s exigentes.  &nbsp;  PRECIO KILO\" \/>\n<meta property=\"og:url\" content=\"https:\/\/congeladosdurango.com\/eus\/producto\/presa-iberica\/\" \/>\n<meta property=\"og:site_name\" content=\"Congelados Durango\" \/>\n<meta property=\"article:modified_time\" content=\"2026-01-23T12:10:53+00:00\" \/>\n<meta property=\"og:image\" content=\"https:\/\/congeladosdurango.com\/wp-content\/uploads\/2025\/09\/IMG_20250907_090811.jpg\" \/>\n\t<meta property=\"og:image:width\" content=\"1080\" \/>\n\t<meta property=\"og:image:height\" content=\"694\" \/>\n\t<meta property=\"og:image:type\" content=\"image\/jpeg\" \/>\n<meta name=\"twitter:card\" content=\"summary_large_image\" \/>\n<meta name=\"twitter:label1\" content=\"Est. reading time\" \/>\n\t<meta name=\"twitter:data1\" content=\"1 minutua\" \/>\n<script type=\"application\/ld+json\" class=\"yoast-schema-graph\">{\"@context\":\"https:\\\/\\\/schema.org\",\"@graph\":[{\"@type\":\"WebPage\",\"@id\":\"https:\\\/\\\/congeladosdurango.com\\\/producto\\\/presa-iberica\\\/\",\"url\":\"https:\\\/\\\/congeladosdurango.com\\\/producto\\\/presa-iberica\\\/\",\"name\":\"PRESA IBERICA - Congelados Durango\",\"isPartOf\":{\"@id\":\"https:\\\/\\\/congeladosdurango.com\\\/#website\"},\"primaryImageOfPage\":{\"@id\":\"https:\\\/\\\/congeladosdurango.com\\\/producto\\\/presa-iberica\\\/#primaryimage\"},\"image\":{\"@id\":\"https:\\\/\\\/congeladosdurango.com\\\/producto\\\/presa-iberica\\\/#primaryimage\"},\"thumbnailUrl\":\"https:\\\/\\\/congeladosdurango.com\\\/wp-content\\\/uploads\\\/2025\\\/09\\\/IMG_20250907_090811.jpg\",\"datePublished\":\"2025-09-07T07:14:16+00:00\",\"dateModified\":\"2026-01-23T12:10:53+00:00\",\"breadcrumb\":{\"@id\":\"https:\\\/\\\/congeladosdurango.com\\\/producto\\\/presa-iberica\\\/#breadcrumb\"},\"inLanguage\":\"eu\",\"potentialAction\":[{\"@type\":\"ReadAction\",\"target\":[\"https:\\\/\\\/congeladosdurango.com\\\/producto\\\/presa-iberica\\\/\"]}]},{\"@type\":\"ImageObject\",\"inLanguage\":\"eu\",\"@id\":\"https:\\\/\\\/congeladosdurango.com\\\/producto\\\/presa-iberica\\\/#primaryimage\",\"url\":\"https:\\\/\\\/congeladosdurango.com\\\/wp-content\\\/uploads\\\/2025\\\/09\\\/IMG_20250907_090811.jpg\",\"contentUrl\":\"https:\\\/\\\/congeladosdurango.com\\\/wp-content\\\/uploads\\\/2025\\\/09\\\/IMG_20250907_090811.jpg\",\"width\":1080,\"height\":694,\"caption\":\"Oplus_131072\"},{\"@type\":\"BreadcrumbList\",\"@id\":\"https:\\\/\\\/congeladosdurango.com\\\/producto\\\/presa-iberica\\\/#breadcrumb\",\"itemListElement\":[{\"@type\":\"ListItem\",\"position\":1,\"name\":\"Home\",\"item\":\"https:\\\/\\\/congeladosdurango.com\\\/\"},{\"@type\":\"ListItem\",\"position\":2,\"name\":\"Shop\",\"item\":\"https:\\\/\\\/congeladosdurango.com\\\/shop\\\/\"},{\"@type\":\"ListItem\",\"position\":3,\"name\":\"PRESA IBERICA\"}]},{\"@type\":\"WebSite\",\"@id\":\"https:\\\/\\\/congeladosdurango.com\\\/#website\",\"url\":\"https:\\\/\\\/congeladosdurango.com\\\/\",\"name\":\"Congelados Durango\",\"description\":\"\",\"publisher\":{\"@id\":\"https:\\\/\\\/congeladosdurango.com\\\/#organization\"},\"potentialAction\":[{\"@type\":\"SearchAction\",\"target\":{\"@type\":\"EntryPoint\",\"urlTemplate\":\"https:\\\/\\\/congeladosdurango.com\\\/?s={search_term_string}\"},\"query-input\":{\"@type\":\"PropertyValueSpecification\",\"valueRequired\":true,\"valueName\":\"search_term_string\"}}],\"inLanguage\":\"eu\"},{\"@type\":\"Organization\",\"@id\":\"https:\\\/\\\/congeladosdurango.com\\\/#organization\",\"name\":\"Congelados Durango\",\"url\":\"https:\\\/\\\/congeladosdurango.com\\\/\",\"logo\":{\"@type\":\"ImageObject\",\"inLanguage\":\"eu\",\"@id\":\"https:\\\/\\\/congeladosdurango.com\\\/#\\\/schema\\\/logo\\\/image\\\/\",\"url\":\"https:\\\/\\\/congeladosdurango.com\\\/wp-content\\\/uploads\\\/2024\\\/03\\\/cropped-WhatsApp-Image-2024-02-05-at-10.32.16.jpeg\",\"contentUrl\":\"https:\\\/\\\/congeladosdurango.com\\\/wp-content\\\/uploads\\\/2024\\\/03\\\/cropped-WhatsApp-Image-2024-02-05-at-10.32.16.jpeg\",\"width\":2048,\"height\":680,\"caption\":\"Congelados Durango\"},\"image\":{\"@id\":\"https:\\\/\\\/congeladosdurango.com\\\/#\\\/schema\\\/logo\\\/image\\\/\"}}]}<\/script>\n<!-- \/ Yoast SEO plugin. -->","yoast_head_json":{"title":"PRESA IBERICA - Congelados Durango","robots":{"index":"index","follow":"follow","max-snippet":"max-snippet:-1","max-image-preview":"max-image-preview:large","max-video-preview":"max-video-preview:-1"},"canonical":"https:\/\/congeladosdurango.com\/eus\/producto\/presa-iberica\/","og_locale":"en_US","og_type":"article","og_title":"PRESA IBERICA - Congelados Durango","og_description":"La presa ib\u00e9rica es un corte selecto del cerdo ib\u00e9rico, situado entre la paleta y el lomo. Se caracteriza por su intenso veteado de grasa infiltrada, que le aporta jugosidad y sabor \u00fanico. Al cocinarse, mantiene una textura tierna y suave, con un aroma inconfundible. Es muy vers\u00e1til: puede prepararse a la plancha, a la brasa o al horno. Un producto gourmet, emblema de la gastronom\u00eda espa\u00f1ola, ideal para los paladares m\u00e1s exigentes.  &nbsp;  PRECIO KILO","og_url":"https:\/\/congeladosdurango.com\/eus\/producto\/presa-iberica\/","og_site_name":"Congelados Durango","article_modified_time":"2026-01-23T12:10:53+00:00","og_image":[{"width":1080,"height":694,"url":"https:\/\/congeladosdurango.com\/wp-content\/uploads\/2025\/09\/IMG_20250907_090811.jpg","type":"image\/jpeg"}],"twitter_card":"summary_large_image","twitter_misc":{"Est. reading time":"1 minutua"},"schema":{"@context":"https:\/\/schema.org","@graph":[{"@type":"WebPage","@id":"https:\/\/congeladosdurango.com\/producto\/presa-iberica\/","url":"https:\/\/congeladosdurango.com\/producto\/presa-iberica\/","name":"PRESA IBERICA - Congelados Durango","isPartOf":{"@id":"https:\/\/congeladosdurango.com\/#website"},"primaryImageOfPage":{"@id":"https:\/\/congeladosdurango.com\/producto\/presa-iberica\/#primaryimage"},"image":{"@id":"https:\/\/congeladosdurango.com\/producto\/presa-iberica\/#primaryimage"},"thumbnailUrl":"https:\/\/congeladosdurango.com\/wp-content\/uploads\/2025\/09\/IMG_20250907_090811.jpg","datePublished":"2025-09-07T07:14:16+00:00","dateModified":"2026-01-23T12:10:53+00:00","breadcrumb":{"@id":"https:\/\/congeladosdurango.com\/producto\/presa-iberica\/#breadcrumb"},"inLanguage":"eu","potentialAction":[{"@type":"ReadAction","target":["https:\/\/congeladosdurango.com\/producto\/presa-iberica\/"]}]},{"@type":"ImageObject","inLanguage":"eu","@id":"https:\/\/congeladosdurango.com\/producto\/presa-iberica\/#primaryimage","url":"https:\/\/congeladosdurango.com\/wp-content\/uploads\/2025\/09\/IMG_20250907_090811.jpg","contentUrl":"https:\/\/congeladosdurango.com\/wp-content\/uploads\/2025\/09\/IMG_20250907_090811.jpg","width":1080,"height":694,"caption":"Oplus_131072"},{"@type":"BreadcrumbList","@id":"https:\/\/congeladosdurango.com\/producto\/presa-iberica\/#breadcrumb","itemListElement":[{"@type":"ListItem","position":1,"name":"Home","item":"https:\/\/congeladosdurango.com\/"},{"@type":"ListItem","position":2,"name":"Shop","item":"https:\/\/congeladosdurango.com\/shop\/"},{"@type":"ListItem","position":3,"name":"PRESA IBERICA"}]},{"@type":"WebSite","@id":"https:\/\/congeladosdurango.com\/#website","url":"https:\/\/congeladosdurango.com\/","name":"Congelados Durango","description":"","publisher":{"@id":"https:\/\/congeladosdurango.com\/#organization"},"potentialAction":[{"@type":"SearchAction","target":{"@type":"EntryPoint","urlTemplate":"https:\/\/congeladosdurango.com\/?s={search_term_string}"},"query-input":{"@type":"PropertyValueSpecification","valueRequired":true,"valueName":"search_term_string"}}],"inLanguage":"eu"},{"@type":"Organization","@id":"https:\/\/congeladosdurango.com\/#organization","name":"Congelados Durango","url":"https:\/\/congeladosdurango.com\/","logo":{"@type":"ImageObject","inLanguage":"eu","@id":"https:\/\/congeladosdurango.com\/#\/schema\/logo\/image\/","url":"https:\/\/congeladosdurango.com\/wp-content\/uploads\/2024\/03\/cropped-WhatsApp-Image-2024-02-05-at-10.32.16.jpeg","contentUrl":"https:\/\/congeladosdurango.com\/wp-content\/uploads\/2024\/03\/cropped-WhatsApp-Image-2024-02-05-at-10.32.16.jpeg","width":2048,"height":680,"caption":"Congelados Durango"},"image":{"@id":"https:\/\/congeladosdurango.com\/#\/schema\/logo\/image\/"}}]}},"jetpack_sharing_enabled":true,"_links":{"self":[{"href":"https:\/\/congeladosdurango.com\/eus\/wp-json\/wp\/v2\/product\/3520","targetHints":{"allow":["GET"]}}],"collection":[{"href":"https:\/\/congeladosdurango.com\/eus\/wp-json\/wp\/v2\/product"}],"about":[{"href":"https:\/\/congeladosdurango.com\/eus\/wp-json\/wp\/v2\/types\/product"}],"wp:featuredmedia":[{"embeddable":true,"href":"https:\/\/congeladosdurango.com\/eus\/wp-json\/wp\/v2\/media\/3521"}],"wp:attachment":[{"href":"https:\/\/congeladosdurango.com\/eus\/wp-json\/wp\/v2\/media?parent=3520"}],"wp:term":[{"taxonomy":"product_brand","embeddable":true,"href":"https:\/\/congeladosdurango.com\/eus\/wp-json\/wp\/v2\/product_brand?post=3520"},{"taxonomy":"product_cat","embeddable":true,"href":"https:\/\/congeladosdurango.com\/eus\/wp-json\/wp\/v2\/product_cat?post=3520"},{"taxonomy":"product_tag","embeddable":true,"href":"https:\/\/congeladosdurango.com\/eus\/wp-json\/wp\/v2\/product_tag?post=3520"}],"curies":[{"name":"wp","href":"https:\/\/api.w.org\/{rel}","templated":true}]}}